{"id":107693,"date":"2024-09-11T13:58:33","date_gmt":"2024-09-11T12:58:33","guid":{"rendered":"https:\/\/maspicagnol.com\/news\/business-meetings-and-seminars-at-mas-picagnol-in-ceret-an-ideal-setting-in-occitanie\/"},"modified":"2024-10-13T20:36:21","modified_gmt":"2024-10-13T20:36:21","slug":"business-meetings-and-seminars-at-mas-picagnol-in-ceret-an-ideal-setting-in-occitanie","status":"publish","type":"page","link":"https:\/\/maspicagnol.com\/en\/news\/business-meetings-and-seminars-at-mas-picagnol-in-ceret-an-ideal-setting-in-occitanie\/","title":{"rendered":"Business meetings and seminars at Mas Picagnol in C\u00e9ret &#8211; An ideal setting in Occitanie"},"content":{"rendered":"\t\t<div data-elementor-type=\"wp-page\" data-elementor-id=\"107693\" class=\"elementor elementor-107693 elementor-102872\" data-elementor-post-type=\"page\">\n\t\t\t\t<div class=\"elementor-element elementor-element-6410d75 e-flex e-con-boxed e-con e-parent\" data-id=\"6410d75\" data-element_type=\"container\">\n\t\t\t\t\t<div class=\"e-con-inner\">\n\t\t\t\t<div class=\"elementor-element elementor-element-877d61f elementor-widget elementor-widget-heading\" data-id=\"877d61f\" data-element_type=\"widget\" data-widget_type=\"heading.default\">\n\t\t\t\t<div class=\"elementor-widget-container\">\n\t\t\t<h1 class=\"elementor-heading-title elementor-size-default\">Business meetings and seminars at Mas Picagnol in C\u00e9ret<\/h1>\t\t<\/div>\n\t\t\t\t<\/div>\n\t\t\t\t\t<\/div>\n\t\t\t\t<\/div>\n\t\t<div class=\"elementor-element elementor-element-d1a385d e-flex e-con-boxed e-con e-parent\" data-id=\"d1a385d\" data-element_type=\"container\">\n\t\t\t\t\t<div class=\"e-con-inner\">\n\t\t\t\t<div class=\"elementor-element elementor-element-10df084 elementor-widget elementor-widget-heading\" data-id=\"10df084\" data-element_type=\"widget\" data-widget_type=\"heading.default\">\n\t\t\t\t<div class=\"elementor-widget-container\">\n\t\t\t<h2 class=\"elementor-heading-title elementor-size-default\">A natural setting for inspiring company meetings<\/h2>\t\t<\/div>\n\t\t\t\t<\/div>\n\t\t\t\t<div class=\"elementor-element elementor-element-abb144b elementor-widget elementor-widget-text-editor\" data-id=\"abb144b\" data-element_type=\"widget\" data-widget_type=\"text-editor.default\">\n\t\t\t\t<div class=\"elementor-widget-container\">\n\t\t\t\t\t\t\t<p><span style=\"font-weight: 400;\">Mas Picagnol, located in Oms, near C\u00e9ret in the Pyr\u00e9n\u00e9es Orientales, offers a unique setting for organizing business meetings and professional seminars.<br \/>\nIn the heart of nature, this authentic and serene place allows your teams to recharge their batteries while focusing on their goals.<br \/>\nWhether for a strategic meeting, a training seminar, or a team-building workshop, Mas Picagnol combines comfort, tranquility and inspiration.  <\/span><\/p>\n\t\t\t\t\t\t<\/div>\n\t\t\t\t<\/div>\n\t\t\t\t<div class=\"elementor-element elementor-element-02970ce elementor-widget elementor-widget-heading\" data-id=\"02970ce\" data-element_type=\"widget\" data-widget_type=\"heading.default\">\n\t\t\t\t<div class=\"elementor-widget-container\">\n\t\t\t<h2 class=\"elementor-heading-title elementor-size-default\">Spacious cottages to accommodate your teams<\/h2>\t\t<\/div>\n\t\t\t\t<\/div>\n\t\t\t\t<div class=\"elementor-element elementor-element-a35fcea elementor-widget elementor-widget-text-editor\" data-id=\"a35fcea\" data-element_type=\"widget\" data-widget_type=\"text-editor.default\">\n\t\t\t\t<div class=\"elementor-widget-container\">\n\t\t\t\t\t\t\t<p><span style=\"font-weight: 400;\">With a capacity of up to 28 people, Mas Picagnol offers spacious and comfortable cottages to accommodate your employees.<br \/>\nEach g\u00eete is equipped with a private terrace, a modern kitchen and common areas conducive to exchanges.<br \/>\nAfter a productive day&#8217;s work, your teams will be able to relax in a natural and soothing setting.  <\/span><\/p>\n\t\t\t\t\t\t<\/div>\n\t\t\t\t<\/div>\n\t\t\t\t<div class=\"elementor-element elementor-element-88d25a2 elementor-widget elementor-widget-image\" data-id=\"88d25a2\" data-element_type=\"widget\" data-widget_type=\"image.default\">\n\t\t\t\t<div class=\"elementor-widget-container\">\n\t\t\t\t\t\t\t\t\t\t\t\t\t<img fetchpriority=\"high\" decoding=\"async\" width=\"2048\" height=\"1536\" src=\"https:\/\/maspicagnol.com\/wp-content\/uploads\/2024\/03\/IMG_2689.jpeg\" class=\"attachment-full size-full wp-image-3764\" alt=\"Mas Picagnol - s\u00e9minaire perpignan\" srcset=\"https:\/\/maspicagnol.com\/wp-content\/uploads\/2024\/03\/IMG_2689.jpeg 2048w, https:\/\/maspicagnol.com\/wp-content\/uploads\/2024\/03\/IMG_2689-600x450.jpeg 600w, https:\/\/maspicagnol.com\/wp-content\/uploads\/2024\/03\/IMG_2689-300x225.jpeg 300w, https:\/\/maspicagnol.com\/wp-content\/uploads\/2024\/03\/IMG_2689-768x576.jpeg 768w, https:\/\/maspicagnol.com\/wp-content\/uploads\/2024\/03\/IMG_2689-1536x1152.jpeg 1536w\" sizes=\"(max-width: 2048px) 100vw, 2048px\" \/>\t\t\t\t\t\t\t\t\t\t\t\t\t<\/div>\n\t\t\t\t<\/div>\n\t\t\t\t<div class=\"elementor-element elementor-element-8de8af1 elementor-widget elementor-widget-heading\" data-id=\"8de8af1\" data-element_type=\"widget\" data-widget_type=\"heading.default\">\n\t\t\t\t<div class=\"elementor-widget-container\">\n\t\t\t<h2 class=\"elementor-heading-title elementor-size-default\">Equipped meeting room for your seminars at Mas Picagnol<\/h2>\t\t<\/div>\n\t\t\t\t<\/div>\n\t\t\t\t<div class=\"elementor-element elementor-element-c7c5e07 elementor-widget elementor-widget-text-editor\" data-id=\"c7c5e07\" data-element_type=\"widget\" data-widget_type=\"text-editor.default\">\n\t\t\t\t<div class=\"elementor-widget-container\">\n\t\t\t\t\t\t\t<p><span style=\"font-weight: 400;\">Mas Picagnol also has the Clematis room, perfectly equipped to host professional meetings and seminars.<br \/>\nThis bright and spacious room is equipped with a sound system, an overhead projector, and a projection screen, offering you everything you need for effective presentations.<br \/>\nThe warm and vintage setting of the Clematis room adds a touch of authenticity to your professional events.  <\/span><\/p>\n\t\t\t\t\t\t<\/div>\n\t\t\t\t<\/div>\n\t\t\t\t<div class=\"elementor-element elementor-element-9b12328 elementor-widget elementor-widget-heading\" data-id=\"9b12328\" data-element_type=\"widget\" data-widget_type=\"heading.default\">\n\t\t\t\t<div class=\"elementor-widget-container\">\n\t\t\t<h2 class=\"elementor-heading-title elementor-size-default\">Team-building activities in an exceptional setting<\/h2>\t\t<\/div>\n\t\t\t\t<\/div>\n\t\t\t\t<div class=\"elementor-element elementor-element-1831ef4 elementor-widget elementor-widget-text-editor\" data-id=\"1831ef4\" data-element_type=\"widget\" data-widget_type=\"text-editor.default\">\n\t\t\t\t<div class=\"elementor-widget-container\">\n\t\t\t\t\t\t\t<p><span style=\"font-weight: 400;\">Mas Picagnol, located in Oms, is the ideal place to organize team-building activities in a natural environment.<br \/>\nBetween two work sessions, your teams will be able to enjoy the swimming pool, the petanque court, or take part in hikes in the surrounding area.<br \/>\nThe proximity of C\u00e9ret and its cultural riches also makes it possible to organise company outings, thus strengthening the cohesion and motivation of the participants.  <\/span><\/p>\n\t\t\t\t\t\t<\/div>\n\t\t\t\t<\/div>\n\t\t\t\t<div class=\"elementor-element elementor-element-1054415 elementor-widget elementor-widget-image\" data-id=\"1054415\" data-element_type=\"widget\" data-widget_type=\"image.default\">\n\t\t\t\t<div class=\"elementor-widget-container\">\n\t\t\t\t\t\t\t\t\t\t\t\t\t<img decoding=\"async\" width=\"1500\" height=\"1916\" src=\"https:\/\/maspicagnol.com\/wp-content\/uploads\/2024\/05\/208910-1.jpg\" class=\"attachment-full size-full wp-image-8598\" alt=\"Mas picagnol s\u00e9minaire perpignan\" srcset=\"https:\/\/maspicagnol.com\/wp-content\/uploads\/2024\/05\/208910-1.jpg 1500w, https:\/\/maspicagnol.com\/wp-content\/uploads\/2024\/05\/208910-1-235x300.jpg 235w, https:\/\/maspicagnol.com\/wp-content\/uploads\/2024\/05\/208910-1-768x981.jpg 768w, https:\/\/maspicagnol.com\/wp-content\/uploads\/2024\/05\/208910-1-1203x1536.jpg 1203w, https:\/\/maspicagnol.com\/wp-content\/uploads\/2024\/05\/208910-1-600x766.jpg 600w\" sizes=\"(max-width: 1500px) 100vw, 1500px\" \/>\t\t\t\t\t\t\t\t\t\t\t\t\t<\/div>\n\t\t\t\t<\/div>\n\t\t\t\t<div class=\"elementor-element elementor-element-ab49107 elementor-widget elementor-widget-heading\" data-id=\"ab49107\" data-element_type=\"widget\" data-widget_type=\"heading.default\">\n\t\t\t\t<div class=\"elementor-widget-container\">\n\t\t\t<h2 class=\"elementor-heading-title elementor-size-default\">Tailor-made services for your corporate events<\/h2>\t\t<\/div>\n\t\t\t\t<\/div>\n\t\t\t\t<div class=\"elementor-element elementor-element-4770403 elementor-widget elementor-widget-text-editor\" data-id=\"4770403\" data-element_type=\"widget\" data-widget_type=\"text-editor.default\">\n\t\t\t\t<div class=\"elementor-widget-container\">\n\t\t\t\t\t\t\t<p><span style=\"font-weight: 400;\">To make your meetings and seminars a success, Mas Picagnol offers personalized services to meet your needs.<br \/>\nWhether it&#8217;s for the organisation of meals, with the possibility of calling on local caterers such as the Relais de l&#8217;Orme in Oms, or the management of coffee breaks, we take care of everything so that you can fully concentrate on your event.<br \/>\nOur cottages and workspaces are suitable for any type of professional event.  <\/span><\/p>\n\t\t\t\t\t\t<\/div>\n\t\t\t\t<\/div>\n\t\t\t\t<div class=\"elementor-element elementor-element-5da5f43 elementor-widget elementor-widget-heading\" data-id=\"5da5f43\" data-element_type=\"widget\" data-widget_type=\"heading.default\">\n\t\t\t\t<div class=\"elementor-widget-container\">\n\t\t\t<h2 class=\"elementor-heading-title elementor-size-default\">Book your seminar or meeting at Mas Picagnol today<\/h2>\t\t<\/div>\n\t\t\t\t<\/div>\n\t\t\t\t<div class=\"elementor-element elementor-element-0f135af elementor-widget elementor-widget-text-editor\" data-id=\"0f135af\" data-element_type=\"widget\" data-widget_type=\"text-editor.default\">\n\t\t\t\t<div class=\"elementor-widget-container\">\n\t\t\t\t\t\t\t<p><span style=\"font-weight: 400;\">Mas Picagnol is the ideal place to organise your business meetings or seminars in the Pyr\u00e9n\u00e9es Orientales, close to C\u00e9ret and Perpignan.<br \/>\nWith its spacious g\u00eetes, professional facilities and natural setting, your events will be both productive and enjoyable.<br \/>\nContact us today to book and plan your next event at Mas Picagnol.  <\/span><\/p>\n\t\t\t\t\t\t<\/div>\n\t\t\t\t<\/div>\n\t\t\t\t\t<\/div>\n\t\t\t\t<\/div>\n\t\t\t\t<\/div>\n\t\t","protected":false},"excerpt":{"rendered":"<p>Business meetings and seminars at Mas Picagnol in C\u00e9ret A natural setting for inspiring company meetings Mas Picagnol, located in Oms, near C\u00e9ret in the Pyr\u00e9n\u00e9es Orientales, offers a unique setting for organizing business meetings and professional seminars. In the heart of nature, this authentic and serene place allows your teams to recharge their batteries [&hellip;]<\/p>\n","protected":false},"author":2,"featured_media":0,"parent":67003,"menu_order":0,"comment_status":"closed","ping_status":"closed","template":"","meta":{"om_disable_all_campaigns":false,"_monsterinsights_skip_tracking":false,"_monsterinsights_sitenote_active":false,"_monsterinsights_sitenote_note":"","_monsterinsights_sitenote_category":0,"_uf_show_specific_survey":0,"_uf_disable_surveys":false,"footnotes":""},"folder":[],"class_list":["post-107693","page","type-page","status-publish","hentry"],"aioseo_notices":[],"_links":{"self":[{"href":"https:\/\/maspicagnol.com\/en\/wp-json\/wp\/v2\/pages\/107693","targetHints":{"allow":["GET"]}}],"collection":[{"href":"https:\/\/maspicagnol.com\/en\/wp-json\/wp\/v2\/pages"}],"about":[{"href":"https:\/\/maspicagnol.com\/en\/wp-json\/wp\/v2\/types\/page"}],"author":[{"embeddable":true,"href":"https:\/\/maspicagnol.com\/en\/wp-json\/wp\/v2\/users\/2"}],"replies":[{"embeddable":true,"href":"https:\/\/maspicagnol.com\/en\/wp-json\/wp\/v2\/comments?post=107693"}],"version-history":[{"count":2,"href":"https:\/\/maspicagnol.com\/en\/wp-json\/wp\/v2\/pages\/107693\/revisions"}],"predecessor-version":[{"id":166143,"href":"https:\/\/maspicagnol.com\/en\/wp-json\/wp\/v2\/pages\/107693\/revisions\/166143"}],"up":[{"embeddable":true,"href":"https:\/\/maspicagnol.com\/en\/wp-json\/wp\/v2\/pages\/67003"}],"wp:attachment":[{"href":"https:\/\/maspicagnol.com\/en\/wp-json\/wp\/v2\/media?parent=107693"}],"wp:term":[{"taxonomy":"folder","embeddable":true,"href":"https:\/\/maspicagnol.com\/en\/wp-json\/wp\/v2\/folder?post=107693"}],"curies":[{"name":"wp","href":"https:\/\/api.w.org\/{rel}","templated":true}]}}