{"id":107661,"date":"2024-09-11T12:29:12","date_gmt":"2024-09-11T11:29:12","guid":{"rendered":"https:\/\/maspicagnol.com\/the-gites-2024\/"},"modified":"2025-03-13T17:52:27","modified_gmt":"2025-03-13T16:52:27","slug":"the-gites-2024","status":"publish","type":"page","link":"https:\/\/maspicagnol.com\/en\/the-gites-2024\/","title":{"rendered":"The G\u00eetes 2024"},"content":{"rendered":"\t\t<div data-elementor-type=\"wp-page\" data-elementor-id=\"107661\" class=\"elementor elementor-107661 elementor-92109\" data-elementor-post-type=\"page\">\n\t\t\t\t<div class=\"elementor-element elementor-element-e369bf0 e-flex e-con-boxed e-con e-parent\" data-id=\"e369bf0\" data-element_type=\"container\" data-settings=\"{&quot;background_background&quot;:&quot;classic&quot;}\">\n\t\t\t\t\t<div class=\"e-con-inner\">\n\t\t<div class=\"elementor-element elementor-element-97ce70d e-con-full e-flex e-con e-child\" data-id=\"97ce70d\" data-element_type=\"container\" data-settings=\"{&quot;background_background&quot;:&quot;classic&quot;}\">\n\t\t\t\t<div class=\"elementor-element elementor-element-e9be128 elementor-widget elementor-widget-heading\" data-id=\"e9be128\" data-element_type=\"widget\" data-widget_type=\"heading.default\">\n\t\t\t\t<div class=\"elementor-widget-container\">\n\t\t\t<h1 class=\"elementor-heading-title elementor-size-default\">Discover our cottages at Mas Picagnol  <\/h1>\t\t<\/div>\n\t\t\t\t<\/div>\n\t\t\t\t<div class=\"elementor-element elementor-element-7cbc2bb elementor-widget elementor-widget-text-editor\" data-id=\"7cbc2bb\" data-element_type=\"widget\" data-widget_type=\"text-editor.default\">\n\t\t\t\t<div class=\"elementor-widget-container\">\n\t\t\t\t\t\t\t<p class=\"p1\"><b>Stay in a charming cottage in the heart of the Pyr\u00e9n\u00e9es Orientales<\/b><\/p>\n\t\t\t\t\t\t<\/div>\n\t\t\t\t<\/div>\n\t\t\t\t<\/div>\n\t\t\t\t\t<\/div>\n\t\t\t\t<\/div>\n\t\t<div class=\"elementor-element elementor-element-c94ac1d e-flex e-con-boxed e-con e-parent\" data-id=\"c94ac1d\" data-element_type=\"container\">\n\t\t\t\t\t<div class=\"e-con-inner\">\n\t\t\t\t<div class=\"elementor-element elementor-element-1a56395 elementor-widget elementor-widget-heading\" data-id=\"1a56395\" data-element_type=\"widget\" data-widget_type=\"heading.default\">\n\t\t\t\t<div class=\"elementor-widget-container\">\n\t\t\t<h2 class=\"elementor-heading-title elementor-size-default\">Comfortable accommodation in the heart of the Pyr\u00e9n\u00e9es Orientales, near C\u00e9ret<\/h2>\t\t<\/div>\n\t\t\t\t<\/div>\n\t\t\t\t<div class=\"elementor-element elementor-element-946f279 elementor-widget elementor-widget-text-editor\" data-id=\"946f279\" data-element_type=\"widget\" data-widget_type=\"text-editor.default\">\n\t\t\t\t<div class=\"elementor-widget-container\">\n\t\t\t\t\t\t\t<p>Welcome to Mas Picagnol, where each cottage offers you a unique experience, in perfect harmony with the surrounding nature.<br \/>\nLocated near <b>C\u00e9ret<\/b>, our estate offers comfortable and authentic accommodation, ideal for <b>holidays with family<\/b>, friends or to celebrate special events.<br \/>\nWhether you are looking for a <b>group cottage<\/b> in <b>Occitanie<\/b> or a <b>cottage with a swimming pool<\/b>, we have the accommodation you need.  <\/p>\n\t\t\t\t\t\t<\/div>\n\t\t\t\t<\/div>\n\t\t\t\t\t<\/div>\n\t\t\t\t<\/div>\n\t\t<div class=\"elementor-element elementor-element-053fcb1 e-flex e-con-boxed e-con e-parent\" data-id=\"053fcb1\" data-element_type=\"container\">\n\t\t\t\t\t<div class=\"e-con-inner\">\n\t\t\t\t<div class=\"elementor-element elementor-element-3b6851e elementor-widget elementor-widget-heading\" data-id=\"3b6851e\" data-element_type=\"widget\" data-widget_type=\"heading.default\">\n\t\t\t\t<div class=\"elementor-widget-container\">\n\t\t\t<h2 class=\"elementor-heading-title elementor-size-default\">Cottages for 4 People<\/h2>\t\t<\/div>\n\t\t\t\t<\/div>\n\t\t\t\t<div class=\"elementor-element elementor-element-7cd69fb elementor-widget elementor-widget-text-editor\" data-id=\"7cd69fb\" data-element_type=\"widget\" data-widget_type=\"text-editor.default\">\n\t\t\t\t<div class=\"elementor-widget-container\">\n\t\t\t\t\t\t\t<p class=\"p1\">At Mas Picagnol, we offer four cottages designed to accommodate up to 4 people, perfect for holidays with family or friends.<br \/>\nNestled in an exceptional natural setting, our cottages offer a unique blend of modern comfort and authentic charm.<br \/>\nEach cottage is carefully arranged to offer total privacy, while allowing you to enjoy a spectacular view of the landscapes of the Pyr\u00e9n\u00e9es Orientales.  <\/p>\n\t\t\t\t\t\t<\/div>\n\t\t\t\t<\/div>\n\t\t\t\t<div class=\"elementor-element elementor-element-5fb568c elementor-widget elementor-widget-text-editor\" data-id=\"5fb568c\" data-element_type=\"widget\" data-widget_type=\"text-editor.default\">\n\t\t\t\t<div class=\"elementor-widget-container\">\n\t\t\t\t\t\t\t<p class=\"p1\">Each g\u00eete has two comfortable bedrooms, a fully equipped kitchen and a warm living area, ideal for relaxing moments indoors.<br \/>\nEach unit also has a private terrace, perfect for alfresco dining, relaxing in the sun or admiring panoramic views of the village of Oms and the surrounding nature. <\/p>\n\t\t\t\t\t\t<\/div>\n\t\t\t\t<\/div>\n\t\t\t\t\t<\/div>\n\t\t\t\t<\/div>\n\t\t<div class=\"elementor-element elementor-element-afea9ce e-con-full e-flex e-con e-parent\" data-id=\"afea9ce\" data-element_type=\"container\" data-settings=\"{&quot;background_background&quot;:&quot;classic&quot;}\">\n\t\t<div class=\"elementor-element elementor-element-ab3609b e-con-full e-flex e-con e-child\" data-id=\"ab3609b\" data-element_type=\"container\" data-settings=\"{&quot;background_background&quot;:&quot;slideshow&quot;,&quot;background_slideshow_gallery&quot;:[{&quot;id&quot;:47168,&quot;url&quot;:&quot;https:\\\/\\\/maspicagnol.com\\\/wp-content\\\/uploads\\\/2024\\\/07\\\/salon-olivier.jpg&quot;}],&quot;background_slideshow_loop&quot;:&quot;yes&quot;,&quot;background_slideshow_slide_duration&quot;:5000,&quot;background_slideshow_slide_transition&quot;:&quot;fade&quot;,&quot;background_slideshow_transition_duration&quot;:500}\">\n\t\t\t\t<\/div>\n\t\t<div class=\"elementor-element elementor-element-ae55435 e-con-full e-flex e-con e-child\" data-id=\"ae55435\" data-element_type=\"container\">\n\t\t\t\t<div class=\"elementor-element elementor-element-0ac4130 elementor-widget elementor-widget-heading\" data-id=\"0ac4130\" data-element_type=\"widget\" data-widget_type=\"heading.default\">\n\t\t\t\t<div class=\"elementor-widget-container\">\n\t\t\t<h4 class=\"elementor-heading-title elementor-size-default\">G\u00eete Olivier<\/h4>\t\t<\/div>\n\t\t\t\t<\/div>\n\t\t\t\t<div class=\"elementor-element elementor-element-2d7316a elementor-widget__width-initial elementor-widget elementor-widget-text-editor\" data-id=\"2d7316a\" data-element_type=\"widget\" data-widget_type=\"text-editor.default\">\n\t\t\t\t<div class=\"elementor-widget-container\">\n\t\t\t\t\t\t\t<p class=\"p2\">The G\u00eete Olivier welcomes you to a picturesque getaway that combines tradition and modernity.<br \/>\nEnjoy an exceptional panoramic view, a warm atmosphere and comfortable equipment that make this cottage an ideal place for an enchanted interlude, whether you come as a couple, with family or friends. <\/p>\n\t\t\t\t\t\t<\/div>\n\t\t\t\t<\/div>\n\t\t\t\t<div class=\"elementor-element elementor-element-5fc8fc6 elementor-widget elementor-widget-button\" data-id=\"5fc8fc6\" data-element_type=\"widget\" data-widget_type=\"button.default\">\n\t\t\t\t<div class=\"elementor-widget-container\">\n\t\t\t\t\t<div class=\"elementor-button-wrapper\">\n\t\t\t<a class=\"elementor-button elementor-button-link elementor-size-sm\" href=\"https:\/\/maspicagnol.com\/accommodation\/gite-olivier\/\">\n\t\t\t\t\t\t<span class=\"elementor-button-content-wrapper\">\n\t\t\t\t\t\t\t\t\t<span class=\"elementor-button-text\">Read more<\/span>\n\t\t\t\t\t<\/span>\n\t\t\t\t\t<\/a>\n\t\t<\/div>\n\t\t\t\t<\/div>\n\t\t\t\t<\/div>\n\t\t\t\t<\/div>\n\t\t\t\t<\/div>\n\t\t<div class=\"elementor-element elementor-element-a848d53 e-con-full e-flex e-con e-parent\" data-id=\"a848d53\" data-element_type=\"container\" data-settings=\"{&quot;background_background&quot;:&quot;classic&quot;}\">\n\t\t<div class=\"elementor-element elementor-element-89b0647 e-con-full e-flex e-con e-child\" data-id=\"89b0647\" data-element_type=\"container\">\n\t\t\t\t<div class=\"elementor-element elementor-element-4e3d75b elementor-widget elementor-widget-heading\" data-id=\"4e3d75b\" data-element_type=\"widget\" data-widget_type=\"heading.default\">\n\t\t\t\t<div class=\"elementor-widget-container\">\n\t\t\t<h4 class=\"elementor-heading-title elementor-size-default\">G\u00eete Campsis<\/h4>\t\t<\/div>\n\t\t\t\t<\/div>\n\t\t\t\t<div class=\"elementor-element elementor-element-85ebea8 elementor-widget__width-initial elementor-widget elementor-widget-text-editor\" data-id=\"85ebea8\" data-element_type=\"widget\" data-widget_type=\"text-editor.default\">\n\t\t\t\t<div class=\"elementor-widget-container\">\n\t\t\t\t\t\t\t<p class=\"p1\">Explore the G\u00eete Campsis, a true haven of peace designed to accommodate 4 people.<br \/>\nWith its inviting living room, shaded terrace overlooking the pool, and modern amenities, G\u00eete Campsis offers the perfect balance between comfort and natural charm.<br \/>\nIt is an ideal starting point to discover the many local activities and adventures.  <\/p>\n\t\t\t\t\t\t<\/div>\n\t\t\t\t<\/div>\n\t\t\t\t<div class=\"elementor-element elementor-element-2dfbdbc elementor-align-right elementor-widget elementor-widget-button\" data-id=\"2dfbdbc\" data-element_type=\"widget\" data-widget_type=\"button.default\">\n\t\t\t\t<div class=\"elementor-widget-container\">\n\t\t\t\t\t<div class=\"elementor-button-wrapper\">\n\t\t\t<a class=\"elementor-button elementor-button-link elementor-size-sm\" href=\"https:\/\/maspicagnol.com\/accommodation\/gite-campsis\/\">\n\t\t\t\t\t\t<span class=\"elementor-button-content-wrapper\">\n\t\t\t\t\t\t\t\t\t<span class=\"elementor-button-text\">Read more<\/span>\n\t\t\t\t\t<\/span>\n\t\t\t\t\t<\/a>\n\t\t<\/div>\n\t\t\t\t<\/div>\n\t\t\t\t<\/div>\n\t\t\t\t<\/div>\n\t\t<div class=\"elementor-element elementor-element-1a14e1b e-flex e-con-boxed e-con e-child\" data-id=\"1a14e1b\" data-element_type=\"container\" data-settings=\"{&quot;background_background&quot;:&quot;slideshow&quot;,&quot;background_slideshow_gallery&quot;:[{&quot;id&quot;:47720,&quot;url&quot;:&quot;https:\\\/\\\/maspicagnol.com\\\/wp-content\\\/uploads\\\/2024\\\/07\\\/salon-Campsis-1.jpg&quot;}],&quot;background_slideshow_loop&quot;:&quot;yes&quot;,&quot;background_slideshow_slide_duration&quot;:5000,&quot;background_slideshow_slide_transition&quot;:&quot;fade&quot;,&quot;background_slideshow_transition_duration&quot;:500}\">\n\t\t\t\t\t<div class=\"e-con-inner\">\n\t\t\t\t\t<\/div>\n\t\t\t\t<\/div>\n\t\t\t\t<\/div>\n\t\t<div class=\"elementor-element elementor-element-5a79ea3 e-con-full e-flex e-con e-parent\" data-id=\"5a79ea3\" data-element_type=\"container\" data-settings=\"{&quot;background_background&quot;:&quot;classic&quot;}\">\n\t\t<div class=\"elementor-element elementor-element-3a40c5f e-con-full e-flex e-con e-child\" data-id=\"3a40c5f\" data-element_type=\"container\" data-settings=\"{&quot;background_background&quot;:&quot;slideshow&quot;,&quot;background_slideshow_gallery&quot;:[{&quot;id&quot;:25884,&quot;url&quot;:&quot;https:\\\/\\\/maspicagnol.com\\\/wp-content\\\/uploads\\\/2024\\\/07\\\/salon-accroche-neria-1.jpg&quot;}],&quot;background_slideshow_loop&quot;:&quot;yes&quot;,&quot;background_slideshow_slide_duration&quot;:5000,&quot;background_slideshow_slide_transition&quot;:&quot;fade&quot;,&quot;background_slideshow_transition_duration&quot;:500}\">\n\t\t\t\t<\/div>\n\t\t<div class=\"elementor-element elementor-element-2110648 e-con-full e-flex e-con e-child\" data-id=\"2110648\" data-element_type=\"container\">\n\t\t\t\t<div class=\"elementor-element elementor-element-ffdc29c elementor-widget elementor-widget-heading\" data-id=\"ffdc29c\" data-element_type=\"widget\" data-widget_type=\"heading.default\">\n\t\t\t\t<div class=\"elementor-widget-container\">\n\t\t\t<h4 class=\"elementor-heading-title elementor-size-default\">G\u00eete Neria<\/h4>\t\t<\/div>\n\t\t\t\t<\/div>\n\t\t\t\t<div class=\"elementor-element elementor-element-3986ddc elementor-widget__width-initial elementor-widget elementor-widget-text-editor\" data-id=\"3986ddc\" data-element_type=\"widget\" data-widget_type=\"text-editor.default\">\n\t\t\t\t<div class=\"elementor-widget-container\">\n\t\t\t\t\t\t\t<p class=\"p1\">Welcome to G\u00eete Neria, your intimate refuge in the heart of nature.<br \/>\nOffering a comfortable getaway for 4 people, this cottage features a spacious living room, a panoramic terrace and modern amenities, all in a warm atmosphere.<br \/>\nG\u00eete Neria is ideally located to enjoy the picturesque surroundings of the village of Oms and its surroundings.  <\/p>\n\t\t\t\t\t\t<\/div>\n\t\t\t\t<\/div>\n\t\t\t\t<div class=\"elementor-element elementor-element-7979ff7 elementor-widget elementor-widget-button\" data-id=\"7979ff7\" data-element_type=\"widget\" data-widget_type=\"button.default\">\n\t\t\t\t<div class=\"elementor-widget-container\">\n\t\t\t\t\t<div class=\"elementor-button-wrapper\">\n\t\t\t<a class=\"elementor-button elementor-button-link elementor-size-sm\" href=\"https:\/\/maspicagnol.com\/accommodation\/gite-neria\/\">\n\t\t\t\t\t\t<span class=\"elementor-button-content-wrapper\">\n\t\t\t\t\t\t\t\t\t<span class=\"elementor-button-text\">Read more<\/span>\n\t\t\t\t\t<\/span>\n\t\t\t\t\t<\/a>\n\t\t<\/div>\n\t\t\t\t<\/div>\n\t\t\t\t<\/div>\n\t\t\t\t<\/div>\n\t\t\t\t<\/div>\n\t\t<div class=\"elementor-element elementor-element-630d796 e-con-full e-flex e-con e-parent\" data-id=\"630d796\" data-element_type=\"container\" data-settings=\"{&quot;background_background&quot;:&quot;classic&quot;}\">\n\t\t<div class=\"elementor-element elementor-element-680c2c5 e-con-full e-flex e-con e-child\" data-id=\"680c2c5\" data-element_type=\"container\">\n\t\t\t\t<div class=\"elementor-element elementor-element-7498baf elementor-widget elementor-widget-heading\" data-id=\"7498baf\" data-element_type=\"widget\" data-widget_type=\"heading.default\">\n\t\t\t\t<div class=\"elementor-widget-container\">\n\t\t\t<h4 class=\"elementor-heading-title elementor-size-default\">G\u00eete Jasmin<\/h4>\t\t<\/div>\n\t\t\t\t<\/div>\n\t\t\t\t<div class=\"elementor-element elementor-element-ff776bc elementor-widget__width-initial elementor-widget elementor-widget-text-editor\" data-id=\"ff776bc\" data-element_type=\"widget\" data-widget_type=\"text-editor.default\">\n\t\t\t\t<div class=\"elementor-widget-container\">\n\t\t\t\t\t\t\t<p class=\"p1\">The G\u00eete Jasmin invites you to live an unforgettable holiday experience.<br \/>\nUnder a large oak tree, in a rustic atmosphere, this duplex combines refined decoration and modern equipment to create a true haven of peace.<br \/>\nIdeal for up to 4 people, the G\u00eete Jasmin is a unique place to stay to recharge your batteries in the heart of nature.  <\/p>\n\t\t\t\t\t\t<\/div>\n\t\t\t\t<\/div>\n\t\t\t\t<div class=\"elementor-element elementor-element-e0185cd elementor-align-right elementor-mobile-align-center elementor-widget elementor-widget-button\" data-id=\"e0185cd\" data-element_type=\"widget\" data-widget_type=\"button.default\">\n\t\t\t\t<div class=\"elementor-widget-container\">\n\t\t\t\t\t<div class=\"elementor-button-wrapper\">\n\t\t\t<a class=\"elementor-button elementor-button-link elementor-size-sm\" href=\"https:\/\/maspicagnol.com\/accommodation\/gite-jasmin\/\">\n\t\t\t\t\t\t<span class=\"elementor-button-content-wrapper\">\n\t\t\t\t\t\t\t\t\t<span class=\"elementor-button-text\">Read more<\/span>\n\t\t\t\t\t<\/span>\n\t\t\t\t\t<\/a>\n\t\t<\/div>\n\t\t\t\t<\/div>\n\t\t\t\t<\/div>\n\t\t\t\t<\/div>\n\t\t<div class=\"elementor-element elementor-element-e5956ff e-flex e-con-boxed e-con e-child\" data-id=\"e5956ff\" data-element_type=\"container\" data-settings=\"{&quot;background_background&quot;:&quot;slideshow&quot;,&quot;background_slideshow_gallery&quot;:[{&quot;id&quot;:23636,&quot;url&quot;:&quot;https:\\\/\\\/maspicagnol.com\\\/wp-content\\\/uploads\\\/2024\\\/07\\\/photo-accroche-jasmin.jpg&quot;}],&quot;background_slideshow_loop&quot;:&quot;yes&quot;,&quot;background_slideshow_slide_duration&quot;:5000,&quot;background_slideshow_slide_transition&quot;:&quot;fade&quot;,&quot;background_slideshow_transition_duration&quot;:500}\">\n\t\t\t\t\t<div class=\"e-con-inner\">\n\t\t\t\t\t<\/div>\n\t\t\t\t<\/div>\n\t\t\t\t<\/div>\n\t\t<div class=\"elementor-element elementor-element-e310c47 e-flex e-con-boxed e-con e-parent\" data-id=\"e310c47\" data-element_type=\"container\">\n\t\t\t\t\t<div class=\"e-con-inner\">\n\t\t\t\t<div class=\"elementor-element elementor-element-3da0c6f elementor-widget-divider--view-line elementor-widget elementor-widget-divider\" data-id=\"3da0c6f\" data-element_type=\"widget\" data-widget_type=\"divider.default\">\n\t\t\t\t<div class=\"elementor-widget-container\">\n\t\t\t\t\t<div class=\"elementor-divider\">\n\t\t\t<span class=\"elementor-divider-separator\">\n\t\t\t\t\t\t<\/span>\n\t\t<\/div>\n\t\t\t\t<\/div>\n\t\t\t\t<\/div>\n\t\t\t\t\t<\/div>\n\t\t\t\t<\/div>\n\t\t<div class=\"elementor-element elementor-element-1a96532 e-flex e-con-boxed e-con e-parent\" data-id=\"1a96532\" data-element_type=\"container\">\n\t\t\t\t\t<div class=\"e-con-inner\">\n\t\t\t\t<div class=\"elementor-element elementor-element-838e9a4 elementor-widget elementor-widget-heading\" data-id=\"838e9a4\" data-element_type=\"widget\" data-widget_type=\"heading.default\">\n\t\t\t\t<div class=\"elementor-widget-container\">\n\t\t\t<h3 class=\"elementor-heading-title elementor-size-default\">Cottages for 6 People<\/h3>\t\t<\/div>\n\t\t\t\t<\/div>\n\t\t\t\t<div class=\"elementor-element elementor-element-9b62118 elementor-widget elementor-widget-text-editor\" data-id=\"9b62118\" data-element_type=\"widget\" data-widget_type=\"text-editor.default\">\n\t\t\t\t<div class=\"elementor-widget-container\">\n\t\t\t\t\t\t\t<p class=\"p1\">For large families or groups of friends, our two spacious cottages for 6 people offer all the space you need for moments of conviviality and relaxation.<br \/>\nWith three stylish bedrooms, a modern kitchen and a comfortable living room, these cottages are perfect for holidaying together.<br \/>\nEach cottage is equipped with a private terrace, ideal for enjoying summer evenings under the stars.  <\/p>\n\t\t\t\t\t\t<\/div>\n\t\t\t\t<\/div>\n\t\t\t\t\t<\/div>\n\t\t\t\t<\/div>\n\t\t<div class=\"elementor-element elementor-element-707b003 e-con-full e-flex e-con e-parent\" data-id=\"707b003\" data-element_type=\"container\" data-settings=\"{&quot;background_background&quot;:&quot;classic&quot;}\">\n\t\t<div class=\"elementor-element elementor-element-9dadcfd e-con-full e-flex e-con e-child\" data-id=\"9dadcfd\" data-element_type=\"container\" data-settings=\"{&quot;background_background&quot;:&quot;slideshow&quot;,&quot;background_slideshow_gallery&quot;:[{&quot;id&quot;:47761,&quot;url&quot;:&quot;https:\\\/\\\/maspicagnol.com\\\/wp-content\\\/uploads\\\/2024\\\/07\\\/salon-wisteria-photo-accroche-1.jpg&quot;}],&quot;background_slideshow_loop&quot;:&quot;yes&quot;,&quot;background_slideshow_slide_duration&quot;:5000,&quot;background_slideshow_slide_transition&quot;:&quot;fade&quot;,&quot;background_slideshow_transition_duration&quot;:500}\">\n\t\t\t\t<\/div>\n\t\t<div class=\"elementor-element elementor-element-8dc436c e-con-full e-flex e-con e-child\" data-id=\"8dc436c\" data-element_type=\"container\">\n\t\t\t\t<div class=\"elementor-element elementor-element-ab664f7 elementor-widget elementor-widget-heading\" data-id=\"ab664f7\" data-element_type=\"widget\" data-widget_type=\"heading.default\">\n\t\t\t\t<div class=\"elementor-widget-container\">\n\t\t\t<h4 class=\"elementor-heading-title elementor-size-default\">Wisteria B&amp;B<\/h4>\t\t<\/div>\n\t\t\t\t<\/div>\n\t\t\t\t<div class=\"elementor-element elementor-element-c19aa1c elementor-widget__width-initial elementor-widget elementor-widget-text-editor\" data-id=\"c19aa1c\" data-element_type=\"widget\" data-widget_type=\"text-editor.default\">\n\t\t\t\t<div class=\"elementor-widget-container\">\n\t\t\t\t\t\t\t<p class=\"p1\">Welcome to the Wisteria Cottage: a true refuge where nature and modern comforts meet.<br \/>\nThis duplex cottage, completed by an adjoining bedroom, welcomes you under the soothing shade of a hundred-year-old olive tree and a bignone.<br \/>\nEnjoy a shaded terrace for moments of relaxation in the open air, and benefit from all the modern amenities, including air conditioning, satellite TV and unlimited Wi-Fi, for a memorable holiday with family or friends.  <\/p>\n\t\t\t\t\t\t<\/div>\n\t\t\t\t<\/div>\n\t\t\t\t<div class=\"elementor-element elementor-element-fae9472 elementor-widget elementor-widget-button\" data-id=\"fae9472\" data-element_type=\"widget\" data-widget_type=\"button.default\">\n\t\t\t\t<div class=\"elementor-widget-container\">\n\t\t\t\t\t<div class=\"elementor-button-wrapper\">\n\t\t\t<a class=\"elementor-button elementor-button-link elementor-size-sm\" href=\"https:\/\/maspicagnol.com\/accommodation\/gite-wisteria\/\">\n\t\t\t\t\t\t<span class=\"elementor-button-content-wrapper\">\n\t\t\t\t\t\t\t\t\t<span class=\"elementor-button-text\">Read more<\/span>\n\t\t\t\t\t<\/span>\n\t\t\t\t\t<\/a>\n\t\t<\/div>\n\t\t\t\t<\/div>\n\t\t\t\t<\/div>\n\t\t\t\t<\/div>\n\t\t\t\t<\/div>\n\t\t<div class=\"elementor-element elementor-element-b699550 e-con-full e-flex e-con e-parent\" data-id=\"b699550\" data-element_type=\"container\" data-settings=\"{&quot;background_background&quot;:&quot;classic&quot;}\">\n\t\t<div class=\"elementor-element elementor-element-88cb78b e-con-full e-flex e-con e-child\" data-id=\"88cb78b\" data-element_type=\"container\">\n\t\t\t\t<div class=\"elementor-element elementor-element-14602c5 elementor-widget elementor-widget-heading\" data-id=\"14602c5\" data-element_type=\"widget\" data-widget_type=\"heading.default\">\n\t\t\t\t<div class=\"elementor-widget-container\">\n\t\t\t<h4 class=\"elementor-heading-title elementor-size-default\">G\u00eete Orchid\u00e9e<\/h4>\t\t<\/div>\n\t\t\t\t<\/div>\n\t\t\t\t<div class=\"elementor-element elementor-element-9b76f40 elementor-widget__width-initial elementor-widget elementor-widget-text-editor\" data-id=\"9b76f40\" data-element_type=\"widget\" data-widget_type=\"text-editor.default\">\n\t\t\t\t<div class=\"elementor-widget-container\">\n\t\t\t\t\t\t\t<p class=\"p1\">Discover the G\u00eete Orchid\u00e9e, completely renovated in 2022, which combines space and light for a most pleasant stay.<br \/>\nThis cottage offers three comfortable bedrooms and a fully equipped open-plan kitchen.<br \/>\nIts terrace offers a breathtaking view of the village of Oms and the majestic Mount Canigou.<br \/>\nTake advantage of modern amenities such as reversible air conditioning, satellite TV, and unlimited Wi-Fi for unforgettable moments of sharing and relaxation.   <\/p>\n\t\t\t\t\t\t<\/div>\n\t\t\t\t<\/div>\n\t\t\t\t<div class=\"elementor-element elementor-element-5c7ea8b elementor-align-right elementor-widget elementor-widget-button\" data-id=\"5c7ea8b\" data-element_type=\"widget\" data-widget_type=\"button.default\">\n\t\t\t\t<div class=\"elementor-widget-container\">\n\t\t\t\t\t<div class=\"elementor-button-wrapper\">\n\t\t\t<a class=\"elementor-button elementor-button-link elementor-size-sm\" href=\"https:\/\/maspicagnol.com\/accommodation\/gite-orchidee\/\">\n\t\t\t\t\t\t<span class=\"elementor-button-content-wrapper\">\n\t\t\t\t\t\t\t\t\t<span class=\"elementor-button-text\">Read more<\/span>\n\t\t\t\t\t<\/span>\n\t\t\t\t\t<\/a>\n\t\t<\/div>\n\t\t\t\t<\/div>\n\t\t\t\t<\/div>\n\t\t\t\t<\/div>\n\t\t<div class=\"elementor-element elementor-element-058ca10 e-flex e-con-boxed e-con e-child\" data-id=\"058ca10\" data-element_type=\"container\" data-settings=\"{&quot;background_background&quot;:&quot;slideshow&quot;,&quot;background_slideshow_gallery&quot;:[{&quot;id&quot;:46999,&quot;url&quot;:&quot;https:\\\/\\\/maspicagnol.com\\\/wp-content\\\/uploads\\\/2024\\\/07\\\/salon-2-orchidee.jpg&quot;}],&quot;background_slideshow_loop&quot;:&quot;yes&quot;,&quot;background_slideshow_slide_duration&quot;:5000,&quot;background_slideshow_slide_transition&quot;:&quot;fade&quot;,&quot;background_slideshow_transition_duration&quot;:500}\">\n\t\t\t\t\t<div class=\"e-con-inner\">\n\t\t\t\t\t<\/div>\n\t\t\t\t<\/div>\n\t\t\t\t<\/div>\n\t\t\t\t<\/div>\n\t\t","protected":false},"excerpt":{"rendered":"<p>Discover our cottages at Mas Picagnol Stay in a charming cottage in the heart of the Pyr\u00e9n\u00e9es Orientales Comfortable accommodation in the heart of the Pyr\u00e9n\u00e9es Orientales, near C\u00e9ret Welcome to Mas Picagnol, where each cottage offers you a unique experience, in perfect harmony with the surrounding nature. Located near C\u00e9ret, our estate offers comfortable [&hellip;]<\/p>\n","protected":false},"author":2,"featured_media":0,"parent":0,"menu_order":0,"comment_status":"closed","ping_status":"closed","template":"elementor_header_footer","meta":{"om_disable_all_campaigns":false,"_uf_show_specific_survey":0,"_uf_disable_surveys":false,"footnotes":""},"folder":[117],"class_list":["post-107661","page","type-page","status-publish","hentry"],"aioseo_notices":[],"_links":{"self":[{"href":"https:\/\/maspicagnol.com\/en\/wp-json\/wp\/v2\/pages\/107661","targetHints":{"allow":["GET"]}}],"collection":[{"href":"https:\/\/maspicagnol.com\/en\/wp-json\/wp\/v2\/pages"}],"about":[{"href":"https:\/\/maspicagnol.com\/en\/wp-json\/wp\/v2\/types\/page"}],"author":[{"embeddable":true,"href":"https:\/\/maspicagnol.com\/en\/wp-json\/wp\/v2\/users\/2"}],"replies":[{"embeddable":true,"href":"https:\/\/maspicagnol.com\/en\/wp-json\/wp\/v2\/comments?post=107661"}],"version-history":[{"count":7,"href":"https:\/\/maspicagnol.com\/en\/wp-json\/wp\/v2\/pages\/107661\/revisions"}],"predecessor-version":[{"id":212750,"href":"https:\/\/maspicagnol.com\/en\/wp-json\/wp\/v2\/pages\/107661\/revisions\/212750"}],"wp:attachment":[{"href":"https:\/\/maspicagnol.com\/en\/wp-json\/wp\/v2\/media?parent=107661"}],"wp:term":[{"taxonomy":"folder","embeddable":true,"href":"https:\/\/maspicagnol.com\/en\/wp-json\/wp\/v2\/folder?post=107661"}],"curies":[{"name":"wp","href":"https:\/\/api.w.org\/{rel}","templated":true}]}}