{"id":107650,"date":"2024-08-16T09:33:38","date_gmt":"2024-08-16T09:33:38","guid":{"rendered":"https:\/\/maspicagnol.com\/news\/a-fairytale-wedding-in-ceret\/"},"modified":"2024-10-13T20:39:50","modified_gmt":"2024-10-13T20:39:50","slug":"a-fairytale-wedding-in-ceret","status":"publish","type":"page","link":"https:\/\/maspicagnol.com\/en\/news\/a-fairytale-wedding-in-ceret\/","title":{"rendered":"A fairytale wedding in C\u00e9ret"},"content":{"rendered":"\t\t<div data-elementor-type=\"wp-page\" data-elementor-id=\"107650\" class=\"elementor elementor-107650 elementor-67130\" data-elementor-post-type=\"page\">\n\t\t\t\t<div class=\"elementor-element elementor-element-6410d75 e-flex e-con-boxed e-con e-parent\" data-id=\"6410d75\" data-element_type=\"container\" data-e-type=\"container\">\n\t\t\t\t\t<div class=\"e-con-inner\">\n\t\t\t\t<div class=\"elementor-element elementor-element-877d61f elementor-widget elementor-widget-heading\" data-id=\"877d61f\" data-element_type=\"widget\" data-e-type=\"widget\" data-widget_type=\"heading.default\">\n\t\t\t\t<div class=\"elementor-widget-container\">\n\t\t\t\t\t<h1 class=\"elementor-heading-title elementor-size-default\">A fairytale wedding at Mas Picagnol in C\u00e9ret  <\/h1>\t\t\t\t<\/div>\n\t\t\t\t<\/div>\n\t\t\t\t\t<\/div>\n\t\t\t\t<\/div>\n\t\t<div class=\"elementor-element elementor-element-d1a385d e-flex e-con-boxed e-con e-parent\" data-id=\"d1a385d\" data-element_type=\"container\" data-e-type=\"container\">\n\t\t\t\t\t<div class=\"e-con-inner\">\n\t\t\t\t<div class=\"elementor-element elementor-element-4559a8b elementor-widget elementor-widget-text-editor\" data-id=\"4559a8b\" data-element_type=\"widget\" data-e-type=\"widget\" data-widget_type=\"text-editor.default\">\n\t\t\t\t<div class=\"elementor-widget-container\">\n\t\t\t\t\t\t\t\t\t<p><span style=\"font-weight: 400;\">If you dream of an unforgettable wedding in an enchanting setting, Mas Picagnol in C\u00e9ret is the ideal place to make this dream come true. Nestled in the heart of the Pyr\u00e9n\u00e9es-Orientales, this exceptional place offers an idyllic setting to celebrate the union of two souls, surrounded by the natural beauty and timeless charm of the region. Find out why Mas Picagnol is the perfect choice for a fairytale wedding.<\/span><\/p>\n\t\t\t\t\t\t\t\t<\/div>\n\t\t\t\t<\/div>\n\t\t\t\t<div class=\"elementor-element elementor-element-10df084 elementor-widget elementor-widget-heading\" data-id=\"10df084\" data-element_type=\"widget\" data-e-type=\"widget\" data-widget_type=\"heading.default\">\n\t\t\t\t<div class=\"elementor-widget-container\">\n\t\t\t\t\t<h2 class=\"elementor-heading-title elementor-size-default\">An enchanting setting for an unforgettable wedding<\/h2>\t\t\t\t<\/div>\n\t\t\t\t<\/div>\n\t\t\t\t<div class=\"elementor-element elementor-element-abb144b elementor-widget elementor-widget-text-editor\" data-id=\"abb144b\" data-element_type=\"widget\" data-e-type=\"widget\" data-widget_type=\"text-editor.default\">\n\t\t\t\t<div class=\"elementor-widget-container\">\n\t\t\t\t\t\t\t\t\t<p><span style=\"font-weight: 400;\">The <\/span><b>Mas Picagnol<\/b><span style=\"font-weight: 400;\">  stands out for its unique setting, combining authenticity and elegance. Located near C\u00e9ret, this estate offers stunning views of the hilly landscapes of Occitania, creating a romantic and serene ambience, ideal for a  <\/span><b>A wedding <\/b><span style=\"font-weight: 400;\">worthy of the most beautiful fairy tales.<\/span><\/p>\n\t\t\t\t\t\t\t\t<\/div>\n\t\t\t\t<\/div>\n\t\t\t\t<div class=\"elementor-element elementor-element-644d928 elementor-widget elementor-widget-image\" data-id=\"644d928\" data-element_type=\"widget\" data-e-type=\"widget\" data-widget_type=\"image.default\">\n\t\t\t\t<div class=\"elementor-widget-container\">\n\t\t\t\t\t\t\t\t\t\t\t\t\t\t\t<img fetchpriority=\"high\" decoding=\"async\" width=\"800\" height=\"1145\" src=\"https:\/\/maspicagnol.com\/wp-content\/uploads\/2024\/05\/avant-ceremonie-24-2684x3840.jpg\" class=\"attachment-large size-large wp-image-7791\" alt=\"\" srcset=\"https:\/\/maspicagnol.com\/wp-content\/uploads\/2024\/05\/avant-ceremonie-24-2684x3840.jpg 2684w, https:\/\/maspicagnol.com\/wp-content\/uploads\/2024\/05\/avant-ceremonie-24-210x300.jpg 210w, https:\/\/maspicagnol.com\/wp-content\/uploads\/2024\/05\/avant-ceremonie-24-768x1099.jpg 768w, https:\/\/maspicagnol.com\/wp-content\/uploads\/2024\/05\/avant-ceremonie-24-1074x1536.jpg 1074w, https:\/\/maspicagnol.com\/wp-content\/uploads\/2024\/05\/avant-ceremonie-24-1432x2048.jpg 1432w, https:\/\/maspicagnol.com\/wp-content\/uploads\/2024\/05\/avant-ceremonie-24-600x858.jpg 600w\" sizes=\"(max-width: 800px) 100vw, 800px\" \/>\t\t\t\t\t\t\t\t\t\t\t\t\t\t\t<\/div>\n\t\t\t\t<\/div>\n\t\t\t\t<div class=\"elementor-element elementor-element-02970ce elementor-widget elementor-widget-heading\" data-id=\"02970ce\" data-element_type=\"widget\" data-e-type=\"widget\" data-widget_type=\"heading.default\">\n\t\t\t\t<div class=\"elementor-widget-container\">\n\t\t\t\t\t<h2 class=\"elementor-heading-title elementor-size-default\">A ceremony in the heart of nature<\/h2>\t\t\t\t<\/div>\n\t\t\t\t<\/div>\n\t\t\t\t<div class=\"elementor-element elementor-element-a35fcea elementor-widget elementor-widget-text-editor\" data-id=\"a35fcea\" data-element_type=\"widget\" data-e-type=\"widget\" data-widget_type=\"text-editor.default\">\n\t\t\t\t<div class=\"elementor-widget-container\">\n\t\t\t\t\t\t\t\t\t<p><span style=\"font-weight: 400;\">Imagine your wedding ceremony under an azure blue sky, surrounded by the lush vegetation of the Pyr\u00e9n\u00e9es-Orientales. Mas Picagnol offers beautifully landscaped outdoor spaces, perfect for exchanging your vows in the open air, in a natural and refined setting. The rustic charm of the farmhouse blends wonderfully with the surrounding nature, creating an atmosphere that is both intimate and grandiose.<\/span><\/p>\n\t\t\t\t\t\t\t\t<\/div>\n\t\t\t\t<\/div>\n\t\t\t\t<div class=\"elementor-element elementor-element-8de8af1 elementor-widget elementor-widget-heading\" data-id=\"8de8af1\" data-element_type=\"widget\" data-e-type=\"widget\" data-widget_type=\"heading.default\">\n\t\t\t\t<div class=\"elementor-widget-container\">\n\t\t\t\t\t<h2 class=\"elementor-heading-title elementor-size-default\">The Mas Picagnol, a unique reception venue near C\u00e9ret<\/h2>\t\t\t\t<\/div>\n\t\t\t\t<\/div>\n\t\t\t\t<div class=\"elementor-element elementor-element-c7c5e07 elementor-widget elementor-widget-text-editor\" data-id=\"c7c5e07\" data-element_type=\"widget\" data-e-type=\"widget\" data-widget_type=\"text-editor.default\">\n\t\t\t\t<div class=\"elementor-widget-container\">\n\t\t\t\t\t\t\t\t\t<p><span style=\"font-weight: 400;\">After the ceremony, your guests will be able to enjoy an exceptional reception in the spacious and elegant reception rooms of Mas Picagnol. Every detail has been thought out to provide a sumptuous setting for your wedding. Whether you opt for an outdoor banquet under the stars or a more traditional reception inside, Mas Picagnol will meet all your expectations.<\/span><\/p>\n\t\t\t\t\t\t\t\t<\/div>\n\t\t\t\t<\/div>\n\t\t\t\t<div class=\"elementor-element elementor-element-ab49107 elementor-widget elementor-widget-heading\" data-id=\"ab49107\" data-element_type=\"widget\" data-e-type=\"widget\" data-widget_type=\"heading.default\">\n\t\t\t\t<div class=\"elementor-widget-container\">\n\t\t\t\t\t<h2 class=\"elementor-heading-title elementor-size-default\">Book your wedding at Mas Picagnol<\/h2>\t\t\t\t<\/div>\n\t\t\t\t<\/div>\n\t\t\t\t<div class=\"elementor-element elementor-element-1831ef4 elementor-widget elementor-widget-text-editor\" data-id=\"1831ef4\" data-element_type=\"widget\" data-e-type=\"widget\" data-widget_type=\"text-editor.default\">\n\t\t\t\t<div class=\"elementor-widget-container\">\n\t\t\t\t\t\t\t\t\t<p><span style=\"font-weight: 400;\">With its exceptional setting and top-of-the-range services, the Mas Picagnol in C\u00e9ret is the perfect place to celebrate a memorable wedding. Whether you&#8217;re planning an intimate ceremony or a big party, this venue is sure to turn your day into a fairy tale.  <\/span><\/p>\n<p><span style=\"font-weight: 400;\">Don&#8217;t wait any longer to book and make your wedding a unique event<\/span><\/p>\n\t\t\t\t\t\t\t\t<\/div>\n\t\t\t\t<\/div>\n\t\t\t\t<div class=\"elementor-element elementor-element-88d25a2 elementor-widget elementor-widget-image\" data-id=\"88d25a2\" data-element_type=\"widget\" data-e-type=\"widget\" data-widget_type=\"image.default\">\n\t\t\t\t<div class=\"elementor-widget-container\">\n\t\t\t\t\t\t\t\t\t\t\t\t\t\t\t<img decoding=\"async\" width=\"599\" height=\"449\" src=\"https:\/\/maspicagnol.com\/wp-content\/uploads\/2024\/05\/6B0F20F8-3B8B-465E-B605-26F0E86D56A6.jpg\" class=\"attachment-large size-large wp-image-7788\" alt=\"\" srcset=\"https:\/\/maspicagnol.com\/wp-content\/uploads\/2024\/05\/6B0F20F8-3B8B-465E-B605-26F0E86D56A6.jpg 599w, https:\/\/maspicagnol.com\/wp-content\/uploads\/2024\/05\/6B0F20F8-3B8B-465E-B605-26F0E86D56A6-300x225.jpg 300w\" sizes=\"(max-width: 599px) 100vw, 599px\" \/>\t\t\t\t\t\t\t\t\t\t\t\t\t\t\t<\/div>\n\t\t\t\t<\/div>\n\t\t\t\t\t<\/div>\n\t\t\t\t<\/div>\n\t\t\t\t<\/div>\n\t\t","protected":false},"excerpt":{"rendered":"<p>A fairytale wedding at Mas Picagnol in C\u00e9ret If you dream of an unforgettable wedding in an enchanting setting, Mas Picagnol in C\u00e9ret is the ideal place to make this dream come true. Nestled in the heart of the Pyr\u00e9n\u00e9es-Orientales, this exceptional place offers an idyllic setting to celebrate the union of two souls, surrounded [&hellip;]<\/p>\n","protected":false},"author":2,"featured_media":0,"parent":67003,"menu_order":0,"comment_status":"closed","ping_status":"closed","template":"","meta":{"om_disable_all_campaigns":false,"_monsterinsights_skip_tracking":false,"_monsterinsights_sitenote_active":false,"_monsterinsights_sitenote_note":"","_monsterinsights_sitenote_category":0,"_uf_show_specific_survey":0,"_uf_disable_surveys":false,"footnotes":""},"folder":[],"class_list":["post-107650","page","type-page","status-publish","hentry"],"aioseo_notices":[],"_links":{"self":[{"href":"https:\/\/maspicagnol.com\/en\/wp-json\/wp\/v2\/pages\/107650","targetHints":{"allow":["GET"]}}],"collection":[{"href":"https:\/\/maspicagnol.com\/en\/wp-json\/wp\/v2\/pages"}],"about":[{"href":"https:\/\/maspicagnol.com\/en\/wp-json\/wp\/v2\/types\/page"}],"author":[{"embeddable":true,"href":"https:\/\/maspicagnol.com\/en\/wp-json\/wp\/v2\/users\/2"}],"replies":[{"embeddable":true,"href":"https:\/\/maspicagnol.com\/en\/wp-json\/wp\/v2\/comments?post=107650"}],"version-history":[{"count":2,"href":"https:\/\/maspicagnol.com\/en\/wp-json\/wp\/v2\/pages\/107650\/revisions"}],"predecessor-version":[{"id":166153,"href":"https:\/\/maspicagnol.com\/en\/wp-json\/wp\/v2\/pages\/107650\/revisions\/166153"}],"up":[{"embeddable":true,"href":"https:\/\/maspicagnol.com\/en\/wp-json\/wp\/v2\/pages\/67003"}],"wp:attachment":[{"href":"https:\/\/maspicagnol.com\/en\/wp-json\/wp\/v2\/media?parent=107650"}],"wp:term":[{"taxonomy":"folder","embeddable":true,"href":"https:\/\/maspicagnol.com\/en\/wp-json\/wp\/v2\/folder?post=107650"}],"curies":[{"name":"wp","href":"https:\/\/api.w.org\/{rel}","templated":true}]}}