{"id":6577,"date":"2024-01-18T15:59:00","date_gmt":"2024-01-18T14:59:00","guid":{"rendered":"https:\/\/maspicagnol.com\/privatitzacio-del-mas\/"},"modified":"2025-03-16T13:35:27","modified_gmt":"2025-03-16T12:35:27","slug":"privatitzacio-del-mas","status":"publish","type":"page","link":"https:\/\/maspicagnol.com\/ca\/privatitzacio-del-mas\/","title":{"rendered":"Privatitzaci\u00f3 del Mas"},"content":{"rendered":"\t\t<div data-elementor-type=\"wp-post\" data-elementor-id=\"6577\" class=\"elementor elementor-6577\" data-elementor-post-type=\"page\">\n\t\t\t\t<div class=\"elementor-element elementor-element-e8c31b4 e-con-full e-flex e-con e-parent\" data-id=\"e8c31b4\" data-element_type=\"container\" data-settings=\"{&quot;background_background&quot;:&quot;classic&quot;}\">\n\t\t\t\t<div class=\"elementor-element elementor-element-a4e4932 elementor-widget elementor-widget-text-editor\" data-id=\"a4e4932\" data-element_type=\"widget\" data-widget_type=\"text-editor.default\">\n\t\t\t\t<div class=\"elementor-widget-container\">\n\t\t\t\t\t\t\t<p>Escenari id\u00edl\u00b7lic per als teus Esdeveniments de Grup<\/p>\n\t\t\t\t\t\t<\/div>\n\t\t\t\t<\/div>\n\t\t\t\t<div class=\"elementor-element elementor-element-083d6ea elementor-widget elementor-widget-heading\" data-id=\"083d6ea\" data-element_type=\"widget\" data-widget_type=\"heading.default\">\n\t\t\t\t<div class=\"elementor-widget-container\">\n\t\t\t<h1 class=\"elementor-heading-title elementor-size-default\">Privatitzaci\u00f3 del Mas<\/h1>\t\t<\/div>\n\t\t\t\t<\/div>\n\t\t\t\t<\/div>\n\t\t<div class=\"elementor-element elementor-element-87eb077 e-flex e-con-boxed e-con e-parent\" data-id=\"87eb077\" data-element_type=\"container\">\n\t\t\t\t\t<div class=\"e-con-inner\">\n\t\t\t\t<div class=\"elementor-element elementor-element-338ef59 elementor-widget elementor-widget-heading\" data-id=\"338ef59\" data-element_type=\"widget\" data-widget_type=\"heading.default\">\n\t\t\t\t<div class=\"elementor-widget-container\">\n\t\t\t<h3 class=\"elementor-heading-title elementor-size-default\">Un espai per a ocasions especials<\/h3>\t\t<\/div>\n\t\t\t\t<\/div>\n\t\t\t\t<div class=\"elementor-element elementor-element-2db73a8 elementor-widget elementor-widget-text-editor\" data-id=\"2db73a8\" data-element_type=\"widget\" data-widget_type=\"text-editor.default\">\n\t\t\t\t<div class=\"elementor-widget-container\">\n\t\t\t\t\t\t\t<p>Per a un retrobament memorable, el Mas Picagnol, nom\u00e9s per a vosaltres.<\/p>\n\t\t\t\t\t\t<\/div>\n\t\t\t\t<\/div>\n\t\t\t\t<div class=\"elementor-element elementor-element-3cc6200 elementor-widget elementor-widget-text-editor\" data-id=\"3cc6200\" data-element_type=\"widget\" data-widget_type=\"text-editor.default\">\n\t\t\t\t<div class=\"elementor-widget-container\">\n\t\t\t\t\t\t\t<p>La privatitzaci\u00f3 completa del Mas \u00e9s la seva invitaci\u00f3 a una estada inoblidable. Amb 6 cases independents i una capacitat per a 28 persones, disposes de tot l&#8217;espai que necessites per reunir familiars, amics o companys de feina. Moments \u00edntims en terrasses privades, aventures a la nostra bella regi\u00f3, i l&#8217;encant r\u00fastic de la nostra masia del segle 19.<\/p>\n<p>Gaudiu de la nostra finca i de les seves nombroses zones de relax, aix\u00ed com de la piscina, la pista de petanca i la taula de ping-pong.<br \/>Les nostres cases rurals, situades en 3 edificis de pedra, ofereixen privacitat i conviv\u00e8ncia, com un poble privat.<br \/>Les cases rurals s\u00f3n a prop de la piscina i de la sala Clematis, equipada amb cuina professional i rentavaixelles, ideal per a \u00e0pats de grup.<br \/>En una decoraci\u00f3 vintage, la sala Clematis t&#8217;ofereix un espai elegant i complet per a reunions reeixides.<\/p>\n<p>Per a la restauraci\u00f3, el Relais de l&#8217;Orme d&#8217;Oms compleix totes les seves expectatives.<br \/>La nostra sala disposa d&#8217;equip de so, retroprojector i pantalla de projecci\u00f3 per als teus esdeveniments.<br \/>Le Mas Picagnol \u00e9s perfecte per a casaments, aniversaris, reunions familiars o professionals, comiats de soltera.<\/p>\n<p>El teu benestar \u00e9s la nostra prioritat, amb un equip discret i atent. Vine a con\u00e8ixer els nostres amics de quatre potes durant la teva estada.<\/p>\n\t\t\t\t\t\t<\/div>\n\t\t\t\t<\/div>\n\t\t\t\t\t<\/div>\n\t\t\t\t<\/div>\n\t\t<div class=\"elementor-element elementor-element-e8c51e6 e-flex e-con-boxed e-con e-parent\" data-id=\"e8c51e6\" data-element_type=\"container\">\n\t\t\t\t\t<div class=\"e-con-inner\">\n\t\t<div class=\"elementor-element elementor-element-10d0354 e-con-full e-flex e-con e-child\" data-id=\"10d0354\" data-element_type=\"container\">\n\t\t\t\t<div class=\"elementor-element elementor-element-ea382cb elementor-widget elementor-widget-text-editor\" data-id=\"ea382cb\" data-element_type=\"widget\" data-widget_type=\"text-editor.default\">\n\t\t\t\t<div class=\"elementor-widget-container\">\n\t\t\t\t\t\t\t<p>  &#8211; Recepcions i seminaris<\/p>\n\t\t\t\t\t\t<\/div>\n\t\t\t\t<\/div>\n\t\t\t\t<div class=\"elementor-element elementor-element-d19bab8 elementor-widget elementor-widget-image\" data-id=\"d19bab8\" data-element_type=\"widget\" data-widget_type=\"image.default\">\n\t\t\t\t<div class=\"elementor-widget-container\">\n\t\t\t\t\t\t\t\t\t\t\t\t\t<img fetchpriority=\"high\" decoding=\"async\" width=\"800\" height=\"600\" src=\"https:\/\/maspicagnol.com\/wp-content\/uploads\/2024\/05\/deco-et-lieux-32-1.jpg\" class=\"attachment-large size-large wp-image-8484\" alt=\"Mas picagnol mariages Pyr\u00e9n\u00e9es orientales\" srcset=\"https:\/\/maspicagnol.com\/wp-content\/uploads\/2024\/05\/deco-et-lieux-32-1.jpg 4000w, https:\/\/maspicagnol.com\/wp-content\/uploads\/2024\/05\/deco-et-lieux-32-1-300x225.jpg 300w, https:\/\/maspicagnol.com\/wp-content\/uploads\/2024\/05\/deco-et-lieux-32-1-768x576.jpg 768w, https:\/\/maspicagnol.com\/wp-content\/uploads\/2024\/05\/deco-et-lieux-32-1-1536x1152.jpg 1536w, https:\/\/maspicagnol.com\/wp-content\/uploads\/2024\/05\/deco-et-lieux-32-1-2048x1536.jpg 2048w, https:\/\/maspicagnol.com\/wp-content\/uploads\/2024\/05\/deco-et-lieux-32-1-600x450.jpg 600w\" sizes=\"(max-width: 800px) 100vw, 800px\" \/>\t\t\t\t\t\t\t\t\t\t\t\t\t<\/div>\n\t\t\t\t<\/div>\n\t\t\t\t<\/div>\n\t\t<div class=\"elementor-element elementor-element-6d6de72 e-con-full e-flex e-con e-child\" data-id=\"6d6de72\" data-element_type=\"container\">\n\t\t\t\t<div class=\"elementor-element elementor-element-9565592 elementor-widget elementor-widget-text-editor\" data-id=\"9565592\" data-element_type=\"widget\" data-widget_type=\"text-editor.default\">\n\t\t\t\t<div class=\"elementor-widget-container\">\n\t\t\t\t\t\t\t<p>  &#8211; Cases rurals de grup i reunions familiars<\/p>\n\t\t\t\t\t\t<\/div>\n\t\t\t\t<\/div>\n\t\t\t\t<div class=\"elementor-element elementor-element-3e2e832 elementor-widget elementor-widget-image\" data-id=\"3e2e832\" data-element_type=\"widget\" data-widget_type=\"image.default\">\n\t\t\t\t<div class=\"elementor-widget-container\">\n\t\t\t\t\t\t\t\t\t\t\t\t\t<img decoding=\"async\" width=\"800\" height=\"600\" src=\"https:\/\/maspicagnol.com\/wp-content\/uploads\/2024\/05\/IMG_5117.jpeg\" class=\"attachment-large size-large wp-image-8487\" alt=\"Mas picagnol gite Pyr\u00e9n\u00e9es orientales\" srcset=\"https:\/\/maspicagnol.com\/wp-content\/uploads\/2024\/05\/IMG_5117.jpeg 2048w, https:\/\/maspicagnol.com\/wp-content\/uploads\/2024\/05\/IMG_5117-300x225.jpeg 300w, https:\/\/maspicagnol.com\/wp-content\/uploads\/2024\/05\/IMG_5117-768x576.jpeg 768w, https:\/\/maspicagnol.com\/wp-content\/uploads\/2024\/05\/IMG_5117-1536x1152.jpeg 1536w, https:\/\/maspicagnol.com\/wp-content\/uploads\/2024\/05\/IMG_5117-600x450.jpeg 600w\" sizes=\"(max-width: 800px) 100vw, 800px\" \/>\t\t\t\t\t\t\t\t\t\t\t\t\t<\/div>\n\t\t\t\t<\/div>\n\t\t\t\t<\/div>\n\t\t\t\t\t<\/div>\n\t\t\t\t<\/div>\n\t\t<div class=\"elementor-element elementor-element-0cbd7fc e-flex e-con-boxed e-con e-parent\" data-id=\"0cbd7fc\" data-element_type=\"container\">\n\t\t\t\t\t<div class=\"e-con-inner\">\n\t\t\t\t<div class=\"elementor-element elementor-element-41f3872 elementor-widget-divider--view-line elementor-widget elementor-widget-divider\" data-id=\"41f3872\" data-element_type=\"widget\" data-widget_type=\"divider.default\">\n\t\t\t\t<div class=\"elementor-widget-container\">\n\t\t\t\t\t<div class=\"elementor-divider\">\n\t\t\t<span class=\"elementor-divider-separator\">\n\t\t\t\t\t\t<\/span>\n\t\t<\/div>\n\t\t\t\t<\/div>\n\t\t\t\t<\/div>\n\t\t\t\t\t<\/div>\n\t\t\t\t<\/div>\n\t\t<div class=\"elementor-element elementor-element-7910147 e-flex e-con-boxed e-con e-parent\" data-id=\"7910147\" data-element_type=\"container\">\n\t\t\t\t\t<div class=\"e-con-inner\">\n\t\t<div class=\"elementor-element elementor-element-33eeeba e-con-full e-flex e-con e-child\" data-id=\"33eeeba\" data-element_type=\"container\">\n\t\t\t\t<div class=\"elementor-element elementor-element-4192b69 elementor-widget elementor-widget-heading\" data-id=\"4192b69\" data-element_type=\"widget\" data-widget_type=\"heading.default\">\n\t\t\t\t<div class=\"elementor-widget-container\">\n\t\t\t<h2 class=\"elementor-heading-title elementor-size-default\">Parlem junts del teu projecte<\/h2>\t\t<\/div>\n\t\t\t\t<\/div>\n\t\t\t\t<\/div>\n\t\t\t\t<div class=\"elementor-element elementor-element-576c87a elementor-button-align-center elementor-widget__width-initial elementor-widget elementor-widget-form\" data-id=\"576c87a\" data-element_type=\"widget\" data-settings=\"{&quot;step_next_label&quot;:&quot;Proper&quot;,&quot;step_previous_label&quot;:&quot;Anterior&quot;,&quot;button_width&quot;:&quot;100&quot;,&quot;step_type&quot;:&quot;number_text&quot;,&quot;step_icon_shape&quot;:&quot;circle&quot;}\" data-widget_type=\"form.default\">\n\t\t\t\t<div class=\"elementor-widget-container\">\n\t\t\t\t\t<form class=\"elementor-form\" method=\"post\" name=\"Formulari de contacte\">\n\t\t\t<input type=\"hidden\" name=\"post_id\" value=\"6577\"\/>\n\t\t\t<input type=\"hidden\" name=\"form_id\" value=\"576c87a\"\/>\n\t\t\t<input type=\"hidden\" name=\"referer_title\" value=\"Cases rurals per a grups - privatitzaci\u00f3 de Mas Picagnol: el vostre aut\u00e8ntic lloc per a esdeveniments a la natura catalana\" \/>\n\n\t\t\t\t\t\t\t<input type=\"hidden\" name=\"queried_id\" value=\"6577\"\/>\n\t\t\t\n\t\t\t<div class=\"elementor-form-fields-wrapper elementor-labels-\">\n\t\t\t\t\t\t\t\t<div class=\"elementor-field-type-text elementor-field-group elementor-column elementor-field-group-name elementor-col-50 elementor-field-required\">\n\t\t\t\t\t\t\t\t\t\t\t\t<label for=\"form-field-name\" class=\"elementor-field-label elementor-screen-only\">\n\t\t\t\t\t\t\t\tNom\t\t\t\t\t\t\t<\/label>\n\t\t\t\t\t\t\t\t\t\t\t\t\t\t<input size=\"1\" type=\"text\" name=\"form_fields[name]\" id=\"form-field-name\" class=\"elementor-field elementor-size-md  elementor-field-textual\" placeholder=\"Nom\" required=\"required\" aria-required=\"true\">\n\t\t\t\t\t\t\t\t\t\t\t<\/div>\n\t\t\t\t\t\t\t\t<div class=\"elementor-field-type-text elementor-field-group elementor-column elementor-field-group-field_fd65cdc elementor-col-50 elementor-field-required\">\n\t\t\t\t\t\t\t\t\t\t\t\t<label for=\"form-field-field_fd65cdc\" class=\"elementor-field-label elementor-screen-only\">\n\t\t\t\t\t\t\t\tNom de pila\t\t\t\t\t\t\t<\/label>\n\t\t\t\t\t\t\t\t\t\t\t\t\t\t<input size=\"1\" type=\"text\" name=\"form_fields[field_fd65cdc]\" id=\"form-field-field_fd65cdc\" class=\"elementor-field elementor-size-md  elementor-field-textual\" placeholder=\"Nom de pila\" required=\"required\" aria-required=\"true\">\n\t\t\t\t\t\t\t\t\t\t\t<\/div>\n\t\t\t\t\t\t\t\t<div class=\"elementor-field-type-tel elementor-field-group elementor-column elementor-field-group-field_6476367 elementor-col-50 elementor-field-required\">\n\t\t\t\t\t\t\t\t\t\t\t\t<label for=\"form-field-field_6476367\" class=\"elementor-field-label elementor-screen-only\">\n\t\t\t\t\t\t\t\tTel\u00e8fon\t\t\t\t\t\t\t<\/label>\n\t\t\t\t\t\t\t\t<input size=\"1\" type=\"tel\" name=\"form_fields[field_6476367]\" id=\"form-field-field_6476367\" class=\"elementor-field elementor-size-md  elementor-field-textual\" placeholder=\"Tel\u00e8fon\" required=\"required\" aria-required=\"true\" pattern=\"[0-9()#&amp;+*-=.]+\" title=\"Only numbers and phone characters (#, -, *, etc) are accepted.\">\n\n\t\t\t\t\t\t<\/div>\n\t\t\t\t\t\t\t\t<div class=\"elementor-field-type-email elementor-field-group elementor-column elementor-field-group-email elementor-col-50 elementor-field-required\">\n\t\t\t\t\t\t\t\t\t\t\t\t<label for=\"form-field-email\" class=\"elementor-field-label elementor-screen-only\">\n\t\t\t\t\t\t\t\tCorreu electr\u00f2nic\t\t\t\t\t\t\t<\/label>\n\t\t\t\t\t\t\t\t\t\t\t\t\t\t<input size=\"1\" type=\"email\" name=\"form_fields[email]\" id=\"form-field-email\" class=\"elementor-field elementor-size-md  elementor-field-textual\" placeholder=\"Correu electr\u00f2nic\" required=\"required\" aria-required=\"true\">\n\t\t\t\t\t\t\t\t\t\t\t<\/div>\n\t\t\t\t\t\t\t\t<div class=\"elementor-field-type-textarea elementor-field-group elementor-column elementor-field-group-message elementor-col-100 elementor-field-required\">\n\t\t\t\t\t\t\t\t\t\t\t\t<label for=\"form-field-message\" class=\"elementor-field-label elementor-screen-only\">\n\t\t\t\t\t\t\t\tEl teu missatge\t\t\t\t\t\t\t<\/label>\n\t\t\t\t\t\t<textarea class=\"elementor-field-textual elementor-field  elementor-size-md\" name=\"form_fields[message]\" id=\"form-field-message\" rows=\"4\" placeholder=\"Escriu el teu missatge\" required=\"required\" aria-required=\"true\"><\/textarea>\t\t\t\t<\/div>\n\t\t\t\t\t\t\t\t<div class=\"elementor-field-type-recaptcha_v3 elementor-field-group elementor-column elementor-field-group-field_bfc4c33 elementor-col-100 recaptcha_v3-bottomright\">\n\t\t\t\t\t<div class=\"elementor-field\" id=\"form-field-field_bfc4c33\"><div class=\"elementor-g-recaptcha\" data-sitekey=\"6LcLQ5opAAAAAFHfbLHoCsWJXh1cpOmGf3DP82qk\" data-type=\"v3\" data-action=\"Form\" data-badge=\"bottomright\" data-size=\"invisible\"><\/div><\/div>\t\t\t\t<\/div>\n\t\t\t\t\t\t\t\t<div class=\"elementor-field-group elementor-column elementor-field-type-submit elementor-col-100 e-form__buttons\">\n\t\t\t\t\t<button class=\"elementor-button elementor-size-lg\" type=\"submit\">\n\t\t\t\t\t\t<span class=\"elementor-button-content-wrapper\">\n\t\t\t\t\t\t\t\t\t\t\t\t\t\t\t\t\t\t\t\t\t\t<span class=\"elementor-button-text\">Enviar<\/span>\n\t\t\t\t\t\t\t\t\t\t\t\t\t<\/span>\n\t\t\t\t\t<\/button>\n\t\t\t\t<\/div>\n\t\t\t<\/div>\n\t\t<\/form>\n\t\t\t\t<\/div>\n\t\t\t\t<\/div>\n\t\t\t\t\t<\/div>\n\t\t\t\t<\/div>\n\t\t\t\t<\/div>\n\t\t","protected":false},"excerpt":{"rendered":"<p>Escenari id\u00edl\u00b7lic per als teus Esdeveniments de Grup Privatitzaci\u00f3 del Mas Un espai per a ocasions especials Per a un retrobament memorable, el Mas Picagnol, nom\u00e9s per a vosaltres. La privatitzaci\u00f3 completa del Mas \u00e9s la seva invitaci\u00f3 a una estada inoblidable. Amb 6 cases independents i una capacitat per a 28 persones, disposes de [&hellip;]<\/p>\n","protected":false},"author":1,"featured_media":0,"parent":0,"menu_order":0,"comment_status":"closed","ping_status":"closed","template":"elementor_header_footer","meta":{"om_disable_all_campaigns":false,"_monsterinsights_skip_tracking":false,"_monsterinsights_sitenote_active":false,"_monsterinsights_sitenote_note":"","_monsterinsights_sitenote_category":0,"_uf_show_specific_survey":0,"_uf_disable_surveys":false,"footnotes":""},"folder":[116],"class_list":["post-6577","page","type-page","status-publish","hentry"],"aioseo_notices":[],"_links":{"self":[{"href":"https:\/\/maspicagnol.com\/ca\/wp-json\/wp\/v2\/pages\/6577","targetHints":{"allow":["GET"]}}],"collection":[{"href":"https:\/\/maspicagnol.com\/ca\/wp-json\/wp\/v2\/pages"}],"about":[{"href":"https:\/\/maspicagnol.com\/ca\/wp-json\/wp\/v2\/types\/page"}],"author":[{"embeddable":true,"href":"https:\/\/maspicagnol.com\/ca\/wp-json\/wp\/v2\/users\/1"}],"replies":[{"embeddable":true,"href":"https:\/\/maspicagnol.com\/ca\/wp-json\/wp\/v2\/comments?post=6577"}],"version-history":[{"count":8,"href":"https:\/\/maspicagnol.com\/ca\/wp-json\/wp\/v2\/pages\/6577\/revisions"}],"predecessor-version":[{"id":410214,"href":"https:\/\/maspicagnol.com\/ca\/wp-json\/wp\/v2\/pages\/6577\/revisions\/410214"}],"wp:attachment":[{"href":"https:\/\/maspicagnol.com\/ca\/wp-json\/wp\/v2\/media?parent=6577"}],"wp:term":[{"taxonomy":"folder","embeddable":true,"href":"https:\/\/maspicagnol.com\/ca\/wp-json\/wp\/v2\/folder?post=6577"}],"curies":[{"name":"wp","href":"https:\/\/api.w.org\/{rel}","templated":true}]}}