{"id":6559,"date":"2024-01-18T15:58:20","date_gmt":"2024-01-18T15:58:20","guid":{"rendered":"https:\/\/maspicagnol.com\/gites-4-persones\/"},"modified":"2024-07-15T16:43:36","modified_gmt":"2024-07-15T16:43:36","slug":"gites-4-persones","status":"publish","type":"page","link":"https:\/\/maspicagnol.com\/ca\/gites-4-persones\/","title":{"rendered":"G\u00eetes 4 Persones"},"content":{"rendered":"\t\t<div data-elementor-type=\"wp-post\" data-elementor-id=\"6559\" class=\"elementor elementor-6559\" data-elementor-post-type=\"page\">\n\t\t\t\t<div class=\"elementor-element elementor-element-83b599c e-flex e-con-boxed e-con e-parent\" data-id=\"83b599c\" data-element_type=\"container\">\n\t\t\t\t\t<div class=\"e-con-inner\">\n\t\t\t\t<div class=\"elementor-element elementor-element-8489e3d elementor-widget elementor-widget-heading\" data-id=\"8489e3d\" data-element_type=\"widget\" data-widget_type=\"heading.default\">\n\t\t\t\t<div class=\"elementor-widget-container\">\n\t\t\t<h3 class=\"elementor-heading-title elementor-size-default\">Cases rurals per a 4 persones<\/h3>\t\t<\/div>\n\t\t\t\t<\/div>\n\t\t\t\t<div class=\"elementor-element elementor-element-ebce187 elementor-widget elementor-widget-text-editor\" data-id=\"ebce187\" data-element_type=\"widget\" data-widget_type=\"text-editor.default\">\n\t\t\t\t<div class=\"elementor-widget-container\">\n\t\t\t\t\t\t\t<p>Les nostres quatre cases rurals dissenyades per allotjar fins a 4 persones s\u00f3n paradisos de pau que ofereixen privadesa i comoditat. Cada casa rural t\u00e9 un disseny curosament dissenyat, amb dos dormitoris c\u00f2modes, una cuina totalment equipada i una sala d&#8217;estar c\u00e0lida. Gaudeix de la teva pr\u00f2pia terrassa privada per passar moments de relax a l&#8217;aire lliure mentre admires les espectaculars vistes que t&#8217;envolten.<\/p>\n\t\t\t\t\t\t<\/div>\n\t\t\t\t<\/div>\n\t\t\t\t\t<\/div>\n\t\t\t\t<\/div>\n\t\t<div class=\"elementor-element elementor-element-b5a30cf e-con-full e-flex e-con e-parent\" data-id=\"b5a30cf\" data-element_type=\"container\">\n\t\t<div class=\"elementor-element elementor-element-784a2eb e-con-full e-flex e-con e-child\" data-id=\"784a2eb\" data-element_type=\"container\" data-settings=\"{&quot;background_background&quot;:&quot;slideshow&quot;,&quot;background_slideshow_gallery&quot;:[{&quot;id&quot;:47168,&quot;url&quot;:&quot;https:\\\/\\\/maspicagnol.com\\\/wp-content\\\/uploads\\\/2024\\\/07\\\/salon-olivier.jpg&quot;}],&quot;background_slideshow_loop&quot;:&quot;yes&quot;,&quot;background_slideshow_slide_duration&quot;:5000,&quot;background_slideshow_slide_transition&quot;:&quot;fade&quot;,&quot;background_slideshow_transition_duration&quot;:500}\">\n\t\t\t\t<\/div>\n\t\t<div class=\"elementor-element elementor-element-6a45a84 e-con-full e-flex e-con e-child\" data-id=\"6a45a84\" data-element_type=\"container\">\n\t\t\t\t<div class=\"elementor-element elementor-element-de0fc8d elementor-widget elementor-widget-heading\" data-id=\"de0fc8d\" data-element_type=\"widget\" data-widget_type=\"heading.default\">\n\t\t\t\t<div class=\"elementor-widget-container\">\n\t\t\t<h2 class=\"elementor-heading-title elementor-size-default\">Casa rural Olivier<\/h2>\t\t<\/div>\n\t\t\t\t<\/div>\n\t\t\t\t<div class=\"elementor-element elementor-element-d7c9aec elementor-widget__width-initial elementor-widget elementor-widget-text-editor\" data-id=\"d7c9aec\" data-element_type=\"widget\" data-widget_type=\"text-editor.default\">\n\t\t\t\t<div class=\"elementor-widget-container\">\n\t\t\t\t\t\t\t<p>Descobreix la casa rural Olivier: una escapada pintoresca que combina tradici\u00f3 i modernitat, que ofereix una vista panor\u00e0mica, un ambient c\u00e0lid i comoditats de confort per a un interludi encantat de fins a 4 persones.<\/p>\n\t\t\t\t\t\t<\/div>\n\t\t\t\t<\/div>\n\t\t\t\t<div class=\"elementor-element elementor-element-a978b94 elementor-widget elementor-widget-button\" data-id=\"a978b94\" data-element_type=\"widget\" data-widget_type=\"button.default\">\n\t\t\t\t<div class=\"elementor-widget-container\">\n\t\t\t\t\t<div class=\"elementor-button-wrapper\">\n\t\t\t<a class=\"elementor-button elementor-button-link elementor-size-sm\" href=\"https:\/\/maspicagnol.com\/accommodation\/gite-olivier\/\">\n\t\t\t\t\t\t<span class=\"elementor-button-content-wrapper\">\n\t\t\t\t\t\t\t\t\t<span class=\"elementor-button-text\">Apr\u00e8n m\u00e9s<\/span>\n\t\t\t\t\t<\/span>\n\t\t\t\t\t<\/a>\n\t\t<\/div>\n\t\t\t\t<\/div>\n\t\t\t\t<\/div>\n\t\t\t\t<\/div>\n\t\t\t\t<\/div>\n\t\t<div class=\"elementor-element elementor-element-c976290 e-con-full e-flex e-con e-parent\" data-id=\"c976290\" data-element_type=\"container\">\n\t\t<div class=\"elementor-element elementor-element-a69a557 e-con-full e-flex e-con e-child\" data-id=\"a69a557\" data-element_type=\"container\">\n\t\t\t\t<div class=\"elementor-element elementor-element-7092383 elementor-widget elementor-widget-heading\" data-id=\"7092383\" data-element_type=\"widget\" data-widget_type=\"heading.default\">\n\t\t\t\t<div class=\"elementor-widget-container\">\n\t\t\t<h2 class=\"elementor-heading-title elementor-size-default\">Casa rural Campsis<\/h2>\t\t<\/div>\n\t\t\t\t<\/div>\n\t\t\t\t<div class=\"elementor-element elementor-element-77ba794 elementor-widget__width-initial elementor-widget elementor-widget-text-editor\" data-id=\"77ba794\" data-element_type=\"widget\" data-widget_type=\"text-editor.default\">\n\t\t\t\t<div class=\"elementor-widget-container\">\n\t\t\t\t\t\t\t<p>Explora la casa rural Campsis: un refugi per a 4 persones que ofereix una combinaci\u00f3 harmoniosa de confort modern i encant natural, amb una sala d&#8217;estar acollidora, una terrassa amb ombra amb vistes a la piscina, comoditats modernes i una base ideal per a aventures locals.<\/p>\n\t\t\t\t\t\t<\/div>\n\t\t\t\t<\/div>\n\t\t\t\t<div class=\"elementor-element elementor-element-23e57c4 elementor-align-right elementor-widget elementor-widget-button\" data-id=\"23e57c4\" data-element_type=\"widget\" data-widget_type=\"button.default\">\n\t\t\t\t<div class=\"elementor-widget-container\">\n\t\t\t\t\t<div class=\"elementor-button-wrapper\">\n\t\t\t<a class=\"elementor-button elementor-button-link elementor-size-sm\" href=\"https:\/\/maspicagnol.com\/accommodation\/gite-campsis\/\">\n\t\t\t\t\t\t<span class=\"elementor-button-content-wrapper\">\n\t\t\t\t\t\t\t\t\t<span class=\"elementor-button-text\">Apr\u00e8n m\u00e9s<\/span>\n\t\t\t\t\t<\/span>\n\t\t\t\t\t<\/a>\n\t\t<\/div>\n\t\t\t\t<\/div>\n\t\t\t\t<\/div>\n\t\t\t\t<\/div>\n\t\t<div class=\"elementor-element elementor-element-60990a6 e-flex e-con-boxed e-con e-child\" data-id=\"60990a6\" data-element_type=\"container\" data-settings=\"{&quot;background_background&quot;:&quot;slideshow&quot;,&quot;background_slideshow_gallery&quot;:[{&quot;id&quot;:47720,&quot;url&quot;:&quot;https:\\\/\\\/maspicagnol.com\\\/wp-content\\\/uploads\\\/2024\\\/07\\\/salon-Campsis-1.jpg&quot;}],&quot;background_slideshow_loop&quot;:&quot;yes&quot;,&quot;background_slideshow_slide_duration&quot;:5000,&quot;background_slideshow_slide_transition&quot;:&quot;fade&quot;,&quot;background_slideshow_transition_duration&quot;:500}\">\n\t\t\t\t\t<div class=\"e-con-inner\">\n\t\t\t\t\t<\/div>\n\t\t\t\t<\/div>\n\t\t\t\t<\/div>\n\t\t<div class=\"elementor-element elementor-element-1d9d020 e-con-full e-flex e-con e-parent\" data-id=\"1d9d020\" data-element_type=\"container\">\n\t\t<div class=\"elementor-element elementor-element-234ea50 e-con-full e-flex e-con e-child\" data-id=\"234ea50\" data-element_type=\"container\" data-settings=\"{&quot;background_background&quot;:&quot;slideshow&quot;,&quot;background_slideshow_gallery&quot;:[{&quot;id&quot;:25884,&quot;url&quot;:&quot;https:\\\/\\\/maspicagnol.com\\\/wp-content\\\/uploads\\\/2024\\\/07\\\/salon-accroche-neria-1.jpg&quot;}],&quot;background_slideshow_loop&quot;:&quot;yes&quot;,&quot;background_slideshow_slide_duration&quot;:5000,&quot;background_slideshow_slide_transition&quot;:&quot;fade&quot;,&quot;background_slideshow_transition_duration&quot;:500}\">\n\t\t\t\t<\/div>\n\t\t<div class=\"elementor-element elementor-element-7707229 e-con-full e-flex e-con e-child\" data-id=\"7707229\" data-element_type=\"container\">\n\t\t\t\t<div class=\"elementor-element elementor-element-028edea elementor-widget elementor-widget-heading\" data-id=\"028edea\" data-element_type=\"widget\" data-widget_type=\"heading.default\">\n\t\t\t\t<div class=\"elementor-widget-container\">\n\t\t\t<h2 class=\"elementor-heading-title elementor-size-default\">Casa rural Neria<\/h2>\t\t<\/div>\n\t\t\t\t<\/div>\n\t\t\t\t<div class=\"elementor-element elementor-element-5564ca4 elementor-widget__width-initial elementor-widget elementor-widget-text-editor\" data-id=\"5564ca4\" data-element_type=\"widget\" data-widget_type=\"text-editor.default\">\n\t\t\t\t<div class=\"elementor-widget-container\">\n\t\t\t\t\t\t\t<p>Benvinguts a Neria, un refugi \u00edntim en plena natura que ofereix una escapada c\u00f2moda per a 4 persones, amb una \u00e0mplia sala d&#8217;estar, una terrassa panor\u00e0mica, comoditats modernes i un ambient c\u00e0lid, tot en un entorn pintoresc a prop del poble d&#8217;Oms.<\/p>\n\t\t\t\t\t\t<\/div>\n\t\t\t\t<\/div>\n\t\t\t\t<div class=\"elementor-element elementor-element-2fcfdaf elementor-widget elementor-widget-button\" data-id=\"2fcfdaf\" data-element_type=\"widget\" data-widget_type=\"button.default\">\n\t\t\t\t<div class=\"elementor-widget-container\">\n\t\t\t\t\t<div class=\"elementor-button-wrapper\">\n\t\t\t<a class=\"elementor-button elementor-button-link elementor-size-sm\" href=\"https:\/\/maspicagnol.com\/accommodation\/gite-neria\/\">\n\t\t\t\t\t\t<span class=\"elementor-button-content-wrapper\">\n\t\t\t\t\t\t\t\t\t<span class=\"elementor-button-text\">Apr\u00e8n m\u00e9s<\/span>\n\t\t\t\t\t<\/span>\n\t\t\t\t\t<\/a>\n\t\t<\/div>\n\t\t\t\t<\/div>\n\t\t\t\t<\/div>\n\t\t\t\t<\/div>\n\t\t\t\t<\/div>\n\t\t<div class=\"elementor-element elementor-element-0b60c19 e-con-full e-flex e-con e-parent\" data-id=\"0b60c19\" data-element_type=\"container\">\n\t\t<div class=\"elementor-element elementor-element-6c540d2 e-con-full e-flex e-con e-child\" data-id=\"6c540d2\" data-element_type=\"container\">\n\t\t\t\t<div class=\"elementor-element elementor-element-10d7cce elementor-widget elementor-widget-heading\" data-id=\"10d7cce\" data-element_type=\"widget\" data-widget_type=\"heading.default\">\n\t\t\t\t<div class=\"elementor-widget-container\">\n\t\t\t<h2 class=\"elementor-heading-title elementor-size-default\">Casa Rural Jasmin<\/h2>\t\t<\/div>\n\t\t\t\t<\/div>\n\t\t\t\t<div class=\"elementor-element elementor-element-8850d5e elementor-widget__width-initial elementor-widget elementor-widget-text-editor\" data-id=\"8850d5e\" data-element_type=\"widget\" data-widget_type=\"text-editor.default\">\n\t\t\t\t<div class=\"elementor-widget-container\">\n\t\t\t\t\t\t\t<p>Benvinguts a la casa rural Jasmin us convida a una experi\u00e8ncia de vacances inoblidable. Amb el seu ambient r\u00fastic sota una gran alzina, una decoraci\u00f3 refinada i comoditats modernes, aquest apartament d\u00faplex ofereix privacitat i confort per a un m\u00e0xim de 4 persones, creant un veritable rec\u00e9s de pau en plena natura.<\/p>\n\t\t\t\t\t\t<\/div>\n\t\t\t\t<\/div>\n\t\t\t\t<div class=\"elementor-element elementor-element-54e18f9 elementor-align-right elementor-widget elementor-widget-button\" data-id=\"54e18f9\" data-element_type=\"widget\" data-widget_type=\"button.default\">\n\t\t\t\t<div class=\"elementor-widget-container\">\n\t\t\t\t\t<div class=\"elementor-button-wrapper\">\n\t\t\t<a class=\"elementor-button elementor-button-link elementor-size-sm\" href=\"https:\/\/maspicagnol.com\/accommodation\/gite-jasmin\/\">\n\t\t\t\t\t\t<span class=\"elementor-button-content-wrapper\">\n\t\t\t\t\t\t\t\t\t<span class=\"elementor-button-text\">Apr\u00e8n m\u00e9s<\/span>\n\t\t\t\t\t<\/span>\n\t\t\t\t\t<\/a>\n\t\t<\/div>\n\t\t\t\t<\/div>\n\t\t\t\t<\/div>\n\t\t\t\t<\/div>\n\t\t<div class=\"elementor-element elementor-element-e8637a6 e-flex e-con-boxed e-con e-child\" data-id=\"e8637a6\" data-element_type=\"container\" data-settings=\"{&quot;background_background&quot;:&quot;slideshow&quot;,&quot;background_slideshow_gallery&quot;:[{&quot;id&quot;:23636,&quot;url&quot;:&quot;https:\\\/\\\/maspicagnol.com\\\/wp-content\\\/uploads\\\/2024\\\/07\\\/photo-accroche-jasmin.jpg&quot;}],&quot;background_slideshow_loop&quot;:&quot;yes&quot;,&quot;background_slideshow_slide_duration&quot;:5000,&quot;background_slideshow_slide_transition&quot;:&quot;fade&quot;,&quot;background_slideshow_transition_duration&quot;:500}\">\n\t\t\t\t\t<div class=\"e-con-inner\">\n\t\t\t\t\t<\/div>\n\t\t\t\t<\/div>\n\t\t\t\t<\/div>\n\t\t\t\t<\/div>\n\t\t","protected":false},"excerpt":{"rendered":"<p>Cases rurals per a 4 persones Les nostres quatre cases rurals dissenyades per allotjar fins a 4 persones s\u00f3n paradisos de pau que ofereixen privadesa i comoditat. Cada casa rural t\u00e9 un disseny curosament dissenyat, amb dos dormitoris c\u00f2modes, una cuina totalment equipada i una sala d&#8217;estar c\u00e0lida. Gaudeix de la teva pr\u00f2pia terrassa privada [&hellip;]<\/p>\n","protected":false},"author":1,"featured_media":0,"parent":0,"menu_order":0,"comment_status":"closed","ping_status":"closed","template":"elementor_header_footer","meta":{"om_disable_all_campaigns":false,"_monsterinsights_skip_tracking":false,"_monsterinsights_sitenote_active":false,"_monsterinsights_sitenote_note":"","_monsterinsights_sitenote_category":0,"_uf_show_specific_survey":0,"_uf_disable_surveys":false,"footnotes":""},"folder":[117],"class_list":["post-6559","page","type-page","status-publish","hentry"],"aioseo_notices":[],"_links":{"self":[{"href":"https:\/\/maspicagnol.com\/ca\/wp-json\/wp\/v2\/pages\/6559","targetHints":{"allow":["GET"]}}],"collection":[{"href":"https:\/\/maspicagnol.com\/ca\/wp-json\/wp\/v2\/pages"}],"about":[{"href":"https:\/\/maspicagnol.com\/ca\/wp-json\/wp\/v2\/types\/page"}],"author":[{"embeddable":true,"href":"https:\/\/maspicagnol.com\/ca\/wp-json\/wp\/v2\/users\/1"}],"replies":[{"embeddable":true,"href":"https:\/\/maspicagnol.com\/ca\/wp-json\/wp\/v2\/comments?post=6559"}],"version-history":[{"count":11,"href":"https:\/\/maspicagnol.com\/ca\/wp-json\/wp\/v2\/pages\/6559\/revisions"}],"predecessor-version":[{"id":48178,"href":"https:\/\/maspicagnol.com\/ca\/wp-json\/wp\/v2\/pages\/6559\/revisions\/48178"}],"wp:attachment":[{"href":"https:\/\/maspicagnol.com\/ca\/wp-json\/wp\/v2\/media?parent=6559"}],"wp:term":[{"taxonomy":"folder","embeddable":true,"href":"https:\/\/maspicagnol.com\/ca\/wp-json\/wp\/v2\/folder?post=6559"}],"curies":[{"name":"wp","href":"https:\/\/api.w.org\/{rel}","templated":true}]}}