{"id":6558,"date":"2024-01-18T15:58:37","date_gmt":"2024-01-18T15:58:37","guid":{"rendered":"https:\/\/maspicagnol.com\/cases-rurals-6-persones\/"},"modified":"2024-10-07T12:38:33","modified_gmt":"2024-10-07T12:38:33","slug":"cases-rurals-6-persones","status":"publish","type":"page","link":"https:\/\/maspicagnol.com\/ca\/cases-rurals-6-persones\/","title":{"rendered":"Cases rurals 6 persones"},"content":{"rendered":"\t\t<div data-elementor-type=\"wp-post\" data-elementor-id=\"6558\" class=\"elementor elementor-6558\" data-elementor-post-type=\"page\">\n\t\t\t\t<div class=\"elementor-element elementor-element-7446a0e e-flex e-con-boxed e-con e-parent\" data-id=\"7446a0e\" data-element_type=\"container\">\n\t\t\t\t\t<div class=\"e-con-inner\">\n\t\t\t\t<div class=\"elementor-element elementor-element-3ada269 elementor-widget elementor-widget-heading\" data-id=\"3ada269\" data-element_type=\"widget\" data-widget_type=\"heading.default\">\n\t\t\t\t<div class=\"elementor-widget-container\">\n\t\t\t<h3 class=\"elementor-heading-title elementor-size-default\">Casetes per a 6 persones<\/h3>\t\t<\/div>\n\t\t\t\t<\/div>\n\t\t\t\t<div class=\"elementor-element elementor-element-c5ca819 elementor-widget elementor-widget-text-editor\" data-id=\"c5ca819\" data-element_type=\"widget\" data-widget_type=\"text-editor.default\">\n\t\t\t\t<div class=\"elementor-widget-container\">\n\t\t\t\t\t\t\t<p>Per a grups m\u00e9s grans, les nostres dues \u00e0mplies cases rurals per a 6 persones ofereixen un espai gener\u00f3s per a moments de conviv\u00e8ncia. Amb tres dormitoris elegants, una cuina moderna i una sala d&#8217;estar acollidora, aquests allotjaments s\u00f3n perfectes per a fam\u00edlies o amics que viatgen junts. Cadascuna de les cases de camp per a 6 persones tamb\u00e9 t\u00e9 una terrassa privada per passar les nits sota les estrelles.<\/p>\n\t\t\t\t\t\t<\/div>\n\t\t\t\t<\/div>\n\t\t\t\t\t<\/div>\n\t\t\t\t<\/div>\n\t\t<div class=\"elementor-element elementor-element-06426ac e-con-full e-flex e-con e-parent\" data-id=\"06426ac\" data-element_type=\"container\">\n\t\t<div class=\"elementor-element elementor-element-9e5ea2b e-con-full e-flex e-con e-child\" data-id=\"9e5ea2b\" data-element_type=\"container\" data-settings=\"{&quot;background_background&quot;:&quot;slideshow&quot;,&quot;background_slideshow_gallery&quot;:[{&quot;id&quot;:47773,&quot;url&quot;:&quot;https:\\\/\\\/maspicagnol.com\\\/wp-content\\\/uploads\\\/2024\\\/07\\\/salon-wisteria-photo-accroche-2.jpg&quot;}],&quot;background_slideshow_loop&quot;:&quot;yes&quot;,&quot;background_slideshow_slide_duration&quot;:5000,&quot;background_slideshow_slide_transition&quot;:&quot;fade&quot;,&quot;background_slideshow_transition_duration&quot;:500}\">\n\t\t\t\t<\/div>\n\t\t<div class=\"elementor-element elementor-element-defd468 e-con-full e-flex e-con e-child\" data-id=\"defd468\" data-element_type=\"container\">\n\t\t\t\t<div class=\"elementor-element elementor-element-d8e4d13 elementor-widget elementor-widget-heading\" data-id=\"d8e4d13\" data-element_type=\"widget\" data-widget_type=\"heading.default\">\n\t\t\t\t<div class=\"elementor-widget-container\">\n\t\t\t<h2 class=\"elementor-heading-title elementor-size-default\">Casa rural Wisteria<\/h2>\t\t<\/div>\n\t\t\t\t<\/div>\n\t\t\t\t<div class=\"elementor-element elementor-element-7de9b8f elementor-widget__width-initial elementor-widget elementor-widget-text-editor\" data-id=\"7de9b8f\" data-element_type=\"widget\" data-widget_type=\"text-editor.default\">\n\t\t\t\t<div class=\"elementor-widget-container\">\n\t\t\t\t\t\t\t<p>Benvinguts a la casa rural Wisteria: un rec\u00e9s de pau per a 6 persones, on la natura es troba amb el confort actual. Amb la seva casa principal d\u00faplex i un encantador dormitori contigu, una terrassa ombrejada sota una olivera centen\u00e0ria i un bignone, gaudeix d&#8217;un entorn id\u00edl\u00b7lic per a moments de relax a l&#8217;aire lliure, mentre et beneficies de la comoditat de l&#8217;aire condicionat, la televisi\u00f3 per sat\u00e8l\u00b7lit i l&#8217;acc\u00e9s wifi il\u00b7limitat per a unes vacances inoblidables en fam\u00edlia o amb amics.<\/p>\n\t\t\t\t\t\t<\/div>\n\t\t\t\t<\/div>\n\t\t\t\t<div class=\"elementor-element elementor-element-dfc4e2f elementor-widget elementor-widget-button\" data-id=\"dfc4e2f\" data-element_type=\"widget\" data-widget_type=\"button.default\">\n\t\t\t\t<div class=\"elementor-widget-container\">\n\t\t\t\t\t<div class=\"elementor-button-wrapper\">\n\t\t\t<a class=\"elementor-button elementor-button-link elementor-size-sm\" href=\"https:\/\/maspicagnol.com\/accommodation\/gite-wisteria\/\">\n\t\t\t\t\t\t<span class=\"elementor-button-content-wrapper\">\n\t\t\t\t\t\t\t\t\t<span class=\"elementor-button-text\">Apr\u00e8n m\u00e9s<\/span>\n\t\t\t\t\t<\/span>\n\t\t\t\t\t<\/a>\n\t\t<\/div>\n\t\t\t\t<\/div>\n\t\t\t\t<\/div>\n\t\t\t\t<\/div>\n\t\t\t\t<\/div>\n\t\t<div class=\"elementor-element elementor-element-c8d5b43 e-con-full e-flex e-con e-parent\" data-id=\"c8d5b43\" data-element_type=\"container\">\n\t\t<div class=\"elementor-element elementor-element-dd1bd10 e-con-full e-flex e-con e-child\" data-id=\"dd1bd10\" data-element_type=\"container\">\n\t\t\t\t<div class=\"elementor-element elementor-element-ba536d5 elementor-widget elementor-widget-heading\" data-id=\"ba536d5\" data-element_type=\"widget\" data-widget_type=\"heading.default\">\n\t\t\t\t<div class=\"elementor-widget-container\">\n\t\t\t<h2 class=\"elementor-heading-title elementor-size-default\">Casa rural Orqu\u00eddia<\/h2>\t\t<\/div>\n\t\t\t\t<\/div>\n\t\t\t\t<div class=\"elementor-element elementor-element-beeee7b elementor-widget__width-initial elementor-widget elementor-widget-text-editor\" data-id=\"beeee7b\" data-element_type=\"widget\" data-widget_type=\"text-editor.default\">\n\t\t\t\t<div class=\"elementor-widget-container\">\n\t\t\t\t\t\t\t<p>Descobreix la casa rural Orchid\u00e9e: un rec\u00e9s de pau per a 6 persones, completament renovat el 2022, que ofereix un entorn ampli i llumin\u00f3s amb tres c\u00f2modes dormitoris, una cuina americana equipada, una terrassa amb una vista impressionant del poble d&#8217;Oms i el Canig\u00f3, aix\u00ed com comoditats modernes com aire condicionat reversible, TV per sat\u00e8l\u00b7lit i acc\u00e9s wifi il\u00b7limitat,  assegurant aix\u00ed unes vacances inoblidables en fam\u00edlia o amb amics.<\/p>\n\t\t\t\t\t\t<\/div>\n\t\t\t\t<\/div>\n\t\t\t\t<div class=\"elementor-element elementor-element-f8a9d9f elementor-align-right elementor-widget elementor-widget-button\" data-id=\"f8a9d9f\" data-element_type=\"widget\" data-widget_type=\"button.default\">\n\t\t\t\t<div class=\"elementor-widget-container\">\n\t\t\t\t\t<div class=\"elementor-button-wrapper\">\n\t\t\t<a class=\"elementor-button elementor-button-link elementor-size-sm\" href=\"https:\/\/maspicagnol.com\/accommodation\/gite-orchidee\/\">\n\t\t\t\t\t\t<span class=\"elementor-button-content-wrapper\">\n\t\t\t\t\t\t\t\t\t<span class=\"elementor-button-text\">Apr\u00e8n m\u00e9s<\/span>\n\t\t\t\t\t<\/span>\n\t\t\t\t\t<\/a>\n\t\t<\/div>\n\t\t\t\t<\/div>\n\t\t\t\t<\/div>\n\t\t\t\t<\/div>\n\t\t<div class=\"elementor-element elementor-element-2af84ad e-flex e-con-boxed e-con e-child\" data-id=\"2af84ad\" data-element_type=\"container\" data-settings=\"{&quot;background_background&quot;:&quot;slideshow&quot;,&quot;background_slideshow_gallery&quot;:[{&quot;id&quot;:46999,&quot;url&quot;:&quot;https:\\\/\\\/maspicagnol.com\\\/wp-content\\\/uploads\\\/2024\\\/07\\\/salon-2-orchidee.jpg&quot;}],&quot;background_slideshow_loop&quot;:&quot;yes&quot;,&quot;background_slideshow_slide_duration&quot;:5000,&quot;background_slideshow_slide_transition&quot;:&quot;fade&quot;,&quot;background_slideshow_transition_duration&quot;:500}\">\n\t\t\t\t\t<div class=\"e-con-inner\">\n\t\t\t\t\t<\/div>\n\t\t\t\t<\/div>\n\t\t\t\t<\/div>\n\t\t\t\t<\/div>\n\t\t","protected":false},"excerpt":{"rendered":"<p>Casetes per a 6 persones Per a grups m\u00e9s grans, les nostres dues \u00e0mplies cases rurals per a 6 persones ofereixen un espai gener\u00f3s per a moments de conviv\u00e8ncia. Amb tres dormitoris elegants, una cuina moderna i una sala d&#8217;estar acollidora, aquests allotjaments s\u00f3n perfectes per a fam\u00edlies o amics que viatgen junts. Cadascuna de [&hellip;]<\/p>\n","protected":false},"author":1,"featured_media":0,"parent":0,"menu_order":0,"comment_status":"closed","ping_status":"closed","template":"elementor_header_footer","meta":{"om_disable_all_campaigns":false,"_monsterinsights_skip_tracking":false,"_monsterinsights_sitenote_active":false,"_monsterinsights_sitenote_note":"","_monsterinsights_sitenote_category":0,"_uf_show_specific_survey":0,"_uf_disable_surveys":false,"footnotes":""},"folder":[117],"class_list":["post-6558","page","type-page","status-publish","hentry"],"aioseo_notices":[],"_links":{"self":[{"href":"https:\/\/maspicagnol.com\/ca\/wp-json\/wp\/v2\/pages\/6558","targetHints":{"allow":["GET"]}}],"collection":[{"href":"https:\/\/maspicagnol.com\/ca\/wp-json\/wp\/v2\/pages"}],"about":[{"href":"https:\/\/maspicagnol.com\/ca\/wp-json\/wp\/v2\/types\/page"}],"author":[{"embeddable":true,"href":"https:\/\/maspicagnol.com\/ca\/wp-json\/wp\/v2\/users\/1"}],"replies":[{"embeddable":true,"href":"https:\/\/maspicagnol.com\/ca\/wp-json\/wp\/v2\/comments?post=6558"}],"version-history":[{"count":11,"href":"https:\/\/maspicagnol.com\/ca\/wp-json\/wp\/v2\/pages\/6558\/revisions"}],"predecessor-version":[{"id":153729,"href":"https:\/\/maspicagnol.com\/ca\/wp-json\/wp\/v2\/pages\/6558\/revisions\/153729"}],"wp:attachment":[{"href":"https:\/\/maspicagnol.com\/ca\/wp-json\/wp\/v2\/media?parent=6558"}],"wp:term":[{"taxonomy":"folder","embeddable":true,"href":"https:\/\/maspicagnol.com\/ca\/wp-json\/wp\/v2\/folder?post=6558"}],"curies":[{"name":"wp","href":"https:\/\/api.w.org\/{rel}","templated":true}]}}