{"id":6552,"date":"2024-01-17T12:42:49","date_gmt":"2024-01-17T12:42:49","guid":{"rendered":"https:\/\/maspicagnol.com\/pagina-dexemple\/"},"modified":"2024-03-06T06:53:19","modified_gmt":"2024-03-06T06:53:19","slug":"pagina-dexemple","status":"publish","type":"page","link":"https:\/\/maspicagnol.com\/ca\/pagina-dexemple\/","title":{"rendered":"P\u00e0gina d&#8217;exemple"},"content":{"rendered":"<p>Aquesta \u00e9s una p\u00e0gina d&#8217;exemple. \u00c9s diferent d&#8217;una publicaci\u00f3 de bloc perqu\u00e8 es mantindr\u00e0 en un lloc i apareixer\u00e0 a la navegaci\u00f3 del vostre lloc (a la majoria de temes). La majoria de la gent comen\u00e7a amb una p\u00e0gina Quant a que els presenta als visitants potencials del lloc. Podria dir alguna cosa aix\u00ed:<\/p><blockquote class=\"wp-block-quote is-layout-flow wp-block-quote-is-layout-flow\"><p>Hola! S\u00f3c missatger amb bicicleta de dia, aspirant a actor de nit, i aquest \u00e9s el meu lloc web. Visc a Los Angeles, tinc un gran gos que es diu Jack i m&#8217;agrada la pinya colada. (I quedant&#8217; atrapat sota la pluja.)<\/p><\/blockquote><p>&#8230; o alguna cosa aix\u00ed:<\/p><blockquote class=\"wp-block-quote is-layout-flow wp-block-quote-is-layout-flow\"><p>La XYZ Doohickey Company va ser fundada el 1971, i ha estat proporcionant doohickeys de qualitat al p\u00fablic des de llavors. Situat a la ciutat de Gotham, XYZ d\u00f3na feina a m\u00e9s de 2,000 persones i fa tot tipus de coses impressionants per a la comunitat de Gotham.<\/p><\/blockquote><p>Com a nou usuari de WordPress, haur\u00edeu d&#8217;anar al <a href=\"https:\/\/maspicagnol.com\/wp-admin\/\">tauler<\/a> per suprimir aquesta p\u00e0gina i crear p\u00e0gines noves per al vostre contingut. Que et diverteixis!<\/p>","protected":false},"excerpt":{"rendered":"<p>Aquesta \u00e9s una p\u00e0gina d&#8217;exemple. \u00c9s diferent d&#8217;una publicaci\u00f3 de bloc perqu\u00e8 es mantindr\u00e0 en un lloc i apareixer\u00e0 a la navegaci\u00f3 del vostre lloc (a la majoria de temes). La majoria de la gent comen\u00e7a amb una p\u00e0gina Quant a que els presenta als visitants potencials del lloc. Podria dir alguna cosa aix\u00ed: Hola! [&hellip;]<\/p>\n","protected":false},"author":1,"featured_media":0,"parent":0,"menu_order":0,"comment_status":"closed","ping_status":"closed","template":"","meta":{"om_disable_all_campaigns":false,"_monsterinsights_skip_tracking":false,"_monsterinsights_sitenote_active":false,"_monsterinsights_sitenote_note":"","_monsterinsights_sitenote_category":0,"_uf_show_specific_survey":0,"_uf_disable_surveys":false,"footnotes":""},"folder":[],"class_list":["post-6552","page","type-page","status-publish","hentry"],"aioseo_notices":[],"_links":{"self":[{"href":"https:\/\/maspicagnol.com\/ca\/wp-json\/wp\/v2\/pages\/6552","targetHints":{"allow":["GET"]}}],"collection":[{"href":"https:\/\/maspicagnol.com\/ca\/wp-json\/wp\/v2\/pages"}],"about":[{"href":"https:\/\/maspicagnol.com\/ca\/wp-json\/wp\/v2\/types\/page"}],"author":[{"embeddable":true,"href":"https:\/\/maspicagnol.com\/ca\/wp-json\/wp\/v2\/users\/1"}],"replies":[{"embeddable":true,"href":"https:\/\/maspicagnol.com\/ca\/wp-json\/wp\/v2\/comments?post=6552"}],"version-history":[{"count":1,"href":"https:\/\/maspicagnol.com\/ca\/wp-json\/wp\/v2\/pages\/6552\/revisions"}],"predecessor-version":[{"id":6557,"href":"https:\/\/maspicagnol.com\/ca\/wp-json\/wp\/v2\/pages\/6552\/revisions\/6557"}],"wp:attachment":[{"href":"https:\/\/maspicagnol.com\/ca\/wp-json\/wp\/v2\/media?parent=6552"}],"wp:term":[{"taxonomy":"folder","embeddable":true,"href":"https:\/\/maspicagnol.com\/ca\/wp-json\/wp\/v2\/folder?post=6552"}],"curies":[{"name":"wp","href":"https:\/\/api.w.org\/{rel}","templated":true}]}}