{"id":2008,"date":"2024-01-18T17:47:19","date_gmt":"2024-01-18T17:47:19","guid":{"rendered":"https:\/\/maspicagnol.com\/les-gites\/"},"modified":"2024-07-15T16:42:44","modified_gmt":"2024-07-15T16:42:44","slug":"les-gites","status":"publish","type":"page","link":"https:\/\/maspicagnol.com\/ca\/les-gites\/","title":{"rendered":"Les G\u00eetes"},"content":{"rendered":"\t\t<div data-elementor-type=\"wp-page\" data-elementor-id=\"2008\" class=\"elementor elementor-2008\" data-elementor-post-type=\"page\">\n\t\t\t\t<div class=\"elementor-element elementor-element-e369bf0 e-flex e-con-boxed e-con e-parent\" data-id=\"e369bf0\" data-element_type=\"container\" data-e-type=\"container\" data-settings=\"{&quot;background_background&quot;:&quot;classic&quot;}\">\n\t\t\t\t\t<div class=\"e-con-inner\">\n\t\t\t\t<div class=\"elementor-element elementor-element-e9be128 elementor-widget elementor-widget-heading\" data-id=\"e9be128\" data-element_type=\"widget\" data-e-type=\"widget\" data-widget_type=\"heading.default\">\n\t\t\t\t<div class=\"elementor-widget-container\">\n\t\t\t\t\t<h1 class=\"elementor-heading-title elementor-size-default\">Descobreix les nostres cases rurals<\/h1>\t\t\t\t<\/div>\n\t\t\t\t<\/div>\n\t\t\t\t<div class=\"elementor-element elementor-element-7cbc2bb elementor-widget elementor-widget-text-editor\" data-id=\"7cbc2bb\" data-element_type=\"widget\" data-e-type=\"widget\" data-widget_type=\"text-editor.default\">\n\t\t\t\t<div class=\"elementor-widget-container\">\n\t\t\t\t\t\t\t\t\t<p>L&#8217;art de viure en harmonia amb la natura<\/p>\n\t\t\t\t\t\t\t\t<\/div>\n\t\t\t\t<\/div>\n\t\t\t\t\t<\/div>\n\t\t\t\t<\/div>\n\t\t<div class=\"elementor-element elementor-element-c94ac1d e-flex e-con-boxed e-con e-parent\" data-id=\"c94ac1d\" data-element_type=\"container\" data-e-type=\"container\">\n\t\t\t\t\t<div class=\"e-con-inner\">\n\t\t\t\t<div class=\"elementor-element elementor-element-1a56395 elementor-widget elementor-widget-heading\" data-id=\"1a56395\" data-element_type=\"widget\" data-e-type=\"widget\" data-widget_type=\"heading.default\">\n\t\t\t\t<div class=\"elementor-widget-container\">\n\t\t\t\t\t<h3 class=\"elementor-heading-title elementor-size-default\">Benvinguts a la nostra col\u00b7lecci\u00f3 de cases rurals<\/h3>\t\t\t\t<\/div>\n\t\t\t\t<\/div>\n\t\t\t\t<div class=\"elementor-element elementor-element-946f279 elementor-widget elementor-widget-text-editor\" data-id=\"946f279\" data-element_type=\"widget\" data-e-type=\"widget\" data-widget_type=\"text-editor.default\">\n\t\t\t\t<div class=\"elementor-widget-container\">\n\t\t\t\t\t\t\t\t\t<p>  on cada estada promet una experi\u00e8ncia \u00fanica en l&#8217;encantador entorn dels Pirineus Orientals. Els nostres allotjaments, dividits en dues categories, us ofereixen l&#8217;elecci\u00f3 perfecta per a unes vacances inoblidables.<\/p>\n\t\t\t\t\t\t\t\t<\/div>\n\t\t\t\t<\/div>\n\t\t\t\t\t<\/div>\n\t\t\t\t<\/div>\n\t\t<div class=\"elementor-element elementor-element-053fcb1 e-flex e-con-boxed e-con e-parent\" data-id=\"053fcb1\" data-element_type=\"container\" data-e-type=\"container\">\n\t\t\t\t\t<div class=\"e-con-inner\">\n\t\t\t\t<div class=\"elementor-element elementor-element-3b6851e elementor-widget elementor-widget-heading\" data-id=\"3b6851e\" data-element_type=\"widget\" data-e-type=\"widget\" data-widget_type=\"heading.default\">\n\t\t\t\t<div class=\"elementor-widget-container\">\n\t\t\t\t\t<h3 class=\"elementor-heading-title elementor-size-default\">Cases rurals per a 4 persones<\/h3>\t\t\t\t<\/div>\n\t\t\t\t<\/div>\n\t\t\t\t<div class=\"elementor-element elementor-element-7cd69fb elementor-widget elementor-widget-text-editor\" data-id=\"7cd69fb\" data-element_type=\"widget\" data-e-type=\"widget\" data-widget_type=\"text-editor.default\">\n\t\t\t\t<div class=\"elementor-widget-container\">\n\t\t\t\t\t\t\t\t\t<p>Les nostres quatre cases rurals dissenyades per allotjar fins a 4 persones s\u00f3n paradisos de pau que ofereixen privadesa i comoditat. Cada casa rural t\u00e9 un disseny curosament dissenyat, amb dos dormitoris c\u00f2modes, una cuina totalment equipada i una sala d&#8217;estar c\u00e0lida. Gaudeix de la teva pr\u00f2pia terrassa privada per passar moments de relax a l&#8217;aire lliure mentre admires les espectaculars vistes que t&#8217;envolten.<\/p>\n\t\t\t\t\t\t\t\t<\/div>\n\t\t\t\t<\/div>\n\t\t\t\t\t<\/div>\n\t\t\t\t<\/div>\n\t\t<div class=\"elementor-element elementor-element-afea9ce e-con-full e-flex e-con e-parent\" data-id=\"afea9ce\" data-element_type=\"container\" data-e-type=\"container\">\n\t\t<div class=\"elementor-element elementor-element-ab3609b e-con-full e-flex e-con e-child\" data-id=\"ab3609b\" data-element_type=\"container\" data-e-type=\"container\" data-settings=\"{&quot;background_background&quot;:&quot;slideshow&quot;,&quot;background_slideshow_gallery&quot;:[{&quot;id&quot;:47168,&quot;url&quot;:&quot;https:\\\/\\\/maspicagnol.com\\\/wp-content\\\/uploads\\\/2024\\\/07\\\/salon-olivier.jpg&quot;}],&quot;background_slideshow_loop&quot;:&quot;yes&quot;,&quot;background_slideshow_slide_duration&quot;:5000,&quot;background_slideshow_slide_transition&quot;:&quot;fade&quot;,&quot;background_slideshow_transition_duration&quot;:500}\">\n\t\t\t\t<\/div>\n\t\t<div class=\"elementor-element elementor-element-ae55435 e-con-full e-flex e-con e-child\" data-id=\"ae55435\" data-element_type=\"container\" data-e-type=\"container\">\n\t\t\t\t<div class=\"elementor-element elementor-element-0ac4130 elementor-widget elementor-widget-heading\" data-id=\"0ac4130\" data-element_type=\"widget\" data-e-type=\"widget\" data-widget_type=\"heading.default\">\n\t\t\t\t<div class=\"elementor-widget-container\">\n\t\t\t\t\t<h2 class=\"elementor-heading-title elementor-size-default\">Casa rural Olivier<\/h2>\t\t\t\t<\/div>\n\t\t\t\t<\/div>\n\t\t\t\t<div class=\"elementor-element elementor-element-2d7316a elementor-widget__width-initial elementor-widget elementor-widget-text-editor\" data-id=\"2d7316a\" data-element_type=\"widget\" data-e-type=\"widget\" data-widget_type=\"text-editor.default\">\n\t\t\t\t<div class=\"elementor-widget-container\">\n\t\t\t\t\t\t\t\t\t<p>Descobreix la casa rural Olivier: una escapada pintoresca que combina tradici\u00f3 i modernitat, que ofereix una vista panor\u00e0mica, un ambient c\u00e0lid i comoditats de confort per a un interludi encantat de fins a 4 persones.<\/p>\n\t\t\t\t\t\t\t\t<\/div>\n\t\t\t\t<\/div>\n\t\t\t\t<div class=\"elementor-element elementor-element-5fc8fc6 elementor-widget elementor-widget-button\" data-id=\"5fc8fc6\" data-element_type=\"widget\" data-e-type=\"widget\" data-widget_type=\"button.default\">\n\t\t\t\t<div class=\"elementor-widget-container\">\n\t\t\t\t\t\t\t\t\t<div class=\"elementor-button-wrapper\">\n\t\t\t\t\t<a class=\"elementor-button elementor-button-link elementor-size-sm\" href=\"https:\/\/maspicagnol.com\/accommodation\/gite-olivier\/\">\n\t\t\t\t\t\t<span class=\"elementor-button-content-wrapper\">\n\t\t\t\t\t\t\t\t\t<span class=\"elementor-button-text\">Apr\u00e8n m\u00e9s<\/span>\n\t\t\t\t\t<\/span>\n\t\t\t\t\t<\/a>\n\t\t\t\t<\/div>\n\t\t\t\t\t\t\t\t<\/div>\n\t\t\t\t<\/div>\n\t\t\t\t<\/div>\n\t\t\t\t<\/div>\n\t\t<div class=\"elementor-element elementor-element-a848d53 e-con-full e-flex e-con e-parent\" data-id=\"a848d53\" data-element_type=\"container\" data-e-type=\"container\">\n\t\t<div class=\"elementor-element elementor-element-89b0647 e-con-full e-flex e-con e-child\" data-id=\"89b0647\" data-element_type=\"container\" data-e-type=\"container\">\n\t\t\t\t<div class=\"elementor-element elementor-element-4e3d75b elementor-widget elementor-widget-heading\" data-id=\"4e3d75b\" data-element_type=\"widget\" data-e-type=\"widget\" data-widget_type=\"heading.default\">\n\t\t\t\t<div class=\"elementor-widget-container\">\n\t\t\t\t\t<h2 class=\"elementor-heading-title elementor-size-default\">Casa rural Campsis<\/h2>\t\t\t\t<\/div>\n\t\t\t\t<\/div>\n\t\t\t\t<div class=\"elementor-element elementor-element-85ebea8 elementor-widget__width-initial elementor-widget elementor-widget-text-editor\" data-id=\"85ebea8\" data-element_type=\"widget\" data-e-type=\"widget\" data-widget_type=\"text-editor.default\">\n\t\t\t\t<div class=\"elementor-widget-container\">\n\t\t\t\t\t\t\t\t\t<p>Explora la casa rural Campsis: un refugi per a 4 persones que ofereix una combinaci\u00f3 harmoniosa de confort modern i encant natural, amb una sala d&#8217;estar acollidora, una terrassa amb ombra amb vistes a la piscina, comoditats modernes i una base ideal per a aventures locals.<\/p>\n\t\t\t\t\t\t\t\t<\/div>\n\t\t\t\t<\/div>\n\t\t\t\t<div class=\"elementor-element elementor-element-2dfbdbc elementor-align-right elementor-widget elementor-widget-button\" data-id=\"2dfbdbc\" data-element_type=\"widget\" data-e-type=\"widget\" data-widget_type=\"button.default\">\n\t\t\t\t<div class=\"elementor-widget-container\">\n\t\t\t\t\t\t\t\t\t<div class=\"elementor-button-wrapper\">\n\t\t\t\t\t<a class=\"elementor-button elementor-button-link elementor-size-sm\" href=\"https:\/\/maspicagnol.com\/accommodation\/gite-campsis\/\">\n\t\t\t\t\t\t<span class=\"elementor-button-content-wrapper\">\n\t\t\t\t\t\t\t\t\t<span class=\"elementor-button-text\">Apr\u00e8n m\u00e9s<\/span>\n\t\t\t\t\t<\/span>\n\t\t\t\t\t<\/a>\n\t\t\t\t<\/div>\n\t\t\t\t\t\t\t\t<\/div>\n\t\t\t\t<\/div>\n\t\t\t\t<\/div>\n\t\t<div class=\"elementor-element elementor-element-1a14e1b e-flex e-con-boxed e-con e-child\" data-id=\"1a14e1b\" data-element_type=\"container\" data-e-type=\"container\" data-settings=\"{&quot;background_background&quot;:&quot;slideshow&quot;,&quot;background_slideshow_gallery&quot;:[{&quot;id&quot;:47720,&quot;url&quot;:&quot;https:\\\/\\\/maspicagnol.com\\\/wp-content\\\/uploads\\\/2024\\\/07\\\/salon-Campsis-1.jpg&quot;}],&quot;background_slideshow_loop&quot;:&quot;yes&quot;,&quot;background_slideshow_slide_duration&quot;:5000,&quot;background_slideshow_slide_transition&quot;:&quot;fade&quot;,&quot;background_slideshow_transition_duration&quot;:500}\">\n\t\t\t\t\t<div class=\"e-con-inner\">\n\t\t\t\t\t<\/div>\n\t\t\t\t<\/div>\n\t\t\t\t<\/div>\n\t\t<div class=\"elementor-element elementor-element-5a79ea3 e-con-full e-flex e-con e-parent\" data-id=\"5a79ea3\" data-element_type=\"container\" data-e-type=\"container\">\n\t\t<div class=\"elementor-element elementor-element-3a40c5f e-con-full e-flex e-con e-child\" data-id=\"3a40c5f\" data-element_type=\"container\" data-e-type=\"container\" data-settings=\"{&quot;background_background&quot;:&quot;slideshow&quot;,&quot;background_slideshow_gallery&quot;:[{&quot;id&quot;:25884,&quot;url&quot;:&quot;https:\\\/\\\/maspicagnol.com\\\/wp-content\\\/uploads\\\/2024\\\/07\\\/salon-accroche-neria-1.jpg&quot;}],&quot;background_slideshow_loop&quot;:&quot;yes&quot;,&quot;background_slideshow_slide_duration&quot;:5000,&quot;background_slideshow_slide_transition&quot;:&quot;fade&quot;,&quot;background_slideshow_transition_duration&quot;:500}\">\n\t\t\t\t<\/div>\n\t\t<div class=\"elementor-element elementor-element-2110648 e-con-full e-flex e-con e-child\" data-id=\"2110648\" data-element_type=\"container\" data-e-type=\"container\">\n\t\t\t\t<div class=\"elementor-element elementor-element-ffdc29c elementor-widget elementor-widget-heading\" data-id=\"ffdc29c\" data-element_type=\"widget\" data-e-type=\"widget\" data-widget_type=\"heading.default\">\n\t\t\t\t<div class=\"elementor-widget-container\">\n\t\t\t\t\t<h2 class=\"elementor-heading-title elementor-size-default\">Casa rural Neria<\/h2>\t\t\t\t<\/div>\n\t\t\t\t<\/div>\n\t\t\t\t<div class=\"elementor-element elementor-element-3986ddc elementor-widget__width-initial elementor-widget elementor-widget-text-editor\" data-id=\"3986ddc\" data-element_type=\"widget\" data-e-type=\"widget\" data-widget_type=\"text-editor.default\">\n\t\t\t\t<div class=\"elementor-widget-container\">\n\t\t\t\t\t\t\t\t\t<p>Benvinguts a Neria, un refugi \u00edntim en plena natura que ofereix una escapada c\u00f2moda per a 4 persones, amb una \u00e0mplia sala d&#8217;estar, una terrassa panor\u00e0mica, comoditats modernes i un ambient c\u00e0lid, tot en un entorn pintoresc a prop del poble d&#8217;Oms.<\/p>\n\t\t\t\t\t\t\t\t<\/div>\n\t\t\t\t<\/div>\n\t\t\t\t<div class=\"elementor-element elementor-element-7979ff7 elementor-widget elementor-widget-button\" data-id=\"7979ff7\" data-element_type=\"widget\" data-e-type=\"widget\" data-widget_type=\"button.default\">\n\t\t\t\t<div class=\"elementor-widget-container\">\n\t\t\t\t\t\t\t\t\t<div class=\"elementor-button-wrapper\">\n\t\t\t\t\t<a class=\"elementor-button elementor-button-link elementor-size-sm\" href=\"https:\/\/maspicagnol.com\/accommodation\/gite-neria\/\">\n\t\t\t\t\t\t<span class=\"elementor-button-content-wrapper\">\n\t\t\t\t\t\t\t\t\t<span class=\"elementor-button-text\">Apr\u00e8n m\u00e9s<\/span>\n\t\t\t\t\t<\/span>\n\t\t\t\t\t<\/a>\n\t\t\t\t<\/div>\n\t\t\t\t\t\t\t\t<\/div>\n\t\t\t\t<\/div>\n\t\t\t\t<\/div>\n\t\t\t\t<\/div>\n\t\t<div class=\"elementor-element elementor-element-630d796 e-con-full e-flex e-con e-parent\" data-id=\"630d796\" data-element_type=\"container\" data-e-type=\"container\">\n\t\t<div class=\"elementor-element elementor-element-680c2c5 e-con-full e-flex e-con e-child\" data-id=\"680c2c5\" data-element_type=\"container\" data-e-type=\"container\">\n\t\t\t\t<div class=\"elementor-element elementor-element-7498baf elementor-widget elementor-widget-heading\" data-id=\"7498baf\" data-element_type=\"widget\" data-e-type=\"widget\" data-widget_type=\"heading.default\">\n\t\t\t\t<div class=\"elementor-widget-container\">\n\t\t\t\t\t<h2 class=\"elementor-heading-title elementor-size-default\">Casa Rural Jasmin<\/h2>\t\t\t\t<\/div>\n\t\t\t\t<\/div>\n\t\t\t\t<div class=\"elementor-element elementor-element-ff776bc elementor-widget__width-initial elementor-widget elementor-widget-text-editor\" data-id=\"ff776bc\" data-element_type=\"widget\" data-e-type=\"widget\" data-widget_type=\"text-editor.default\">\n\t\t\t\t<div class=\"elementor-widget-container\">\n\t\t\t\t\t\t\t\t\t<p>Benvinguts a la casa rural Jasmin us convida a una experi\u00e8ncia de vacances inoblidable. Amb el seu ambient r\u00fastic sota una gran alzina, una decoraci\u00f3 refinada i comoditats modernes, aquest apartament d\u00faplex ofereix privacitat i confort per a un m\u00e0xim de 4 persones, creant un veritable rec\u00e9s de pau en plena natura.<\/p>\n\t\t\t\t\t\t\t\t<\/div>\n\t\t\t\t<\/div>\n\t\t\t\t<div class=\"elementor-element elementor-element-e0185cd elementor-align-right elementor-widget elementor-widget-button\" data-id=\"e0185cd\" data-element_type=\"widget\" data-e-type=\"widget\" data-widget_type=\"button.default\">\n\t\t\t\t<div class=\"elementor-widget-container\">\n\t\t\t\t\t\t\t\t\t<div class=\"elementor-button-wrapper\">\n\t\t\t\t\t<a class=\"elementor-button elementor-button-link elementor-size-sm\" href=\"https:\/\/maspicagnol.com\/accommodation\/gite-jasmin\/\">\n\t\t\t\t\t\t<span class=\"elementor-button-content-wrapper\">\n\t\t\t\t\t\t\t\t\t<span class=\"elementor-button-text\">Apr\u00e8n m\u00e9s<\/span>\n\t\t\t\t\t<\/span>\n\t\t\t\t\t<\/a>\n\t\t\t\t<\/div>\n\t\t\t\t\t\t\t\t<\/div>\n\t\t\t\t<\/div>\n\t\t\t\t<\/div>\n\t\t<div class=\"elementor-element elementor-element-e5956ff e-flex e-con-boxed e-con e-child\" data-id=\"e5956ff\" data-element_type=\"container\" data-e-type=\"container\" data-settings=\"{&quot;background_background&quot;:&quot;slideshow&quot;,&quot;background_slideshow_gallery&quot;:[{&quot;id&quot;:23636,&quot;url&quot;:&quot;https:\\\/\\\/maspicagnol.com\\\/wp-content\\\/uploads\\\/2024\\\/07\\\/photo-accroche-jasmin.jpg&quot;}],&quot;background_slideshow_loop&quot;:&quot;yes&quot;,&quot;background_slideshow_slide_duration&quot;:5000,&quot;background_slideshow_slide_transition&quot;:&quot;fade&quot;,&quot;background_slideshow_transition_duration&quot;:500}\">\n\t\t\t\t\t<div class=\"e-con-inner\">\n\t\t\t\t\t<\/div>\n\t\t\t\t<\/div>\n\t\t\t\t<\/div>\n\t\t<div class=\"elementor-element elementor-element-e310c47 e-flex e-con-boxed e-con e-parent\" data-id=\"e310c47\" data-element_type=\"container\" data-e-type=\"container\">\n\t\t\t\t\t<div class=\"e-con-inner\">\n\t\t\t\t<div class=\"elementor-element elementor-element-3da0c6f elementor-widget-divider--view-line elementor-widget elementor-widget-divider\" data-id=\"3da0c6f\" data-element_type=\"widget\" data-e-type=\"widget\" data-widget_type=\"divider.default\">\n\t\t\t\t<div class=\"elementor-widget-container\">\n\t\t\t\t\t\t\t<div class=\"elementor-divider\">\n\t\t\t<span class=\"elementor-divider-separator\">\n\t\t\t\t\t\t<\/span>\n\t\t<\/div>\n\t\t\t\t\t\t<\/div>\n\t\t\t\t<\/div>\n\t\t\t\t\t<\/div>\n\t\t\t\t<\/div>\n\t\t<div class=\"elementor-element elementor-element-1a96532 e-flex e-con-boxed e-con e-parent\" data-id=\"1a96532\" data-element_type=\"container\" data-e-type=\"container\">\n\t\t\t\t\t<div class=\"e-con-inner\">\n\t\t\t\t<div class=\"elementor-element elementor-element-838e9a4 elementor-widget elementor-widget-heading\" data-id=\"838e9a4\" data-element_type=\"widget\" data-e-type=\"widget\" data-widget_type=\"heading.default\">\n\t\t\t\t<div class=\"elementor-widget-container\">\n\t\t\t\t\t<h3 class=\"elementor-heading-title elementor-size-default\">Casetes per a 6 persones<\/h3>\t\t\t\t<\/div>\n\t\t\t\t<\/div>\n\t\t\t\t<div class=\"elementor-element elementor-element-9b62118 elementor-widget elementor-widget-text-editor\" data-id=\"9b62118\" data-element_type=\"widget\" data-e-type=\"widget\" data-widget_type=\"text-editor.default\">\n\t\t\t\t<div class=\"elementor-widget-container\">\n\t\t\t\t\t\t\t\t\t<p>Per a grups m\u00e9s grans, les nostres dues \u00e0mplies cases rurals per a 6 persones ofereixen un espai gener\u00f3s per a moments de conviv\u00e8ncia. Amb tres dormitoris elegants, una cuina moderna i una sala d&#8217;estar acollidora, aquests allotjaments s\u00f3n perfectes per a fam\u00edlies o amics que viatgen junts. Cadascuna de les cases de camp per a 6 persones tamb\u00e9 t\u00e9 una terrassa privada per passar les nits sota les estrelles.<\/p>\n\t\t\t\t\t\t\t\t<\/div>\n\t\t\t\t<\/div>\n\t\t\t\t\t<\/div>\n\t\t\t\t<\/div>\n\t\t<div class=\"elementor-element elementor-element-707b003 e-con-full e-flex e-con e-parent\" data-id=\"707b003\" data-element_type=\"container\" data-e-type=\"container\">\n\t\t<div class=\"elementor-element elementor-element-9dadcfd e-con-full e-flex e-con e-child\" data-id=\"9dadcfd\" data-element_type=\"container\" data-e-type=\"container\" data-settings=\"{&quot;background_background&quot;:&quot;slideshow&quot;,&quot;background_slideshow_gallery&quot;:[{&quot;id&quot;:47761,&quot;url&quot;:&quot;https:\\\/\\\/maspicagnol.com\\\/wp-content\\\/uploads\\\/2024\\\/07\\\/salon-wisteria-photo-accroche-1.jpg&quot;}],&quot;background_slideshow_loop&quot;:&quot;yes&quot;,&quot;background_slideshow_slide_duration&quot;:5000,&quot;background_slideshow_slide_transition&quot;:&quot;fade&quot;,&quot;background_slideshow_transition_duration&quot;:500}\">\n\t\t\t\t<\/div>\n\t\t<div class=\"elementor-element elementor-element-8dc436c e-con-full e-flex e-con e-child\" data-id=\"8dc436c\" data-element_type=\"container\" data-e-type=\"container\">\n\t\t\t\t<div class=\"elementor-element elementor-element-ab664f7 elementor-widget elementor-widget-heading\" data-id=\"ab664f7\" data-element_type=\"widget\" data-e-type=\"widget\" data-widget_type=\"heading.default\">\n\t\t\t\t<div class=\"elementor-widget-container\">\n\t\t\t\t\t<h2 class=\"elementor-heading-title elementor-size-default\">Casa rural Wisteria<\/h2>\t\t\t\t<\/div>\n\t\t\t\t<\/div>\n\t\t\t\t<div class=\"elementor-element elementor-element-c19aa1c elementor-widget__width-initial elementor-widget elementor-widget-text-editor\" data-id=\"c19aa1c\" data-element_type=\"widget\" data-e-type=\"widget\" data-widget_type=\"text-editor.default\">\n\t\t\t\t<div class=\"elementor-widget-container\">\n\t\t\t\t\t\t\t\t\t<p>Benvinguts a la casa rural Wisteria: un rec\u00e9s de pau per a 6 persones, on la natura es troba amb el confort actual. Amb la seva casa principal d\u00faplex i un encantador dormitori contigu, una terrassa ombrejada sota una olivera centen\u00e0ria i un bignone, gaudeix d&#8217;un entorn id\u00edl\u00b7lic per a moments de relax a l&#8217;aire lliure, mentre et beneficies de la comoditat de l&#8217;aire condicionat, la televisi\u00f3 per sat\u00e8l\u00b7lit i l&#8217;acc\u00e9s wifi il\u00b7limitat per a unes vacances inoblidables en fam\u00edlia o amb amics.<\/p>\n\t\t\t\t\t\t\t\t<\/div>\n\t\t\t\t<\/div>\n\t\t\t\t<div class=\"elementor-element elementor-element-fae9472 elementor-widget elementor-widget-button\" data-id=\"fae9472\" data-element_type=\"widget\" data-e-type=\"widget\" data-widget_type=\"button.default\">\n\t\t\t\t<div class=\"elementor-widget-container\">\n\t\t\t\t\t\t\t\t\t<div class=\"elementor-button-wrapper\">\n\t\t\t\t\t<a class=\"elementor-button elementor-button-link elementor-size-sm\" href=\"https:\/\/maspicagnol.com\/accommodation\/gite-wisteria\/\">\n\t\t\t\t\t\t<span class=\"elementor-button-content-wrapper\">\n\t\t\t\t\t\t\t\t\t<span class=\"elementor-button-text\">Apr\u00e8n m\u00e9s<\/span>\n\t\t\t\t\t<\/span>\n\t\t\t\t\t<\/a>\n\t\t\t\t<\/div>\n\t\t\t\t\t\t\t\t<\/div>\n\t\t\t\t<\/div>\n\t\t\t\t<\/div>\n\t\t\t\t<\/div>\n\t\t<div class=\"elementor-element elementor-element-b699550 e-con-full e-flex e-con e-parent\" data-id=\"b699550\" data-element_type=\"container\" data-e-type=\"container\">\n\t\t<div class=\"elementor-element elementor-element-88cb78b e-con-full e-flex e-con e-child\" data-id=\"88cb78b\" data-element_type=\"container\" data-e-type=\"container\">\n\t\t\t\t<div class=\"elementor-element elementor-element-14602c5 elementor-widget elementor-widget-heading\" data-id=\"14602c5\" data-element_type=\"widget\" data-e-type=\"widget\" data-widget_type=\"heading.default\">\n\t\t\t\t<div class=\"elementor-widget-container\">\n\t\t\t\t\t<h2 class=\"elementor-heading-title elementor-size-default\">Casa rural Orqu\u00eddia<\/h2>\t\t\t\t<\/div>\n\t\t\t\t<\/div>\n\t\t\t\t<div class=\"elementor-element elementor-element-9b76f40 elementor-widget__width-initial elementor-widget elementor-widget-text-editor\" data-id=\"9b76f40\" data-element_type=\"widget\" data-e-type=\"widget\" data-widget_type=\"text-editor.default\">\n\t\t\t\t<div class=\"elementor-widget-container\">\n\t\t\t\t\t\t\t\t\t<p>Descobreix la casa rural Orchid\u00e9e: un rec\u00e9s de pau per a 6 persones, completament renovat el 2022, que ofereix un entorn ampli i llumin\u00f3s amb tres c\u00f2modes dormitoris, una cuina americana equipada, una terrassa amb una vista impressionant del poble d&#8217;Oms i el Canig\u00f3, aix\u00ed com comoditats modernes com aire condicionat reversible, TV per sat\u00e8l\u00b7lit i acc\u00e9s wifi il\u00b7limitat,  assegurant aix\u00ed unes vacances inoblidables en fam\u00edlia o amb amics.<\/p>\n\t\t\t\t\t\t\t\t<\/div>\n\t\t\t\t<\/div>\n\t\t\t\t<div class=\"elementor-element elementor-element-5c7ea8b elementor-align-right elementor-widget elementor-widget-button\" data-id=\"5c7ea8b\" data-element_type=\"widget\" data-e-type=\"widget\" data-widget_type=\"button.default\">\n\t\t\t\t<div class=\"elementor-widget-container\">\n\t\t\t\t\t\t\t\t\t<div class=\"elementor-button-wrapper\">\n\t\t\t\t\t<a class=\"elementor-button elementor-button-link elementor-size-sm\" href=\"https:\/\/maspicagnol.com\/accommodation\/gite-orchidee\/\">\n\t\t\t\t\t\t<span class=\"elementor-button-content-wrapper\">\n\t\t\t\t\t\t\t\t\t<span class=\"elementor-button-text\">Apr\u00e8n m\u00e9s<\/span>\n\t\t\t\t\t<\/span>\n\t\t\t\t\t<\/a>\n\t\t\t\t<\/div>\n\t\t\t\t\t\t\t\t<\/div>\n\t\t\t\t<\/div>\n\t\t\t\t<\/div>\n\t\t<div class=\"elementor-element elementor-element-058ca10 e-flex e-con-boxed e-con e-child\" data-id=\"058ca10\" data-element_type=\"container\" data-e-type=\"container\" data-settings=\"{&quot;background_background&quot;:&quot;slideshow&quot;,&quot;background_slideshow_gallery&quot;:[{&quot;id&quot;:46999,&quot;url&quot;:&quot;https:\\\/\\\/maspicagnol.com\\\/wp-content\\\/uploads\\\/2024\\\/07\\\/salon-2-orchidee.jpg&quot;}],&quot;background_slideshow_loop&quot;:&quot;yes&quot;,&quot;background_slideshow_slide_duration&quot;:5000,&quot;background_slideshow_slide_transition&quot;:&quot;fade&quot;,&quot;background_slideshow_transition_duration&quot;:500}\">\n\t\t\t\t\t<div class=\"e-con-inner\">\n\t\t\t\t\t<\/div>\n\t\t\t\t<\/div>\n\t\t\t\t<\/div>\n\t\t\t\t<\/div>\n\t\t","protected":false},"excerpt":{"rendered":"<p>Descobreix les nostres cases rurals L&#8217;art de viure en harmonia amb la natura Benvinguts a la nostra col\u00b7lecci\u00f3 de cases rurals on cada estada promet una experi\u00e8ncia \u00fanica en l&#8217;encantador entorn dels Pirineus Orientals. Els nostres allotjaments, dividits en dues categories, us ofereixen l&#8217;elecci\u00f3 perfecta per a unes vacances inoblidables. Cases rurals per a 4 [&hellip;]<\/p>\n","protected":false},"author":1,"featured_media":0,"parent":0,"menu_order":0,"comment_status":"closed","ping_status":"closed","template":"elementor_header_footer","meta":{"om_disable_all_campaigns":false,"_monsterinsights_skip_tracking":false,"_monsterinsights_sitenote_active":false,"_monsterinsights_sitenote_note":"","_monsterinsights_sitenote_category":0,"_uf_show_specific_survey":0,"_uf_disable_surveys":false,"footnotes":""},"folder":[117],"class_list":["post-2008","page","type-page","status-publish","hentry"],"aioseo_notices":[],"_links":{"self":[{"href":"https:\/\/maspicagnol.com\/ca\/wp-json\/wp\/v2\/pages\/2008","targetHints":{"allow":["GET"]}}],"collection":[{"href":"https:\/\/maspicagnol.com\/ca\/wp-json\/wp\/v2\/pages"}],"about":[{"href":"https:\/\/maspicagnol.com\/ca\/wp-json\/wp\/v2\/types\/page"}],"author":[{"embeddable":true,"href":"https:\/\/maspicagnol.com\/ca\/wp-json\/wp\/v2\/users\/1"}],"replies":[{"embeddable":true,"href":"https:\/\/maspicagnol.com\/ca\/wp-json\/wp\/v2\/comments?post=2008"}],"version-history":[{"count":11,"href":"https:\/\/maspicagnol.com\/ca\/wp-json\/wp\/v2\/pages\/2008\/revisions"}],"predecessor-version":[{"id":48173,"href":"https:\/\/maspicagnol.com\/ca\/wp-json\/wp\/v2\/pages\/2008\/revisions\/48173"}],"wp:attachment":[{"href":"https:\/\/maspicagnol.com\/ca\/wp-json\/wp\/v2\/media?parent=2008"}],"wp:term":[{"taxonomy":"folder","embeddable":true,"href":"https:\/\/maspicagnol.com\/ca\/wp-json\/wp\/v2\/folder?post=2008"}],"curies":[{"name":"wp","href":"https:\/\/api.w.org\/{rel}","templated":true}]}}