{"id":11927,"date":"2024-03-15T10:21:22","date_gmt":"2024-03-15T09:21:22","guid":{"rendered":"https:\/\/maspicagnol.com\/termes\/"},"modified":"2024-05-23T15:42:12","modified_gmt":"2024-05-23T15:42:12","slug":"termes","status":"publish","type":"page","link":"https:\/\/maspicagnol.com\/ca\/termes\/","title":{"rendered":"Termes"},"content":{"rendered":"<p>CONDICIONS GENERALS DE VENDA<\/p><p><br\/>1 \u2013 Durada de l&#8217;estada<\/p><p>El contracte se celebra per un per\u00edode determinat i l&#8217;arrendatari signant no podr\u00e0 en cap cas reclamar cap dret a romandre en el local al final de l&#8217;estada sense l&#8217;acord previ de l&#8217;arrendador.<\/p><p>2 \u2013 Conclusi\u00f3 del contracte<\/p><p>La reserva es fa efectiva tan aviat com l&#8217;arrendatari ha enviat a l&#8217;arrendador una fian\u00e7a del 40% de l&#8217;import total del lloguer.<br\/>Es requerir\u00e0 el pagament de la totalitat de la reserva per a qualsevol arribada en un termini de 7 dies.<\/p><p>El contracte d&#8217;arrendament celebrat entre les parts d&#8217;aquesta escriptura no pot beneficiar en cap cas, ni tan sols parcialment, terceres persones, persones f\u00edsiques o jur\u00eddiques, llevat que l&#8217;arrendador ho acordi per escrit.<\/p><p>Qualsevol infracci\u00f3 d&#8217;aquest \u00faltim par\u00e0graf seria susceptible de donar lloc a l&#8217;extinci\u00f3 immediata de l&#8217;arrendament per culpa de l&#8217;arrendatari, quedant el producte de l&#8217;arrendament adquirit definitivament per l&#8217;arrendador.<\/p><p>3 \u2013 Sense desistiment<\/p><p>Per a les reserves realitzades per correu postal, tel\u00e8fon o internet, l&#8217;arrendatari no es beneficia del termini de desistiment, d&#8217;acord amb l&#8217;article L121-21-8 del Codi de consum relatiu en particular a la prestaci\u00f3 de serveis d&#8217;allotjament en una data determinada o en un interval determinat.<\/p><p>4 \u2013 Cancel\u00b7laci\u00f3 per part de l&#8217;arrendatari<\/p><p>Qualsevol cancel\u00b7laci\u00f3 ha de ser notificada al propietari.<\/p><p>a) Cancel\u00b7laci\u00f3 abans de l&#8217;arribada a les instal\u00b7lacions: Quan l&#8217;import abonat per la reserva es qualifiqui com a dip\u00f2sit, el comprom\u00eds es considera definitiu. Si l&#8217;inquil\u00ed cancel\u00b7la el lloguer, l&#8217;arrendador es queda amb la fian\u00e7a i pot demanar el saldo de la reserva. Si l&#8217;arrendador troba un nou inquil\u00ed per al per\u00edode en q\u00fcesti\u00f3, la fian\u00e7a es pot transferir a una altra estada.<\/p><p>Si l&#8217;arrendatari no respon dins de les 24 hores seg\u00fcents a la data d&#8217;arribada indicada en el contracte, aquest contracte esdev\u00e9 nul i el propietari pot disposar de la seva casa rural. La fian\u00e7a tamb\u00e9 queda en mans del propietari que es reserva el dret de sol\u00b7licitar el pagament del saldo del lloguer.<\/p><p>b) Si l&#8217;estada s&#8217;escur\u00e7a, el preu del lloguer queda en mans de l&#8217;arrendador. No es realitzaran devolucions.<\/p><p>c) L&#8217;estada podr\u00e0 ser cancel\u00b7lada i reemborsada tan aviat com un esdeveniment excepcional i inevitable impedeixi el bon desenvolupament de l&#8217;estada o el transport (com la crisi sanit\u00e0ria de la Covid)<\/p><p>5 \u2013 Cancel\u00b7laci\u00f3 per part de l&#8217;arrendador<\/p><p>L&#8217;arrendador paga a l&#8217;arrendatari la quantitat \u00edntegra pagada, aix\u00ed com una indemnitzaci\u00f3 almenys igual a la que hauria suportat l&#8217;arrendatari si la cancel\u00b7laci\u00f3 s&#8217;hagu\u00e9s produ\u00eft en aquesta data.<\/p><p>Si el propietari cancel\u00b7la l&#8217;estada, haur\u00e0 d&#8217;informar al seu client per correu electr\u00f2nic o, en defecte d&#8217;aix\u00f2, per tel\u00e8fon.<\/p><p>6 \u2013 Arribada\/sortida<\/p><p>L&#8217;arrendatari ha d&#8217;arribar el dia especificat i l&#8217;hora esmentada en aquest contracte. En cas de retard o retard en l&#8217;arribada, l&#8217;inquil\u00ed haur\u00e0 de notificar-ho a l&#8217;arrendador.<\/p><p>Les arribades s&#8217;acorden entre les 16h i les 20h.<\/p><p>Les sortides s&#8217;han de fer com a m\u00e0xim a les 10 h.  <\/p><p>7 \u2013 Liquidaci\u00f3 de saldos<\/p><p>La resta de l&#8217;estada s&#8217;ha d&#8217;abonar com a m\u00ednim una setmana abans del dia d&#8217;arribada.<\/p><p>8 \u2013 Estat de la q\u00fcesti\u00f3<\/p><p>Es presumeix que l&#8217;arrendatari ha rebut l&#8217;immoble net i en bon estat per les reparacions del lloguer. Per tant, se suposa que l&#8217;arrendatari ha d&#8217;agafar i retornar l&#8217;allotjament en perfectes condicions. La neteja de final d&#8217;estada est\u00e0 inclosa en el contracte per\u00f2 no eximeix a l&#8217;inquil\u00ed de la neteja habitual durant la seva estada.<\/p><p>Un inventari i una declaraci\u00f3 detallada dels mobles llogats es posaran a disposici\u00f3 de l&#8217;arrendatari el dia del lliurament de claus. L&#8217;arrendatari ha d&#8217;informar l&#8217;arrendador de qualsevol controv\u00e8rsia relativa a l&#8217;estat de la casa rural dins de les 24 hores seg\u00fcents a l&#8217;arribada. Despr\u00e9s d&#8217;aquesta data, l&#8217;arrendatari ser\u00e0 responsable de qualsevol dany o p\u00e8rdua que es pugui produir a la casa rural.<\/p><p>9 \u2013 Fian\u00e7a o fian\u00e7a<\/p><p>Cal abonar una fian\u00e7a de 300 \u20ac a l&#8217;entrada al recinte. Aquesta fian\u00e7a ser\u00e0 retornada a l&#8217;arrendatari no m\u00e9s tard de 3 dies despr\u00e9s de la seva sortida, despr\u00e9s de l&#8217;inventari d&#8217;accessoris i en el cas que no s&#8217;hagi notat cap desperfecte. La fian\u00e7a ser\u00e0 retornada per correu postal o destru\u00efda amb proves justificatives.<\/p><p>En cas contrari, s&#8217;abonar\u00e0 a l&#8217;arrendatari despr\u00e9s d&#8217;obtenir una indemnitzaci\u00f3 pels danys observats. Si la fian\u00e7a fos insuficient, l&#8217;arrendatari es compromet a recarregar l&#8217;import pr\u00e8via presentaci\u00f3 dels justificants. Aquesta fian\u00e7a no es pot considerar en cap cas com una contribuci\u00f3 al pagament del lloguer.<\/p><p>En cas de sortida anticipada (anterior a l&#8217;hora esmentada en aquest contracte) que impedeixi confeccionar l&#8217;inventari d&#8217;accessoris el mateix dia de la sortida de l&#8217;arrendatari, la fian\u00e7a \u00e9s retornada per l&#8217;arrendador en un termini no superior a una setmana.<\/p><p>10 \u2013 \u00das del local<\/p><p>L&#8217;arrendatari ha de vetllar per la tranquil\u00b7litat de l&#8217;arrendament i fer-ne un \u00fas d&#8217;acord amb la finalitat del local. S&#8217;exigeix respecte per un cert art de viure a tots els hostes per garantir la tranquil\u00b7litat del lloc i la comoditat dels seus hostes. El propi responsable del grup vetllar\u00e0 pel control dels efectes derivats de l&#8217;esdeveniment o del seu lloguer als voltants de la casa rural. En cas de disputa o queixa, el propietari es reserva el dret d&#8217;excloure elements molestos de la casa rural.<\/p><p>Els nens que viuen a Mas Picagnol estan sota la responsabilitat exclusiva dels seus pares o dels seus acompanyants.<\/p><p>Si l&#8217;arrendador constata durant el per\u00edode de lloguer que l&#8217;arrendatari ha infringit les normes internes, l&#8217;arrendador es reserva el dret d&#8217;interrompre l&#8217;estada de les persones interessades abandonant el local, sense previ av\u00eds. En cas de sinistre, les conseq\u00fc\u00e8ncies penals i civils serien responsabilitat exclusiva de l&#8217;arrendatari.<\/p><p>11 \u2013 Capacitat<\/p><p>Aquest contracte s&#8217;estableix per a una capacitat m\u00e0xima de persones.<\/p><p>Si el nombre d&#8217;inquilins supera la capacitat, l&#8217;arrendador pot rebutjar les persones addicionals. Qualsevol modificaci\u00f3 o resoluci\u00f3 del contracte es considerar\u00e0 a iniciativa del client.<\/p><p>12 \u2013 Benvinguda d&#8217;animals<\/p><p>No s&#8217;admeten animals de companyia.<\/p><p>13 \u2013 Asseguran\u00e7a de la casa rural<\/p><p>La casa est\u00e0 assegurada pel seu propietari en concepte de responsabilitat civil i incendi. El propietari declina tota responsabilitat en cas de robatori i\/o danys a la propietat de l&#8217;inquil\u00ed i els seus hostes, inclosos els vehicles estacionats a l&#8217;aparcament.<\/p><p>L&#8217;arrendatari \u00e9s responsable de tots els danys causats per ell. Est\u00e0 obligat a estar assegurat mitjan\u00e7ant un contracte d&#8217;asseguran\u00e7a de tipus vacacional per a aquests diversos riscos amb la seva Companyia Asseguradora (Protecci\u00f3 de Responsabilitat Civil Arrendat\u00e0ria coneguda com &#8220;VACANCES&#8221;) assegurant tots els locals que se li confi\u00efn, per danys com: incendi, explosi\u00f3, danys per aigua que poguessin ser causats per ell o pels seus convidats,  durant el per\u00edode de lloguer.<\/p><p>Es pot sol\u00b7licitar a l&#8217;arrendatari un certificat d&#8217;asseguran\u00e7a em\u00e8s a nom de l&#8217;arrendatari a la seva arribada.<\/p><p>SAS Mas Picagnol no es fa responsable dels accidents o danys que es puguin produir a la propietat, a l&#8217;aparcament o a les maniobres d&#8217;acc\u00e9s o sortida de la finca, aix\u00ed com als vehicles estacionats a l&#8217;aparcament.<\/p><p>14 \u2013 Connexi\u00f3 a Internet<\/p><p>En cas d&#8217;\u00fas de la connexi\u00f3 a Internet de la casa rural, l&#8217;arrendatari es compromet a complir les lleis relatives a desc\u00e0rregues i visites d&#8217;obra. En cas de sol\u00b7licitud de les autoritats competents, el propietari de la casa rural transmetr\u00e0 les dades de contacte de l&#8217;inquil\u00ed que s&#8217;hagi beneficiat d&#8217;aquesta connexi\u00f3.<\/p><p>15 \u2013 Cases rurals per a no fumadors<\/p><p>No es permet fumar a les cases rurals. Hi ha cendrers disponibles per fumar a l&#8217;exterior.<\/p><p>16 \u2013 Dates d&#8217;obertura de la piscina<\/p><p>La piscina est\u00e0 oberta de maig a setembre depenent de les condicions meteorol\u00f2giques<\/p><p>Dins de la zona de la piscina, els nens estan sota l&#8217;exclusiva responsabilitat dels seus pares o adults acompanyants.<\/p><p>17 \u2013 Rec\u00e0rrega de vehicles el\u00e8ctrics o h\u00edbrids<\/p><p>Informem als nostres amables clients que est\u00e0 totalment prohibit carregar el seu cotxe el\u00e8ctric o h\u00edbrid a la xarxa el\u00e8ctrica de Mas Picagnol (risc d&#8217;incendi per sobreescalfament per connexions no conformes). Qualsevol comportament contrari a les normes tindr\u00e0 un cost de 150 \u20ac per c\u00e0rrec.<\/p><p>18 &#8211; \u00das de reixetes de gas<\/p><p>Est\u00e0 prohibit moure les barbacoes de la seva ubicaci\u00f3 original i encendre-les durant els forts vents. Aquest \u00fas est\u00e0 emmarcat en el nostre departament per l&#8217;ordre prefectural n\u00b0<a href=\"https:\/\/www.prevention-incendie66.com\/sites\/default\/files\/documents\/emploi_du_feu\/ap_ddtm_sefsr_2019176-0002_emploi_feu.pdf\">DDTM-SEFSR-2019176-0002 de 25 de juny de 2019<\/a><\/p><p>Aquests termes i condicions de venda estan subjectes a canvis en qualsevol moment sense previ av\u00eds. L&#8217;acceptaci\u00f3 i el compliment d&#8217;aquests termes i condicions de venda es consideren adquirits amb el pagament del dip\u00f2sit.<\/p><p>Ens veiem aviat a Mas Picagnol!<\/p>","protected":false},"excerpt":{"rendered":"<p>CONDICIONS GENERALS DE VENDA 1 \u2013 Durada de l&#8217;estada El contracte se celebra per un per\u00edode determinat i l&#8217;arrendatari signant no podr\u00e0 en cap cas reclamar cap dret a romandre en el local al final de l&#8217;estada sense l&#8217;acord previ de l&#8217;arrendador. 2 \u2013 Conclusi\u00f3 del contracte La reserva es fa efectiva tan aviat com [&hellip;]<\/p>\n","protected":false},"author":1,"featured_media":0,"parent":0,"menu_order":0,"comment_status":"closed","ping_status":"closed","template":"","meta":{"om_disable_all_campaigns":false,"_monsterinsights_skip_tracking":false,"_monsterinsights_sitenote_active":false,"_monsterinsights_sitenote_note":"","_monsterinsights_sitenote_category":0,"_uf_show_specific_survey":0,"_uf_disable_surveys":false,"footnotes":""},"folder":[],"class_list":["post-11927","page","type-page","status-publish","hentry"],"aioseo_notices":[],"_links":{"self":[{"href":"https:\/\/maspicagnol.com\/ca\/wp-json\/wp\/v2\/pages\/11927","targetHints":{"allow":["GET"]}}],"collection":[{"href":"https:\/\/maspicagnol.com\/ca\/wp-json\/wp\/v2\/pages"}],"about":[{"href":"https:\/\/maspicagnol.com\/ca\/wp-json\/wp\/v2\/types\/page"}],"author":[{"embeddable":true,"href":"https:\/\/maspicagnol.com\/ca\/wp-json\/wp\/v2\/users\/1"}],"replies":[{"embeddable":true,"href":"https:\/\/maspicagnol.com\/ca\/wp-json\/wp\/v2\/comments?post=11927"}],"version-history":[{"count":3,"href":"https:\/\/maspicagnol.com\/ca\/wp-json\/wp\/v2\/pages\/11927\/revisions"}],"predecessor-version":[{"id":11930,"href":"https:\/\/maspicagnol.com\/ca\/wp-json\/wp\/v2\/pages\/11927\/revisions\/11930"}],"wp:attachment":[{"href":"https:\/\/maspicagnol.com\/ca\/wp-json\/wp\/v2\/media?parent=11927"}],"wp:term":[{"taxonomy":"folder","embeddable":true,"href":"https:\/\/maspicagnol.com\/ca\/wp-json\/wp\/v2\/folder?post=11927"}],"curies":[{"name":"wp","href":"https:\/\/api.w.org\/{rel}","templated":true}]}}