{"id":107705,"date":"2024-09-11T14:21:03","date_gmt":"2024-09-11T13:21:03","guid":{"rendered":"https:\/\/maspicagnol.com\/noticia\/casa-rural-per-a-grups-amb-piscina-a-oms-vacances-en-familia-a-prop-de-perpinya\/"},"modified":"2024-10-13T20:24:25","modified_gmt":"2024-10-13T20:24:25","slug":"casa-rural-per-a-grups-amb-piscina-a-oms-vacances-en-familia-a-prop-de-perpinya","status":"publish","type":"page","link":"https:\/\/maspicagnol.com\/ca\/noticia\/casa-rural-per-a-grups-amb-piscina-a-oms-vacances-en-familia-a-prop-de-perpinya\/","title":{"rendered":"Casa rural per a grups amb piscina a Oms &#8211; Vacances en fam\u00edlia a prop de Perpiny\u00e0"},"content":{"rendered":"\t\t<div data-elementor-type=\"wp-page\" data-elementor-id=\"107705\" class=\"elementor elementor-107705 elementor-102909\" data-elementor-post-type=\"page\">\n\t\t\t\t<div class=\"elementor-element elementor-element-6410d75 e-flex e-con-boxed e-con e-parent\" data-id=\"6410d75\" data-element_type=\"container\">\n\t\t\t\t\t<div class=\"e-con-inner\">\n\t\t\t\t<div class=\"elementor-element elementor-element-877d61f elementor-widget elementor-widget-heading\" data-id=\"877d61f\" data-element_type=\"widget\" data-widget_type=\"heading.default\">\n\t\t\t\t<div class=\"elementor-widget-container\">\n\t\t\t<h1 class=\"elementor-heading-title elementor-size-default\">  Vacances en fam\u00edlia a Mas Picagnol: Casa rural per a grups amb piscina a prop de Perpiny\u00e0<\/h1>\t\t<\/div>\n\t\t\t\t<\/div>\n\t\t\t\t\t<\/div>\n\t\t\t\t<\/div>\n\t\t<div class=\"elementor-element elementor-element-d1a385d e-flex e-con-boxed e-con e-parent\" data-id=\"d1a385d\" data-element_type=\"container\">\n\t\t\t\t\t<div class=\"e-con-inner\">\n\t\t\t\t<div class=\"elementor-element elementor-element-10df084 elementor-widget elementor-widget-heading\" data-id=\"10df084\" data-element_type=\"widget\" data-widget_type=\"heading.default\">\n\t\t\t\t<div class=\"elementor-widget-container\">\n\t\t\t<h2 class=\"elementor-heading-title elementor-size-default\">Una casa rural ideal per a unes vacances en fam\u00edlia a prop de Perpiny\u00e0<\/h2>\t\t<\/div>\n\t\t\t\t<\/div>\n\t\t\t\t<div class=\"elementor-element elementor-element-abb144b elementor-widget elementor-widget-text-editor\" data-id=\"abb144b\" data-element_type=\"widget\" data-widget_type=\"text-editor.default\">\n\t\t\t\t<div class=\"elementor-widget-container\">\n\t\t\t\t\t\t\t<p><span style=\"font-weight: 400;\">Mas Picagnol, situat a Oms, a pocs quil\u00f2metres de Perpiny\u00e0, \u00e9s el lloc perfecte per passar unes vacances en fam\u00edlia.<br \/>\nAquesta casa rural per a grups ofereix totes les comoditats necess\u00e0ries per allotjar fam\u00edlies nombroses en un entorn natural i relaxant.<br \/>\nTant si voleu relaxar-vos al costat de la piscina, explorar la regi\u00f3 o passar moments de conviv\u00e8ncia amb la vostra fam\u00edlia, Mas Picagnol compleix totes les vostres expectatives per a una estada exitosa.  <\/span><\/p>\n\t\t\t\t\t\t<\/div>\n\t\t\t\t<\/div>\n\t\t\t\t<div class=\"elementor-element elementor-element-02970ce elementor-widget elementor-widget-heading\" data-id=\"02970ce\" data-element_type=\"widget\" data-widget_type=\"heading.default\">\n\t\t\t\t<div class=\"elementor-widget-container\">\n\t\t\t<h2 class=\"elementor-heading-title elementor-size-default\">Allotjament ampli per a tota la fam\u00edlia<\/h2>\t\t<\/div>\n\t\t\t\t<\/div>\n\t\t\t\t<div class=\"elementor-element elementor-element-a35fcea elementor-widget elementor-widget-text-editor\" data-id=\"a35fcea\" data-element_type=\"widget\" data-widget_type=\"text-editor.default\">\n\t\t\t\t<div class=\"elementor-widget-container\">\n\t\t\t\t\t\t\t<p><span style=\"font-weight: 400;\">Mas Picagnol ofereix 6 cases rurals independents, amb capacitat per a 28 persones.<br \/>\nCada casa est\u00e0 dissenyada per proporcionar privacitat i comoditat alhora que afavoreix la conviv\u00e8ncia entre els membres de la fam\u00edlia.<br \/>\nEls allotjaments estan equipats amb cuines modernes, terrasses privades i c\u00e0lides zones d&#8217;estar, perfectes per compartir moments despr\u00e9s d&#8217;un dia d&#8217;aventura als Pirineus Orientals.<br \/>\nPodreu gaudir de la vostra estada amb la vostra fam\u00edlia mentre gaudiu d&#8217;un allotjament ampli i ben equipat.   <\/span><\/p>\n\t\t\t\t\t\t<\/div>\n\t\t\t\t<\/div>\n\t\t\t\t<div class=\"elementor-element elementor-element-c13ee38 elementor-widget elementor-widget-image\" data-id=\"c13ee38\" data-element_type=\"widget\" data-widget_type=\"image.default\">\n\t\t\t\t<div class=\"elementor-widget-container\">\n\t\t\t\t\t\t\t\t\t\t\t\t\t<img fetchpriority=\"high\" decoding=\"async\" width=\"2048\" height=\"1536\" src=\"https:\/\/maspicagnol.com\/wp-content\/uploads\/2024\/07\/terrasse-Campsis-1.jpg\" class=\"attachment-full size-full wp-image-23488\" alt=\"Mas picagnol domaine avec h\u00e9bergements touristiques\" srcset=\"https:\/\/maspicagnol.com\/wp-content\/uploads\/2024\/07\/terrasse-Campsis-1.jpg 2048w, https:\/\/maspicagnol.com\/wp-content\/uploads\/2024\/07\/terrasse-Campsis-1-300x225.jpg 300w, https:\/\/maspicagnol.com\/wp-content\/uploads\/2024\/07\/terrasse-Campsis-1-768x576.jpg 768w, https:\/\/maspicagnol.com\/wp-content\/uploads\/2024\/07\/terrasse-Campsis-1-1536x1152.jpg 1536w, https:\/\/maspicagnol.com\/wp-content\/uploads\/2024\/07\/terrasse-Campsis-1-600x450.jpg 600w\" sizes=\"(max-width: 2048px) 100vw, 2048px\" \/>\t\t\t\t\t\t\t\t\t\t\t\t\t<\/div>\n\t\t\t\t<\/div>\n\t\t\t\t<div class=\"elementor-element elementor-element-8de8af1 elementor-widget elementor-widget-heading\" data-id=\"8de8af1\" data-element_type=\"widget\" data-widget_type=\"heading.default\">\n\t\t\t\t<div class=\"elementor-widget-container\">\n\t\t\t<h2 class=\"elementor-heading-title elementor-size-default\">Gaudeix de la piscina privada per a moments de relaxaci\u00f3<\/h2>\t\t<\/div>\n\t\t\t\t<\/div>\n\t\t\t\t<div class=\"elementor-element elementor-element-c7c5e07 elementor-widget elementor-widget-text-editor\" data-id=\"c7c5e07\" data-element_type=\"widget\" data-widget_type=\"text-editor.default\">\n\t\t\t\t<div class=\"elementor-widget-container\">\n\t\t\t\t\t\t\t<p><span id=\"docs-internal-guid-677365fc-7fff-3a1d-11cd-c16d3dd9bc24\"><span style=\"font-size: 12pt; font-family: Arial, sans-serif; color: #000000; background-color: transparent; font-variant-numeric: normal; font-variant-east-asian: normal; font-variant-alternates: normal; font-variant-position: normal; vertical-align: baseline; white-space-collapse: preserve;\">Un dels principals atractius de Mas Picagnol \u00e9s sens dubte la seva piscina privada, un aut\u00e8ntic actiu per a unes vacances en fam\u00edlia.<br \/>\nEls nens podran divertir-se amb total seguretat mentre els pares es relaxen al sol.<br \/>\nAquest espai de conviv\u00e8ncia al voltant de la piscina tamb\u00e9 \u00e9s perfecte per organitzar \u00e0pats a l&#8217;aire lliure, tardes de jocs o simplement moments de relaxaci\u00f3 entre bany.<br \/>\nLa piscina est\u00e0 envoltada de natura, proporcionant un ambient tranquil i relaxant.   <\/span><\/span><\/p>\n\t\t\t\t\t\t<\/div>\n\t\t\t\t<\/div>\n\t\t\t\t<div class=\"elementor-element elementor-element-ab49107 elementor-widget elementor-widget-heading\" data-id=\"ab49107\" data-element_type=\"widget\" data-widget_type=\"heading.default\">\n\t\t\t\t<div class=\"elementor-widget-container\">\n\t\t\t<h2 class=\"elementor-heading-title elementor-size-default\">Activitats en fam\u00edlia als voltants de Mas Picagnol<\/h2>\t\t<\/div>\n\t\t\t\t<\/div>\n\t\t\t\t<div class=\"elementor-element elementor-element-1831ef4 elementor-widget elementor-widget-text-editor\" data-id=\"1831ef4\" data-element_type=\"widget\" data-widget_type=\"text-editor.default\">\n\t\t\t\t<div class=\"elementor-widget-container\">\n\t\t\t\t\t\t\t<p><span style=\"font-weight: 400;\">A m\u00e9s dels moments passats a la casa rural, les vostres vacances en fam\u00edlia a Mas Picagnol seran una oportunitat per descobrir els tresors naturals i culturals de la regi\u00f3.<br \/>\nA pocs minuts de Perpiny\u00e0, podreu descobrir el patrimoni local, com ara els museus i galeries d&#8217;art de Ceret o els mercats locals.<br \/>\nPer als amants de l&#8217;aire lliure, us esperen activitats com senderisme, bicicleta de muntanya o passejades per muntanya al voltant de Mas Picagnol.  <\/span><\/p>\n\t\t\t\t\t\t<\/div>\n\t\t\t\t<\/div>\n\t\t\t\t<div class=\"elementor-element elementor-element-88d25a2 elementor-widget elementor-widget-image\" data-id=\"88d25a2\" data-element_type=\"widget\" data-widget_type=\"image.default\">\n\t\t\t\t<div class=\"elementor-widget-container\">\n\t\t\t\t\t\t\t\t\t\t\t\t\t<img decoding=\"async\" width=\"2048\" height=\"1536\" src=\"https:\/\/maspicagnol.com\/wp-content\/uploads\/2024\/02\/piscine-depuis-terrasse-olivier.jpg\" class=\"attachment-full size-full wp-image-47494\" alt=\"G\u00eete 4 personnes avec piscine C\u00e9ret\" srcset=\"https:\/\/maspicagnol.com\/wp-content\/uploads\/2024\/02\/piscine-depuis-terrasse-olivier.jpg 2048w, https:\/\/maspicagnol.com\/wp-content\/uploads\/2024\/02\/piscine-depuis-terrasse-olivier-300x225.jpg 300w, https:\/\/maspicagnol.com\/wp-content\/uploads\/2024\/02\/piscine-depuis-terrasse-olivier-768x576.jpg 768w, https:\/\/maspicagnol.com\/wp-content\/uploads\/2024\/02\/piscine-depuis-terrasse-olivier-1536x1152.jpg 1536w, https:\/\/maspicagnol.com\/wp-content\/uploads\/2024\/02\/piscine-depuis-terrasse-olivier-600x450.jpg 600w\" sizes=\"(max-width: 2048px) 100vw, 2048px\" \/>\t\t\t\t\t\t\t\t\t\t\t\t\t<\/div>\n\t\t\t\t<\/div>\n\t\t\t\t<div class=\"elementor-element elementor-element-3c1163a elementor-widget__width-initial elementor-widget elementor-widget-heading\" data-id=\"3c1163a\" data-element_type=\"widget\" data-widget_type=\"heading.default\">\n\t\t\t\t<div class=\"elementor-widget-container\">\n\t\t\t<h2 class=\"elementor-heading-title elementor-size-default\">Per qu\u00e8 triar Mas Picagnol per a les teves vacances en fam\u00edlia?<\/h2>\t\t<\/div>\n\t\t\t\t<\/div>\n\t\t\t\t<div class=\"elementor-element elementor-element-4770403 elementor-widget elementor-widget-text-editor\" data-id=\"4770403\" data-element_type=\"widget\" data-widget_type=\"text-editor.default\">\n\t\t\t\t<div class=\"elementor-widget-container\">\n\t\t\t\t\t\t\t<p><span id=\"docs-internal-guid-0d6d176d-7fff-5ddc-1ce5-237d84b1bd19\"><span style=\"font-size: 12pt; font-family: Arial, sans-serif; color: #000000; background-color: transparent; font-variant-numeric: normal; font-variant-east-asian: normal; font-variant-alternates: normal; font-variant-position: normal; vertical-align: baseline; white-space-collapse: preserve;\">Mas Picagnol combina a la perfecci\u00f3 confort, natura i conviv\u00e8ncia.<br \/>\nAmb el seu entorn tranquil, les seves \u00e0mplies cases rurals per a grups i la seva piscina privada, \u00e9s el lloc perfecte per passar unes vacances inoblidables en fam\u00edlia a prop de Perpiny\u00e0.<br \/>\nL&#8217;ambient c\u00e0lid de la finca, combinat amb la proximitat als llocs d&#8217;inter\u00e8s locals, us garanteix una estada enriquidora i relaxant.<br \/>\nTant si voleu recarregar les piles en plena natura com si voleu descobrir els encants de la regi\u00f3, Mas Picagnol us ofereix un escenari perfecte per a unes vacances d&#8217;\u00e8xit.   <\/span><\/span><\/p>\n\t\t\t\t\t\t<\/div>\n\t\t\t\t<\/div>\n\t\t\t\t<div class=\"elementor-element elementor-element-23df540 elementor-widget elementor-widget-heading\" data-id=\"23df540\" data-element_type=\"widget\" data-widget_type=\"heading.default\">\n\t\t\t\t<div class=\"elementor-widget-container\">\n\t\t\t<h2 class=\"elementor-heading-title elementor-size-default\">Reserva les teves properes vacances en fam\u00edlia a Mas Picagnol<\/h2>\t\t<\/div>\n\t\t\t\t<\/div>\n\t\t\t\t<div class=\"elementor-element elementor-element-369ebf2 elementor-widget elementor-widget-text-editor\" data-id=\"369ebf2\" data-element_type=\"widget\" data-widget_type=\"text-editor.default\">\n\t\t\t\t<div class=\"elementor-widget-container\">\n\t\t\t\t\t\t\t<p><span style=\"font-weight: 400;\">Si busques una confortable casa rural per a grups amb piscina per a les teves properes vacances en fam\u00edlia a prop de Perpiny\u00e0, Mas Picagnol \u00e9s la destinaci\u00f3 ideal.<br \/>\nReserva avui i gaudeix d&#8217;una estada excepcional als Pirineus Orientals, envoltat de natura i a prop dels principals atractius tur\u00edstics. <\/span><\/p>\n\t\t\t\t\t\t<\/div>\n\t\t\t\t<\/div>\n\t\t\t\t\t<\/div>\n\t\t\t\t<\/div>\n\t\t\t\t<\/div>\n\t\t","protected":false},"excerpt":{"rendered":"<p>Vacances en fam\u00edlia a Mas Picagnol: Casa rural per a grups amb piscina a prop de Perpiny\u00e0 Una casa rural ideal per a unes vacances en fam\u00edlia a prop de Perpiny\u00e0 Mas Picagnol, situat a Oms, a pocs quil\u00f2metres de Perpiny\u00e0, \u00e9s el lloc perfecte per passar unes vacances en fam\u00edlia. Aquesta casa rural per [&hellip;]<\/p>\n","protected":false},"author":2,"featured_media":0,"parent":67004,"menu_order":0,"comment_status":"closed","ping_status":"closed","template":"","meta":{"om_disable_all_campaigns":false,"_monsterinsights_skip_tracking":false,"_monsterinsights_sitenote_active":false,"_monsterinsights_sitenote_note":"","_monsterinsights_sitenote_category":0,"_uf_show_specific_survey":0,"_uf_disable_surveys":false,"footnotes":""},"folder":[],"class_list":["post-107705","page","type-page","status-publish","hentry"],"aioseo_notices":[],"_links":{"self":[{"href":"https:\/\/maspicagnol.com\/ca\/wp-json\/wp\/v2\/pages\/107705","targetHints":{"allow":["GET"]}}],"collection":[{"href":"https:\/\/maspicagnol.com\/ca\/wp-json\/wp\/v2\/pages"}],"about":[{"href":"https:\/\/maspicagnol.com\/ca\/wp-json\/wp\/v2\/types\/page"}],"author":[{"embeddable":true,"href":"https:\/\/maspicagnol.com\/ca\/wp-json\/wp\/v2\/users\/2"}],"replies":[{"embeddable":true,"href":"https:\/\/maspicagnol.com\/ca\/wp-json\/wp\/v2\/comments?post=107705"}],"version-history":[{"count":2,"href":"https:\/\/maspicagnol.com\/ca\/wp-json\/wp\/v2\/pages\/107705\/revisions"}],"predecessor-version":[{"id":166118,"href":"https:\/\/maspicagnol.com\/ca\/wp-json\/wp\/v2\/pages\/107705\/revisions\/166118"}],"up":[{"embeddable":true,"href":"https:\/\/maspicagnol.com\/ca\/wp-json\/wp\/v2\/pages\/67004"}],"wp:attachment":[{"href":"https:\/\/maspicagnol.com\/ca\/wp-json\/wp\/v2\/media?parent=107705"}],"wp:term":[{"taxonomy":"folder","embeddable":true,"href":"https:\/\/maspicagnol.com\/ca\/wp-json\/wp\/v2\/folder?post=107705"}],"curies":[{"name":"wp","href":"https:\/\/api.w.org\/{rel}","templated":true}]}}