{"id":107701,"date":"2024-08-16T09:15:35","date_gmt":"2024-08-16T09:15:35","guid":{"rendered":"https:\/\/maspicagnol.com\/noticia\/la-casa-rural-ideal-per-a-occitania\/"},"modified":"2024-10-13T20:26:30","modified_gmt":"2024-10-13T20:26:30","slug":"la-casa-rural-ideal-per-a-occitania","status":"publish","type":"page","link":"https:\/\/maspicagnol.com\/ca\/noticia\/la-casa-rural-ideal-per-a-occitania\/","title":{"rendered":"La casa rural ideal per a Occit\u00e0nia"},"content":{"rendered":"\t\t<div data-elementor-type=\"wp-page\" data-elementor-id=\"107701\" class=\"elementor elementor-107701 elementor-67054\" data-elementor-post-type=\"page\">\n\t\t\t\t<div class=\"elementor-element elementor-element-6410d75 e-flex e-con-boxed e-con e-parent\" data-id=\"6410d75\" data-element_type=\"container\">\n\t\t\t\t\t<div class=\"e-con-inner\">\n\t\t\t\t<div class=\"elementor-element elementor-element-877d61f elementor-widget elementor-widget-heading\" data-id=\"877d61f\" data-element_type=\"widget\" data-widget_type=\"heading.default\">\n\t\t\t\t<div class=\"elementor-widget-container\">\n\t\t\t<h1 class=\"elementor-heading-title elementor-size-default\">Mas Picagnol: La casa rural ideal per a grups a Occit\u00e0nia per a les teves vacances, seminaris i reunions familiars a prop de Ceret<\/h1>\t\t<\/div>\n\t\t\t\t<\/div>\n\t\t\t\t\t<\/div>\n\t\t\t\t<\/div>\n\t\t<div class=\"elementor-element elementor-element-d1a385d e-flex e-con-boxed e-con e-parent\" data-id=\"d1a385d\" data-element_type=\"container\">\n\t\t\t\t\t<div class=\"e-con-inner\">\n\t\t\t\t<div class=\"elementor-element elementor-element-4559a8b elementor-widget elementor-widget-text-editor\" data-id=\"4559a8b\" data-element_type=\"widget\" data-widget_type=\"text-editor.default\">\n\t\t\t\t<div class=\"elementor-widget-container\">\n\t\t\t\t\t\t\t<p><span style=\"font-weight: 400;\">Situat al cor d&#8217;Occit\u00e0nia, Mas Picagnol destaca com una de les millors cases rurals per a grups de la regi\u00f3 per acollir les vostres vacances amb la fam\u00edlia, els amics, els vostres seminaris professionals o les vostres grans reunions familiars com ara reunions familiars.<br \/>\nA pocs quil\u00f2metres de Ceret, aquesta casa rural ofereix un entorn excepcional on es combinen confort, autenticitat i serenitat.<br \/>\nDescobreix per qu\u00e8 Mas Picagnol \u00e9s el lloc perfecte per a les teves estades en grup, especialment per a moments inoblidables en fam\u00edlia.  <\/span><\/p>\n\t\t\t\t\t\t<\/div>\n\t\t\t\t<\/div>\n\t\t\t\t<div class=\"elementor-element elementor-element-10df084 elementor-widget elementor-widget-heading\" data-id=\"10df084\" data-element_type=\"widget\" data-widget_type=\"heading.default\">\n\t\t\t\t<div class=\"elementor-widget-container\">\n\t\t\t<h2 class=\"elementor-heading-title elementor-size-default\">Un entorn excepcional per a les teves vacances en grup i reunions familiars a Occit\u00e0nia<\/h2>\t\t<\/div>\n\t\t\t\t<\/div>\n\t\t\t\t<div class=\"elementor-element elementor-element-abb144b elementor-widget elementor-widget-text-editor\" data-id=\"abb144b\" data-element_type=\"widget\" data-widget_type=\"text-editor.default\">\n\t\t\t\t<div class=\"elementor-widget-container\">\n\t\t\t\t\t\t\t<p><span style=\"font-weight: 400;\">Mas Picagnol, situat en un entorn natural preservat, \u00e9s el lloc perfecte per organitzar reunions familiars inoblidables a Occit\u00e0nia.<br \/>\nL&#8217;entorn id\u00edl\u00b7lic de la casa rural, envoltada de paisatges pintorescos, ofereix un aut\u00e8ntic rec\u00e9s de pau per reunir a tota la fam\u00edlia.<br \/>\nAmb els seus amplis espais, aquesta casa rural est\u00e0 perfectament equipada per acollir grups grans, alhora que garanteix comoditat i privacitat per a tothom.<br \/>\nJa sigui per un cap de setmana o una estada prolongada, Mas Picagnol us permet crear records memorables durant la vostra reuni\u00f3 familiar.   <\/span><\/p>\n\t\t\t\t\t\t<\/div>\n\t\t\t\t<\/div>\n\t\t\t\t<div class=\"elementor-element elementor-element-02970ce elementor-widget elementor-widget-heading\" data-id=\"02970ce\" data-element_type=\"widget\" data-widget_type=\"heading.default\">\n\t\t\t\t<div class=\"elementor-widget-container\">\n\t\t\t<h2 class=\"elementor-heading-title elementor-size-default\">Un lloc perfecte per organitzar els teus seminaris i esdeveniments a prop de Ceret<\/h2>\t\t<\/div>\n\t\t\t\t<\/div>\n\t\t\t\t<div class=\"elementor-element elementor-element-a35fcea elementor-widget elementor-widget-text-editor\" data-id=\"a35fcea\" data-element_type=\"widget\" data-widget_type=\"text-editor.default\">\n\t\t\t\t<div class=\"elementor-widget-container\">\n\t\t\t\t\t\t\t<p><span style=\"font-weight: 400;\">A m\u00e9s de ser un lloc privilegiat per a vacances en grup i reunions familiars, Mas Picagnol \u00e9s una opci\u00f3 estrat\u00e8gica per a l&#8217;organitzaci\u00f3 de seminaris i esdeveniments professionals.<br \/>\nLa seva proximitat a C\u00e9ret facilita l&#8217;acc\u00e9s dels teus empleats, alhora que ofereix un entorn propici per a la concentraci\u00f3 i la creativitat.<br \/>\nLes zones comunes, modulars i ben equipades, s\u00f3n perfectes per a sessions de treball productives seguides de moments de relax en plena natura.  <\/span><\/p>\n\t\t\t\t\t\t<\/div>\n\t\t\t\t<\/div>\n\t\t\t\t<div class=\"elementor-element elementor-element-8de8af1 elementor-widget elementor-widget-heading\" data-id=\"8de8af1\" data-element_type=\"widget\" data-widget_type=\"heading.default\">\n\t\t\t\t<div class=\"elementor-widget-container\">\n\t\t\t<h2 class=\"elementor-heading-title elementor-size-default\">Activitats i descobriments als voltants de Mas Picagnol<\/h2>\t\t<\/div>\n\t\t\t\t<\/div>\n\t\t\t\t<div class=\"elementor-element elementor-element-c7c5e07 elementor-widget elementor-widget-text-editor\" data-id=\"c7c5e07\" data-element_type=\"widget\" data-widget_type=\"text-editor.default\">\n\t\t\t\t<div class=\"elementor-widget-container\">\n\t\t\t\t\t\t\t<p><span style=\"font-weight: 400;\">Allotjar-se a Mas Picagnol durant les vostres reunions familiars tamb\u00e9 us ofereix l&#8217;oportunitat de descobrir les riqueses de la regi\u00f3 d&#8217;Occit\u00e0nia.<br \/>\nA prop de Ceret, podeu explorar llocs culturals, visitar vinyes famoses i gaudir de les nombroses activitats a l&#8217;aire lliure que s&#8217;ofereixen, com ara senderisme, bicicleta de muntanya o passejades pels rius.<br \/>\nPer a les fam\u00edlies, aquests moments de descoberta afegeixen una dimensi\u00f3 addicional a la seva estada, fent de Mas Picagnol el punt de partida ideal per a aventures compartides.  <\/span><\/p>\n\t\t\t\t\t\t<\/div>\n\t\t\t\t<\/div>\n\t\t\t\t<div class=\"elementor-element elementor-element-ab49107 elementor-widget elementor-widget-heading\" data-id=\"ab49107\" data-element_type=\"widget\" data-widget_type=\"heading.default\">\n\t\t\t\t<div class=\"elementor-widget-container\">\n\t\t\t<h2 class=\"elementor-heading-title elementor-size-default\">Reserva la teva estada a Mas Picagnol<\/h2>\t\t<\/div>\n\t\t\t\t<\/div>\n\t\t\t\t<div class=\"elementor-element elementor-element-1831ef4 elementor-widget elementor-widget-text-editor\" data-id=\"1831ef4\" data-element_type=\"widget\" data-widget_type=\"text-editor.default\">\n\t\t\t\t<div class=\"elementor-widget-container\">\n\t\t\t\t\t\t\t<p><span style=\"font-weight: 400;\">Ja sigui per a unes vacances en grup, reunions familiars o per a un seminari professional, Mas Picagnol us ofereix un entorn \u00fanic a Occit\u00e0nia, a un pas de Ceret.<br \/>\nAquesta excepcional casa rural per a grups \u00e9s el lloc perfecte per crear records inoblidables amb els vostres \u00e9ssers estimats.<br \/>\nNo esperis m\u00e9s per reservar i viure una experi\u00e8ncia \u00fanica al cor d&#8217;Occit\u00e0nia.  <\/span><\/p>\n\t\t\t\t\t\t<\/div>\n\t\t\t\t<\/div>\n\t\t\t\t<div class=\"elementor-element elementor-element-88d25a2 elementor-widget elementor-widget-image\" data-id=\"88d25a2\" data-element_type=\"widget\" data-widget_type=\"image.default\">\n\t\t\t\t<div class=\"elementor-widget-container\">\n\t\t\t\t\t\t\t\t\t\t\t\t\t<img fetchpriority=\"high\" decoding=\"async\" width=\"800\" height=\"600\" src=\"https:\/\/maspicagnol.com\/wp-content\/uploads\/2024\/07\/piscine-terrasse-olivier.jpg\" class=\"attachment-large size-large wp-image-47162\" alt=\"Mas Picagnol g\u00eetes pour famille avec piscine\" srcset=\"https:\/\/maspicagnol.com\/wp-content\/uploads\/2024\/07\/piscine-terrasse-olivier.jpg 2048w, https:\/\/maspicagnol.com\/wp-content\/uploads\/2024\/07\/piscine-terrasse-olivier-300x225.jpg 300w, https:\/\/maspicagnol.com\/wp-content\/uploads\/2024\/07\/piscine-terrasse-olivier-768x576.jpg 768w, https:\/\/maspicagnol.com\/wp-content\/uploads\/2024\/07\/piscine-terrasse-olivier-1536x1152.jpg 1536w, https:\/\/maspicagnol.com\/wp-content\/uploads\/2024\/07\/piscine-terrasse-olivier-600x450.jpg 600w\" sizes=\"(max-width: 800px) 100vw, 800px\" \/>\t\t\t\t\t\t\t\t\t\t\t\t\t<\/div>\n\t\t\t\t<\/div>\n\t\t\t\t<div class=\"elementor-element elementor-element-4770403 elementor-widget elementor-widget-text-editor\" data-id=\"4770403\" data-element_type=\"widget\" data-widget_type=\"text-editor.default\">\n\t\t\t\t<div class=\"elementor-widget-container\">\n\t\t\t\t\t\t\t<p><span style=\"font-weight: 400;\">En conclusi\u00f3, Mas Picagnol \u00e9s una opci\u00f3 imprescindible si busques una casa rural en grup a Occit\u00e0nia.<br \/>\nTant si est\u00e0s planejant unes vacances, un seminari o una reuni\u00f3 familiar, aquest lloc combina confort, tradici\u00f3 i modernitat per a una estada exitosa.<br \/>\nLa seva ubicaci\u00f3 ideal a prop de Ceret, el seu entorn natural preservat i les seves nombroses instal\u00b7lacions el converteixen en l&#8217;elecci\u00f3 perfecta per acollir els teus propers esdeveniments.<br \/>\nReuneix la teva fam\u00edlia, amics o companys de feina a Mas Picagnol i crea records inoblidables en un lloc on cada detall est\u00e0 pensat per a la teva comoditat i benestar.<br \/>\nNo esperis m\u00e9s per reservar aquesta excepcional casa rural i viure una experi\u00e8ncia \u00fanica al cor d&#8217;Occit\u00e0nia.    <\/span><\/p>\n\t\t\t\t\t\t<\/div>\n\t\t\t\t<\/div>\n\t\t\t\t\t<\/div>\n\t\t\t\t<\/div>\n\t\t\t\t<\/div>\n\t\t","protected":false},"excerpt":{"rendered":"<p>Mas Picagnol: La casa rural ideal per a grups a Occit\u00e0nia per a les teves vacances, seminaris i reunions familiars a prop de Ceret Situat al cor d&#8217;Occit\u00e0nia, Mas Picagnol destaca com una de les millors cases rurals per a grups de la regi\u00f3 per acollir les vostres vacances amb la fam\u00edlia, els amics, els [&hellip;]<\/p>\n","protected":false},"author":2,"featured_media":0,"parent":67004,"menu_order":0,"comment_status":"closed","ping_status":"closed","template":"","meta":{"om_disable_all_campaigns":false,"_monsterinsights_skip_tracking":false,"_monsterinsights_sitenote_active":false,"_monsterinsights_sitenote_note":"","_monsterinsights_sitenote_category":0,"_uf_show_specific_survey":0,"_uf_disable_surveys":false,"footnotes":""},"folder":[],"class_list":["post-107701","page","type-page","status-publish","hentry"],"aioseo_notices":[],"_links":{"self":[{"href":"https:\/\/maspicagnol.com\/ca\/wp-json\/wp\/v2\/pages\/107701","targetHints":{"allow":["GET"]}}],"collection":[{"href":"https:\/\/maspicagnol.com\/ca\/wp-json\/wp\/v2\/pages"}],"about":[{"href":"https:\/\/maspicagnol.com\/ca\/wp-json\/wp\/v2\/types\/page"}],"author":[{"embeddable":true,"href":"https:\/\/maspicagnol.com\/ca\/wp-json\/wp\/v2\/users\/2"}],"replies":[{"embeddable":true,"href":"https:\/\/maspicagnol.com\/ca\/wp-json\/wp\/v2\/comments?post=107701"}],"version-history":[{"count":2,"href":"https:\/\/maspicagnol.com\/ca\/wp-json\/wp\/v2\/pages\/107701\/revisions"}],"predecessor-version":[{"id":166123,"href":"https:\/\/maspicagnol.com\/ca\/wp-json\/wp\/v2\/pages\/107701\/revisions\/166123"}],"up":[{"embeddable":true,"href":"https:\/\/maspicagnol.com\/ca\/wp-json\/wp\/v2\/pages\/67004"}],"wp:attachment":[{"href":"https:\/\/maspicagnol.com\/ca\/wp-json\/wp\/v2\/media?parent=107701"}],"wp:term":[{"taxonomy":"folder","embeddable":true,"href":"https:\/\/maspicagnol.com\/ca\/wp-json\/wp\/v2\/folder?post=107701"}],"curies":[{"name":"wp","href":"https:\/\/api.w.org\/{rel}","templated":true}]}}