{"id":107697,"date":"2024-09-11T13:58:33","date_gmt":"2024-09-11T12:58:33","guid":{"rendered":"https:\/\/maspicagnol.com\/noticia\/reunions-dempresa-i-seminaris-a-mas-picagnol-a-ceret-un-entorn-ideal-a-occitania\/"},"modified":"2024-10-13T20:36:20","modified_gmt":"2024-10-13T20:36:20","slug":"reunions-dempresa-i-seminaris-a-mas-picagnol-a-ceret-un-entorn-ideal-a-occitania","status":"publish","type":"page","link":"https:\/\/maspicagnol.com\/ca\/noticia\/reunions-dempresa-i-seminaris-a-mas-picagnol-a-ceret-un-entorn-ideal-a-occitania\/","title":{"rendered":"Reunions d&#8217;empresa i seminaris a Mas Picagnol a Ceret &#8211; Un entorn ideal a Occit\u00e0nia"},"content":{"rendered":"\t\t<div data-elementor-type=\"wp-page\" data-elementor-id=\"107697\" class=\"elementor elementor-107697 elementor-102872\" data-elementor-post-type=\"page\">\n\t\t\t\t<div class=\"elementor-element elementor-element-6410d75 e-flex e-con-boxed e-con e-parent\" data-id=\"6410d75\" data-element_type=\"container\">\n\t\t\t\t\t<div class=\"e-con-inner\">\n\t\t\t\t<div class=\"elementor-element elementor-element-877d61f elementor-widget elementor-widget-heading\" data-id=\"877d61f\" data-element_type=\"widget\" data-widget_type=\"heading.default\">\n\t\t\t\t<div class=\"elementor-widget-container\">\n\t\t\t<h1 class=\"elementor-heading-title elementor-size-default\">Reunions d'empresa i seminaris al Mas Picagnol de Ceret<\/h1>\t\t<\/div>\n\t\t\t\t<\/div>\n\t\t\t\t\t<\/div>\n\t\t\t\t<\/div>\n\t\t<div class=\"elementor-element elementor-element-d1a385d e-flex e-con-boxed e-con e-parent\" data-id=\"d1a385d\" data-element_type=\"container\">\n\t\t\t\t\t<div class=\"e-con-inner\">\n\t\t\t\t<div class=\"elementor-element elementor-element-10df084 elementor-widget elementor-widget-heading\" data-id=\"10df084\" data-element_type=\"widget\" data-widget_type=\"heading.default\">\n\t\t\t\t<div class=\"elementor-widget-container\">\n\t\t\t<h2 class=\"elementor-heading-title elementor-size-default\">Un escenari natural per a reunions d'empresa inspiradores<\/h2>\t\t<\/div>\n\t\t\t\t<\/div>\n\t\t\t\t<div class=\"elementor-element elementor-element-abb144b elementor-widget elementor-widget-text-editor\" data-id=\"abb144b\" data-element_type=\"widget\" data-widget_type=\"text-editor.default\">\n\t\t\t\t<div class=\"elementor-widget-container\">\n\t\t\t\t\t\t\t<p><span style=\"font-weight: 400;\">Mas Picagnol, situat a Oms, a prop de Ceret, als Pirineus Orientals, ofereix un entorn \u00fanic per a l&#8217;organitzaci\u00f3 de reunions de negocis i seminaris professionals.<br \/>\nEn plena natura, aquest lloc aut\u00e8ntic i ser\u00e8 permet als teus equips recarregar les piles mentre se centren en els seus objectius.<br \/>\nJa sigui per a una reuni\u00f3 estrat\u00e8gica, un seminari de formaci\u00f3 o un taller de team building, Mas Picagnol combina confort, tranquil\u00b7litat i inspiraci\u00f3.  <\/span><\/p>\n\t\t\t\t\t\t<\/div>\n\t\t\t\t<\/div>\n\t\t\t\t<div class=\"elementor-element elementor-element-02970ce elementor-widget elementor-widget-heading\" data-id=\"02970ce\" data-element_type=\"widget\" data-widget_type=\"heading.default\">\n\t\t\t\t<div class=\"elementor-widget-container\">\n\t\t\t<h2 class=\"elementor-heading-title elementor-size-default\">Cases rurals espaioses per allotjar els teus equips<\/h2>\t\t<\/div>\n\t\t\t\t<\/div>\n\t\t\t\t<div class=\"elementor-element elementor-element-a35fcea elementor-widget elementor-widget-text-editor\" data-id=\"a35fcea\" data-element_type=\"widget\" data-widget_type=\"text-editor.default\">\n\t\t\t\t<div class=\"elementor-widget-container\">\n\t\t\t\t\t\t\t<p><span style=\"font-weight: 400;\">Amb una capacitat de fins a 28 persones, Mas Picagnol ofereix cases rurals \u00e0mplies i confortables per allotjar els vostres empleats.<br \/>\nCada casa rural est\u00e0 equipada amb una terrassa privada, una cuina moderna i zones comunes propicies per a l&#8217;intercanvi.<br \/>\nDespr\u00e9s d&#8217;un dia de treball productiu, els teus equips podran relaxar-se en un entorn natural i relaxant.  <\/span><\/p>\n\t\t\t\t\t\t<\/div>\n\t\t\t\t<\/div>\n\t\t\t\t<div class=\"elementor-element elementor-element-88d25a2 elementor-widget elementor-widget-image\" data-id=\"88d25a2\" data-element_type=\"widget\" data-widget_type=\"image.default\">\n\t\t\t\t<div class=\"elementor-widget-container\">\n\t\t\t\t\t\t\t\t\t\t\t\t\t<img fetchpriority=\"high\" decoding=\"async\" width=\"2048\" height=\"1536\" src=\"https:\/\/maspicagnol.com\/wp-content\/uploads\/2024\/03\/IMG_2689.jpeg\" class=\"attachment-full size-full wp-image-3764\" alt=\"Mas Picagnol - s\u00e9minaire perpignan\" srcset=\"https:\/\/maspicagnol.com\/wp-content\/uploads\/2024\/03\/IMG_2689.jpeg 2048w, https:\/\/maspicagnol.com\/wp-content\/uploads\/2024\/03\/IMG_2689-600x450.jpeg 600w, https:\/\/maspicagnol.com\/wp-content\/uploads\/2024\/03\/IMG_2689-300x225.jpeg 300w, https:\/\/maspicagnol.com\/wp-content\/uploads\/2024\/03\/IMG_2689-768x576.jpeg 768w, https:\/\/maspicagnol.com\/wp-content\/uploads\/2024\/03\/IMG_2689-1536x1152.jpeg 1536w\" sizes=\"(max-width: 2048px) 100vw, 2048px\" \/>\t\t\t\t\t\t\t\t\t\t\t\t\t<\/div>\n\t\t\t\t<\/div>\n\t\t\t\t<div class=\"elementor-element elementor-element-8de8af1 elementor-widget elementor-widget-heading\" data-id=\"8de8af1\" data-element_type=\"widget\" data-widget_type=\"heading.default\">\n\t\t\t\t<div class=\"elementor-widget-container\">\n\t\t\t<h2 class=\"elementor-heading-title elementor-size-default\">Sala de reunions equipada per als teus seminaris a Mas Picagnol<\/h2>\t\t<\/div>\n\t\t\t\t<\/div>\n\t\t\t\t<div class=\"elementor-element elementor-element-c7c5e07 elementor-widget elementor-widget-text-editor\" data-id=\"c7c5e07\" data-element_type=\"widget\" data-widget_type=\"text-editor.default\">\n\t\t\t\t<div class=\"elementor-widget-container\">\n\t\t\t\t\t\t\t<p><span style=\"font-weight: 400;\">Mas Picagnol tamb\u00e9 disposa de la sala Clematis, perfectament equipada per acollir reunions i seminaris professionals.<br \/>\nAquesta sala \u00e0mplia i lluminosa est\u00e0 equipada amb un sistema de so, un retroprojector i una pantalla de projecci\u00f3, oferint-te tot el necessari per a presentacions efectives.<br \/>\nL&#8217;ambient c\u00e0lid i vintage de la sala Clematis afegeix un toc d&#8217;autenticitat als teus esdeveniments professionals.  <\/span><\/p>\n\t\t\t\t\t\t<\/div>\n\t\t\t\t<\/div>\n\t\t\t\t<div class=\"elementor-element elementor-element-9b12328 elementor-widget elementor-widget-heading\" data-id=\"9b12328\" data-element_type=\"widget\" data-widget_type=\"heading.default\">\n\t\t\t\t<div class=\"elementor-widget-container\">\n\t\t\t<h2 class=\"elementor-heading-title elementor-size-default\">Activitats de team building en un entorn excepcional<\/h2>\t\t<\/div>\n\t\t\t\t<\/div>\n\t\t\t\t<div class=\"elementor-element elementor-element-1831ef4 elementor-widget elementor-widget-text-editor\" data-id=\"1831ef4\" data-element_type=\"widget\" data-widget_type=\"text-editor.default\">\n\t\t\t\t<div class=\"elementor-widget-container\">\n\t\t\t\t\t\t\t<p><span style=\"font-weight: 400;\">Mas Picagnol, situat a Oms, \u00e9s el lloc ideal per organitzar activitats de team-building en un entorn natural.<br \/>\nEntre dues sessions de treball, els teus equips podran gaudir de la piscina, la pista de petanca o fer excursions pels voltants.<br \/>\nLa proximitat de Ceret i la seva riquesa cultural tamb\u00e9 permet organitzar sortides d&#8217;empresa, refor\u00e7ant aix\u00ed la cohesi\u00f3 i la motivaci\u00f3 dels participants.  <\/span><\/p>\n\t\t\t\t\t\t<\/div>\n\t\t\t\t<\/div>\n\t\t\t\t<div class=\"elementor-element elementor-element-1054415 elementor-widget elementor-widget-image\" data-id=\"1054415\" data-element_type=\"widget\" data-widget_type=\"image.default\">\n\t\t\t\t<div class=\"elementor-widget-container\">\n\t\t\t\t\t\t\t\t\t\t\t\t\t<img decoding=\"async\" width=\"1500\" height=\"1916\" src=\"https:\/\/maspicagnol.com\/wp-content\/uploads\/2024\/05\/208910-1.jpg\" class=\"attachment-full size-full wp-image-8598\" alt=\"Mas picagnol s\u00e9minaire perpignan\" srcset=\"https:\/\/maspicagnol.com\/wp-content\/uploads\/2024\/05\/208910-1.jpg 1500w, https:\/\/maspicagnol.com\/wp-content\/uploads\/2024\/05\/208910-1-235x300.jpg 235w, https:\/\/maspicagnol.com\/wp-content\/uploads\/2024\/05\/208910-1-768x981.jpg 768w, https:\/\/maspicagnol.com\/wp-content\/uploads\/2024\/05\/208910-1-1203x1536.jpg 1203w, https:\/\/maspicagnol.com\/wp-content\/uploads\/2024\/05\/208910-1-600x766.jpg 600w\" sizes=\"(max-width: 1500px) 100vw, 1500px\" \/>\t\t\t\t\t\t\t\t\t\t\t\t\t<\/div>\n\t\t\t\t<\/div>\n\t\t\t\t<div class=\"elementor-element elementor-element-ab49107 elementor-widget elementor-widget-heading\" data-id=\"ab49107\" data-element_type=\"widget\" data-widget_type=\"heading.default\">\n\t\t\t\t<div class=\"elementor-widget-container\">\n\t\t\t<h2 class=\"elementor-heading-title elementor-size-default\">Serveis a mida per als teus esdeveniments corporatius<\/h2>\t\t<\/div>\n\t\t\t\t<\/div>\n\t\t\t\t<div class=\"elementor-element elementor-element-4770403 elementor-widget elementor-widget-text-editor\" data-id=\"4770403\" data-element_type=\"widget\" data-widget_type=\"text-editor.default\">\n\t\t\t\t<div class=\"elementor-widget-container\">\n\t\t\t\t\t\t\t<p><span style=\"font-weight: 400;\">Perqu\u00e8 les teves reunions i seminaris siguin un \u00e8xit, Mas Picagnol t&#8217;ofereix serveis personalitzats per satisfer les teves necessitats.<br \/>\nJa sigui per a l&#8217;organitzaci\u00f3 d&#8217;\u00e0pats, amb la possibilitat de rec\u00f3rrer a c\u00e0terings locals com el Relais de l&#8217;Orme d&#8217;Oms, o la gesti\u00f3 de coffee breaks, ens encarreguem de tot perqu\u00e8 puguis concentrar-te plenament en el teu esdeveniment.<br \/>\nLes nostres cases rurals i espais de treball s\u00f3n adequats per a qualsevol tipus d&#8217;esdeveniment professional.  <\/span><\/p>\n\t\t\t\t\t\t<\/div>\n\t\t\t\t<\/div>\n\t\t\t\t<div class=\"elementor-element elementor-element-5da5f43 elementor-widget elementor-widget-heading\" data-id=\"5da5f43\" data-element_type=\"widget\" data-widget_type=\"heading.default\">\n\t\t\t\t<div class=\"elementor-widget-container\">\n\t\t\t<h2 class=\"elementor-heading-title elementor-size-default\">Reserva avui mateix el teu seminari o reuni\u00f3 a Mas Picagnol<\/h2>\t\t<\/div>\n\t\t\t\t<\/div>\n\t\t\t\t<div class=\"elementor-element elementor-element-0f135af elementor-widget elementor-widget-text-editor\" data-id=\"0f135af\" data-element_type=\"widget\" data-widget_type=\"text-editor.default\">\n\t\t\t\t<div class=\"elementor-widget-container\">\n\t\t\t\t\t\t\t<p><span style=\"font-weight: 400;\">Mas Picagnol \u00e9s el lloc ideal per organitzar les vostres reunions de negocis o seminaris als Pirineus Orientals, a prop de Ceret i Perpiny\u00e0.<br \/>\nAmb les seves \u00e0mplies cases rurals, les seves instal\u00b7lacions professionals i l&#8217;entorn natural, els seus esdeveniments seran alhora productius i agradables.<br \/>\nContacta amb nosaltres avui mateix per reservar i planificar el teu proper esdeveniment a Mas Picagnol.  <\/span><\/p>\n\t\t\t\t\t\t<\/div>\n\t\t\t\t<\/div>\n\t\t\t\t\t<\/div>\n\t\t\t\t<\/div>\n\t\t\t\t<\/div>\n\t\t","protected":false},"excerpt":{"rendered":"<p>Reunions d&#8217;empresa i seminaris al Mas Picagnol de Ceret Un escenari natural per a reunions d&#8217;empresa inspiradores Mas Picagnol, situat a Oms, a prop de Ceret, als Pirineus Orientals, ofereix un entorn \u00fanic per a l&#8217;organitzaci\u00f3 de reunions de negocis i seminaris professionals. En plena natura, aquest lloc aut\u00e8ntic i ser\u00e8 permet als teus equips [&hellip;]<\/p>\n","protected":false},"author":2,"featured_media":0,"parent":67004,"menu_order":0,"comment_status":"closed","ping_status":"closed","template":"","meta":{"om_disable_all_campaigns":false,"_monsterinsights_skip_tracking":false,"_monsterinsights_sitenote_active":false,"_monsterinsights_sitenote_note":"","_monsterinsights_sitenote_category":0,"_uf_show_specific_survey":0,"_uf_disable_surveys":false,"footnotes":""},"folder":[],"class_list":["post-107697","page","type-page","status-publish","hentry"],"aioseo_notices":[],"_links":{"self":[{"href":"https:\/\/maspicagnol.com\/ca\/wp-json\/wp\/v2\/pages\/107697","targetHints":{"allow":["GET"]}}],"collection":[{"href":"https:\/\/maspicagnol.com\/ca\/wp-json\/wp\/v2\/pages"}],"about":[{"href":"https:\/\/maspicagnol.com\/ca\/wp-json\/wp\/v2\/types\/page"}],"author":[{"embeddable":true,"href":"https:\/\/maspicagnol.com\/ca\/wp-json\/wp\/v2\/users\/2"}],"replies":[{"embeddable":true,"href":"https:\/\/maspicagnol.com\/ca\/wp-json\/wp\/v2\/comments?post=107697"}],"version-history":[{"count":2,"href":"https:\/\/maspicagnol.com\/ca\/wp-json\/wp\/v2\/pages\/107697\/revisions"}],"predecessor-version":[{"id":166142,"href":"https:\/\/maspicagnol.com\/ca\/wp-json\/wp\/v2\/pages\/107697\/revisions\/166142"}],"up":[{"embeddable":true,"href":"https:\/\/maspicagnol.com\/ca\/wp-json\/wp\/v2\/pages\/67004"}],"wp:attachment":[{"href":"https:\/\/maspicagnol.com\/ca\/wp-json\/wp\/v2\/media?parent=107697"}],"wp:term":[{"taxonomy":"folder","embeddable":true,"href":"https:\/\/maspicagnol.com\/ca\/wp-json\/wp\/v2\/folder?post=107697"}],"curies":[{"name":"wp","href":"https:\/\/api.w.org\/{rel}","templated":true}]}}