{"id":107695,"date":"2024-09-11T13:43:09","date_gmt":"2024-09-11T13:43:09","guid":{"rendered":"https:\/\/maspicagnol.com\/noticia\/organitza-un-aniversari-inoblidable-a-mas-picagnol-amb-piscina-a-prop-de-ceret\/"},"modified":"2024-10-13T20:28:43","modified_gmt":"2024-10-13T20:28:43","slug":"organitza-un-aniversari-inoblidable-a-mas-picagnol-amb-piscina-a-prop-de-ceret","status":"publish","type":"page","link":"https:\/\/maspicagnol.com\/ca\/noticia\/organitza-un-aniversari-inoblidable-a-mas-picagnol-amb-piscina-a-prop-de-ceret\/","title":{"rendered":"Organitza un aniversari inoblidable a Mas Picagnol amb piscina a prop de Ceret"},"content":{"rendered":"\t\t<div data-elementor-type=\"wp-page\" data-elementor-id=\"107695\" class=\"elementor elementor-107695 elementor-102871\" data-elementor-post-type=\"page\">\n\t\t\t\t<div class=\"elementor-element elementor-element-6410d75 e-flex e-con-boxed e-con e-parent\" data-id=\"6410d75\" data-element_type=\"container\">\n\t\t\t\t\t<div class=\"e-con-inner\">\n\t\t\t\t<div class=\"elementor-element elementor-element-877d61f elementor-widget elementor-widget-heading\" data-id=\"877d61f\" data-element_type=\"widget\" data-widget_type=\"heading.default\">\n\t\t\t\t<div class=\"elementor-widget-container\">\n\t\t\t<h1 class=\"elementor-heading-title elementor-size-default\">Organitza una festa d'aniversari memorable a Mas Picagnol amb piscina a Ceret<\/h1>\t\t<\/div>\n\t\t\t\t<\/div>\n\t\t\t\t\t<\/div>\n\t\t\t\t<\/div>\n\t\t<div class=\"elementor-element elementor-element-d1a385d e-flex e-con-boxed e-con e-parent\" data-id=\"d1a385d\" data-element_type=\"container\">\n\t\t\t\t\t<div class=\"e-con-inner\">\n\t\t\t\t<div class=\"elementor-element elementor-element-4559a8b elementor-widget elementor-widget-text-editor\" data-id=\"4559a8b\" data-element_type=\"widget\" data-widget_type=\"text-editor.default\">\n\t\t\t\t<div class=\"elementor-widget-container\">\n\t\t\t\t\t\t\t<p><span style=\"font-weight: 400;\">Organitzar una festa d&#8217;aniversari a Mas Picagnol us garanteix una celebraci\u00f3 excepcional al cor dels Pirineus Orientals.<br \/>\nAquesta casa rural per a grups situada a pocs minuts de Ceret, a l&#8217;encantador poble d&#8217;Oms, t&#8217;ofereix un entorn \u00fanic per reunir els teus \u00e9ssers estimats en un entorn natural i aut\u00e8ntic.<br \/>\nAmb una piscina privada, cases rurals espaioses i comoditats modernes, Mas Picagnol \u00e9s el lloc perfecte per celebrar moments importants.  <\/span><\/p>\n\t\t\t\t\t\t<\/div>\n\t\t\t\t<\/div>\n\t\t\t\t<div class=\"elementor-element elementor-element-10df084 elementor-widget elementor-widget-heading\" data-id=\"10df084\" data-element_type=\"widget\" data-widget_type=\"heading.default\">\n\t\t\t\t<div class=\"elementor-widget-container\">\n\t\t\t<h2 class=\"elementor-heading-title elementor-size-default\">Per qu\u00e8 triar Mas Picagnol per a un aniversari?<\/h2>\t\t<\/div>\n\t\t\t\t<\/div>\n\t\t\t\t<div class=\"elementor-element elementor-element-abb144b elementor-widget elementor-widget-text-editor\" data-id=\"abb144b\" data-element_type=\"widget\" data-widget_type=\"text-editor.default\">\n\t\t\t\t<div class=\"elementor-widget-container\">\n\t\t\t\t\t\t\t<p><span style=\"font-weight: 400;\">Mas Picagnol \u00e9s molt m\u00e9s que un allotjament.\nAmb les seves cases rurals col\u00b7lectives amb capacitat per a 28 persones, les seves terrasses privades i la seva magn\u00edfica piscina, aquesta finca ofereix tot el confort necessari per a una celebraci\u00f3 exitosa.\nLa privatitzaci\u00f3 completa del Mas permet a la teva fam\u00edlia i amics gaudir de tota la finca, garantint privacitat i conviv\u00e8ncia.  <\/span><\/p>\n<p><span style=\"font-weight: 400;\">A m\u00e9s de l&#8217;espai exterior, les cases rurals estan equipades per oferir una experi\u00e8ncia confortable, amb cuines modernes, sales d&#8217;estar c\u00e0lides i habitacions espaioses.\nTotes les cases tamb\u00e9 disposen d&#8217;una terrassa, ideal per gaudir de l&#8217;aire fresc i de la vista panor\u00e0mica sobre els Pirineus Orientals. <\/span><\/p>\t\t\t\t\t\t<\/div>\n\t\t\t\t<\/div>\n\t\t\t\t<div class=\"elementor-element elementor-element-02970ce elementor-widget elementor-widget-heading\" data-id=\"02970ce\" data-element_type=\"widget\" data-widget_type=\"heading.default\">\n\t\t\t\t<div class=\"elementor-widget-container\">\n\t\t\t<h2 class=\"elementor-heading-title elementor-size-default\">Gaudeix de la piscina i les zones de relax<\/h2>\t\t<\/div>\n\t\t\t\t<\/div>\n\t\t\t\t<div class=\"elementor-element elementor-element-a35fcea elementor-widget elementor-widget-text-editor\" data-id=\"a35fcea\" data-element_type=\"widget\" data-widget_type=\"text-editor.default\">\n\t\t\t\t<div class=\"elementor-widget-container\">\n\t\t\t\t\t\t\t<p><span style=\"font-weight: 400;\">Un aniversari a Mas Picagnol no est\u00e0 complet sense un bany a la piscina.<br \/>\nA l&#8217;estiu, la piscina es converteix en el punt focal de les celebracions, on els teus convidats poden relaxar-se i prendre el sol.<br \/>\nAl voltant de la piscina, hi ha moltes zones per prendre el sol o fer activitats a l&#8217;aire lliure.<br \/>\nJa sigui per a una tarda de jocs o una vetllada a la vora de l&#8217;aigua, la piscina crea un ambient festiu i acollidor, perfecte per a un aniversari memorable.   <\/span><\/p>\n\t\t\t\t\t\t<\/div>\n\t\t\t\t<\/div>\n\t\t\t\t<div class=\"elementor-element elementor-element-28e746a elementor-widget elementor-widget-image\" data-id=\"28e746a\" data-element_type=\"widget\" data-widget_type=\"image.default\">\n\t\t\t\t<div class=\"elementor-widget-container\">\n\t\t\t\t\t\t\t\t\t\t\t\t\t<img fetchpriority=\"high\" decoding=\"async\" width=\"599\" height=\"449\" src=\"https:\/\/maspicagnol.com\/wp-content\/uploads\/2024\/05\/6B0F20F8-3B8B-465E-B605-26F0E86D56A6.jpg\" class=\"attachment-full size-full wp-image-7786\" alt=\"Mas Picagnol - O\u00f9 f\u00eater son anniversaire vers perpignan\" srcset=\"https:\/\/maspicagnol.com\/wp-content\/uploads\/2024\/05\/6B0F20F8-3B8B-465E-B605-26F0E86D56A6.jpg 599w, https:\/\/maspicagnol.com\/wp-content\/uploads\/2024\/05\/6B0F20F8-3B8B-465E-B605-26F0E86D56A6-300x225.jpg 300w\" sizes=\"(max-width: 599px) 100vw, 599px\" \/>\t\t\t\t\t\t\t\t\t\t\t\t\t<\/div>\n\t\t\t\t<\/div>\n\t\t\t\t<div class=\"elementor-element elementor-element-8de8af1 elementor-widget elementor-widget-heading\" data-id=\"8de8af1\" data-element_type=\"widget\" data-widget_type=\"heading.default\">\n\t\t\t\t<div class=\"elementor-widget-container\">\n\t\t\t<h2 class=\"elementor-heading-title elementor-size-default\">Descobreix les riqueses del Vallespir durant la teva estada<\/h2>\t\t<\/div>\n\t\t\t\t<\/div>\n\t\t\t\t<div class=\"elementor-element elementor-element-c7c5e07 elementor-widget elementor-widget-text-editor\" data-id=\"c7c5e07\" data-element_type=\"widget\" data-widget_type=\"text-editor.default\">\n\t\t\t\t<div class=\"elementor-widget-container\">\n\t\t\t\t\t\t\t<p><span style=\"font-weight: 400;\">Si us allotgeu al Mas Picagnol, us trobareu a prop de Ceret i del pintoresc poble d&#8217;Oms.<br \/>\nAquestes destinacions estan plenes d&#8217;activitats per a tots els gustos.<br \/>\nCeret \u00e9s famosa pel seu patrimoni art\u00edstic i museu d&#8217;art modern, mentre que Oms ofereix rutes panor\u00e0miques de senderisme i vistes espectaculars a la muntanya.<br \/>\nDespr\u00e9s d&#8217;explorar la zona, podeu tornar a la tranquil\u00b7litat de Mas Picagnol per continuar les festes.   <\/span><\/p>\n\t\t\t\t\t\t<\/div>\n\t\t\t\t<\/div>\n\t\t\t\t<div class=\"elementor-element elementor-element-ab49107 elementor-widget elementor-widget-heading\" data-id=\"ab49107\" data-element_type=\"widget\" data-widget_type=\"heading.default\">\n\t\t\t\t<div class=\"elementor-widget-container\">\n\t\t\t<h2 class=\"elementor-heading-title elementor-size-default\">Serveis personalitzats per a un aniversari d'\u00e8xit<\/h2>\t\t<\/div>\n\t\t\t\t<\/div>\n\t\t\t\t<div class=\"elementor-element elementor-element-1831ef4 elementor-widget elementor-widget-text-editor\" data-id=\"1831ef4\" data-element_type=\"widget\" data-widget_type=\"text-editor.default\">\n\t\t\t\t<div class=\"elementor-widget-container\">\n\t\t\t\t\t\t\t<p><span style=\"font-weight: 400;\">Perqu\u00e8 el teu aniversari sigui un \u00e8xit, Mas Picagnol tamb\u00e9 ofereix serveis a mida.\nEl nostre equip est\u00e0 a la teva disposici\u00f3 per ajudar-te a organitzar el teu esdeveniment fins al m\u00e9s m\u00ednim detall.\nJa sigui per a la muntada de la sala de recepci\u00f3 Clematis, l&#8217;organitzaci\u00f3 de menjars per a grups o activitats espec\u00edfiques, ens assegurem que cada moment sigui perfecte.  <\/span><\/p>\n<p><span style=\"font-weight: 400;\">Mas Picagnol col\u00b7labora amb c\u00e0terings locals, com el Relais de l&#8217;Orme, per oferir una cuina de qualitat als seus convidats.\nTamb\u00e9 pots optar per opcions de menjar a l&#8217;aire lliure al voltant de la piscina, perqu\u00e8 puguis gaudir de la bellesa natural del lloc mentre comparteixes un \u00e0pat amb la fam\u00edlia o els amics. <\/span><\/p>\t\t\t\t\t\t<\/div>\n\t\t\t\t<\/div>\n\t\t\t\t<div class=\"elementor-element elementor-element-88d25a2 elementor-widget elementor-widget-image\" data-id=\"88d25a2\" data-element_type=\"widget\" data-widget_type=\"image.default\">\n\t\t\t\t<div class=\"elementor-widget-container\">\n\t\t\t\t\t\t\t\t\t\t\t\t\t<img decoding=\"async\" width=\"2048\" height=\"1536\" src=\"https:\/\/maspicagnol.com\/wp-content\/uploads\/2024\/03\/apero-2-e1743271698194.jpg\" class=\"attachment-full size-full wp-image-3746\" alt=\"Mas Picagnol - O\u00f9 f\u00eater son anniversaire vers perpignan\" srcset=\"https:\/\/maspicagnol.com\/wp-content\/uploads\/2024\/03\/apero-2-e1743271698194.jpg 2048w, https:\/\/maspicagnol.com\/wp-content\/uploads\/2024\/03\/apero-2-e1743271698194-600x450.jpg 600w, https:\/\/maspicagnol.com\/wp-content\/uploads\/2024\/03\/apero-2-e1743271698194-300x225.jpg 300w, https:\/\/maspicagnol.com\/wp-content\/uploads\/2024\/03\/apero-2-e1743271698194-768x576.jpg 768w, https:\/\/maspicagnol.com\/wp-content\/uploads\/2024\/03\/apero-2-e1743271698194-1536x1152.jpg 1536w\" sizes=\"(max-width: 2048px) 100vw, 2048px\" \/>\t\t\t\t\t\t\t\t\t\t\t\t\t<\/div>\n\t\t\t\t<\/div>\n\t\t\t\t<div class=\"elementor-element elementor-element-d8affe7 elementor-widget elementor-widget-heading\" data-id=\"d8affe7\" data-element_type=\"widget\" data-widget_type=\"heading.default\">\n\t\t\t\t<div class=\"elementor-widget-container\">\n\t\t\t<h2 class=\"elementor-heading-title elementor-size-default\">Reserva avui i celebra el teu aniversari a Mas Picagnol<\/h2>\t\t<\/div>\n\t\t\t\t<\/div>\n\t\t\t\t<div class=\"elementor-element elementor-element-4770403 elementor-widget elementor-widget-text-editor\" data-id=\"4770403\" data-element_type=\"widget\" data-widget_type=\"text-editor.default\">\n\t\t\t\t<div class=\"elementor-widget-container\">\n\t\t\t\t\t\t\t<p><span style=\"font-weight: 400;\">Per a un aniversari inoblidable a Occit\u00e0nia, reserva la privatitzaci\u00f3 de Mas Picagnol avui.<br \/>\nAprofita les nostres cases rurals per a grups, la piscina i tots els serveis que s&#8217;ofereixen per organitzar una festa d&#8217;\u00e8xit en un entorn id\u00edl\u00b7lic a prop de Ceret i Oms.<br \/>\nJa sigui per a un aniversari, un casament o una altra celebraci\u00f3, Mas Picagnol \u00e9s el lloc perfecte per crear records que duraran tota la vida.  <\/span><\/p>\n\t\t\t\t\t\t<\/div>\n\t\t\t\t<\/div>\n\t\t\t\t<div class=\"elementor-element elementor-element-4295c26 elementor-widget elementor-widget-text-editor\" data-id=\"4295c26\" data-element_type=\"widget\" data-widget_type=\"text-editor.default\">\n\t\t\t\t<div class=\"elementor-widget-container\">\n\t\t\t\t\t\t\t<p><span style=\"font-weight: 400;\">Per concloure escollint Mas Picagnol per celebrar el teu aniversari amb els teus \u00e9ssers estimats, est\u00e0s optant per un entorn excepcional que combina confort, autenticitat i natura.<br \/>\nAmb piscina, cases rurals espaioses i proximitat a Ceret i Oms, Mas Picagnol \u00e9s una destinaci\u00f3 obligada per a esdeveniments memorables.<br \/>\nNo esperis m\u00e9s i contacta amb nosaltres per organitzar la teva propera festa d&#8217;aniversari en un entorn \u00fanic.  <\/span><\/p>\n\t\t\t\t\t\t<\/div>\n\t\t\t\t<\/div>\n\t\t\t\t\t<\/div>\n\t\t\t\t<\/div>\n\t\t\t\t<\/div>\n\t\t","protected":false},"excerpt":{"rendered":"<p>Organitza una festa d&#8217;aniversari memorable a Mas Picagnol amb piscina a Ceret Organitzar una festa d&#8217;aniversari a Mas Picagnol us garanteix una celebraci\u00f3 excepcional al cor dels Pirineus Orientals. Aquesta casa rural per a grups situada a pocs minuts de Ceret, a l&#8217;encantador poble d&#8217;Oms, t&#8217;ofereix un entorn \u00fanic per reunir els teus \u00e9ssers estimats [&hellip;]<\/p>\n","protected":false},"author":2,"featured_media":0,"parent":67004,"menu_order":0,"comment_status":"closed","ping_status":"closed","template":"","meta":{"om_disable_all_campaigns":false,"_monsterinsights_skip_tracking":false,"_monsterinsights_sitenote_active":false,"_monsterinsights_sitenote_note":"","_monsterinsights_sitenote_category":0,"_uf_show_specific_survey":0,"_uf_disable_surveys":false,"footnotes":""},"folder":[],"class_list":["post-107695","page","type-page","status-publish","hentry"],"aioseo_notices":[],"_links":{"self":[{"href":"https:\/\/maspicagnol.com\/ca\/wp-json\/wp\/v2\/pages\/107695","targetHints":{"allow":["GET"]}}],"collection":[{"href":"https:\/\/maspicagnol.com\/ca\/wp-json\/wp\/v2\/pages"}],"about":[{"href":"https:\/\/maspicagnol.com\/ca\/wp-json\/wp\/v2\/types\/page"}],"author":[{"embeddable":true,"href":"https:\/\/maspicagnol.com\/ca\/wp-json\/wp\/v2\/users\/2"}],"replies":[{"embeddable":true,"href":"https:\/\/maspicagnol.com\/ca\/wp-json\/wp\/v2\/comments?post=107695"}],"version-history":[{"count":2,"href":"https:\/\/maspicagnol.com\/ca\/wp-json\/wp\/v2\/pages\/107695\/revisions"}],"predecessor-version":[{"id":166128,"href":"https:\/\/maspicagnol.com\/ca\/wp-json\/wp\/v2\/pages\/107695\/revisions\/166128"}],"up":[{"embeddable":true,"href":"https:\/\/maspicagnol.com\/ca\/wp-json\/wp\/v2\/pages\/67004"}],"wp:attachment":[{"href":"https:\/\/maspicagnol.com\/ca\/wp-json\/wp\/v2\/media?parent=107695"}],"wp:term":[{"taxonomy":"folder","embeddable":true,"href":"https:\/\/maspicagnol.com\/ca\/wp-json\/wp\/v2\/folder?post=107695"}],"curies":[{"name":"wp","href":"https:\/\/api.w.org\/{rel}","templated":true}]}}