{"id":107689,"date":"2024-09-11T12:38:24","date_gmt":"2024-09-11T11:38:24","guid":{"rendered":"https:\/\/maspicagnol.com\/casa-rural-6-persones-2024\/"},"modified":"2024-10-13T20:11:47","modified_gmt":"2024-10-13T20:11:47","slug":"casa-rural-6-persones-2024","status":"publish","type":"page","link":"https:\/\/maspicagnol.com\/ca\/casa-rural-6-persones-2024\/","title":{"rendered":"Casa rural 6 persones &#8211; 2024"},"content":{"rendered":"\t\t<div data-elementor-type=\"wp-post\" data-elementor-id=\"107689\" class=\"elementor elementor-107689 elementor-92144\" data-elementor-post-type=\"page\">\n\t\t\t\t<div class=\"elementor-element elementor-element-7446a0e e-flex e-con-boxed e-con e-parent\" data-id=\"7446a0e\" data-element_type=\"container\">\n\t\t\t\t\t<div class=\"e-con-inner\">\n\t\t\t\t<div class=\"elementor-element elementor-element-3ada269 elementor-widget elementor-widget-heading\" data-id=\"3ada269\" data-element_type=\"widget\" data-widget_type=\"heading.default\">\n\t\t\t\t<div class=\"elementor-widget-container\">\n\t\t\t<h1 class=\"elementor-heading-title elementor-size-default\">Cases rurals 6 persones a Mas Picagnol, espai i confort a Occit\u00e0nia  <\/h1>\t\t<\/div>\n\t\t\t\t<\/div>\n\t\t\t\t<div class=\"elementor-element elementor-element-de52a6c elementor-widget elementor-widget-heading\" data-id=\"de52a6c\" data-element_type=\"widget\" data-widget_type=\"heading.default\">\n\t\t\t\t<div class=\"elementor-widget-container\">\n\t\t\t<h2 class=\"elementor-heading-title elementor-size-default\">\u00c0mplies cases rurals per a les teves vacances en fam\u00edlia o amb amics<\/h2>\t\t<\/div>\n\t\t\t\t<\/div>\n\t\t\t\t<div class=\"elementor-element elementor-element-c5ca819 elementor-widget elementor-widget-text-editor\" data-id=\"c5ca819\" data-element_type=\"widget\" data-widget_type=\"text-editor.default\">\n\t\t\t\t<div class=\"elementor-widget-container\">\n\t\t\t\t\t\t\t<p class=\"p1\">Les nostres cases rurals per a 6 persones estan dissenyades per oferir un espai gener\u00f3s i totes les comoditats modernes, <strong>ideals per a vacances en fam\u00edlia o amb amics<\/strong>. <br \/>Amb tres dormitoris elegantment decorats, una cuina moderna, dos banys amb dutxa i dos lavabos i una terrassa privada, cada casa rural us garanteix una experi\u00e8ncia agradable al cor dels <b>Pirineus Orientals<\/b>, a prop de <b>Ceret<\/b>.<\/p>\n\t\t\t\t\t\t<\/div>\n\t\t\t\t<\/div>\n\t\t\t\t\t<\/div>\n\t\t\t\t<\/div>\n\t\t<div class=\"elementor-element elementor-element-06426ac e-con-full e-flex e-con e-parent\" data-id=\"06426ac\" data-element_type=\"container\">\n\t\t<div class=\"elementor-element elementor-element-9e5ea2b e-con-full e-flex e-con e-child\" data-id=\"9e5ea2b\" data-element_type=\"container\" data-settings=\"{&quot;background_background&quot;:&quot;slideshow&quot;,&quot;background_slideshow_gallery&quot;:[{&quot;id&quot;:47773,&quot;url&quot;:&quot;https:\\\/\\\/maspicagnol.com\\\/wp-content\\\/uploads\\\/2024\\\/07\\\/salon-wisteria-photo-accroche-2.jpg&quot;}],&quot;background_slideshow_loop&quot;:&quot;yes&quot;,&quot;background_slideshow_slide_duration&quot;:5000,&quot;background_slideshow_slide_transition&quot;:&quot;fade&quot;,&quot;background_slideshow_transition_duration&quot;:500}\">\n\t\t\t\t<\/div>\n\t\t<div class=\"elementor-element elementor-element-defd468 e-con-full e-flex e-con e-child\" data-id=\"defd468\" data-element_type=\"container\">\n\t\t\t\t<div class=\"elementor-element elementor-element-d8e4d13 elementor-widget elementor-widget-heading\" data-id=\"d8e4d13\" data-element_type=\"widget\" data-widget_type=\"heading.default\">\n\t\t\t\t<div class=\"elementor-widget-container\">\n\t\t\t<h2 class=\"elementor-heading-title elementor-size-default\">La casa rural de glicina  <\/h2>\t\t<\/div>\n\t\t\t\t<\/div>\n\t\t\t\t<div class=\"elementor-element elementor-element-f93d7ca elementor-widget elementor-widget-heading\" data-id=\"f93d7ca\" data-element_type=\"widget\" data-widget_type=\"heading.default\">\n\t\t\t\t<div class=\"elementor-widget-container\">\n\t\t\t<h3 class=\"elementor-heading-title elementor-size-default\">Harmonia entre la natura i el confort modern<\/h3>\t\t<\/div>\n\t\t\t\t<\/div>\n\t\t\t\t<div class=\"elementor-element elementor-element-7de9b8f elementor-widget__width-initial elementor-widget elementor-widget-text-editor\" data-id=\"7de9b8f\" data-element_type=\"widget\" data-widget_type=\"text-editor.default\">\n\t\t\t\t<div class=\"elementor-widget-container\">\n\t\t\t\t\t\t\t<p><span style=\"font-weight: 400;\">Benvinguts al G\u00eete Wisteria, un aut\u00e8ntic rec\u00e9s de pau per a aquells que busquen tant l&#8217;encant de la natura com el confort modern.<br \/>\nAquesta casa rural d\u00faplex, completada per un dormitori annex, est\u00e0 envoltada d&#8217;un entorn id\u00edl\u00b7lic amb una terrassa a l&#8217;ombra sota una olivera centen\u00e0ria i un bignone.<br \/>\nEl Wisteria Cottage est\u00e0 equipat amb tot el necessari per a una estada confortable: aire condicionat per als calorosos dies d&#8217;estiu, TV per sat\u00e8l\u00b7lit per als teus moments de relax i Wi-Fi il\u00b7limitat per mantenir-te connectat.<br \/>\nTant si est\u00e0s planejant unes vacances en fam\u00edlia com una estada amb amics, aquesta casa rural et garanteix moments inoblidables al cor dels Pirineus Orientals.   <\/span><\/p>\n\t\t\t\t\t\t<\/div>\n\t\t\t\t<\/div>\n\t\t\t\t<div class=\"elementor-element elementor-element-dfc4e2f elementor-widget elementor-widget-button\" data-id=\"dfc4e2f\" data-element_type=\"widget\" data-widget_type=\"button.default\">\n\t\t\t\t<div class=\"elementor-widget-container\">\n\t\t\t\t\t<div class=\"elementor-button-wrapper\">\n\t\t\t<a class=\"elementor-button elementor-button-link elementor-size-sm\" href=\"https:\/\/maspicagnol.com\/accommodation\/gite-wisteria\/\">\n\t\t\t\t\t\t<span class=\"elementor-button-content-wrapper\">\n\t\t\t\t\t\t\t\t\t<span class=\"elementor-button-text\">Apr\u00e8n m\u00e9s<\/span>\n\t\t\t\t\t<\/span>\n\t\t\t\t\t<\/a>\n\t\t<\/div>\n\t\t\t\t<\/div>\n\t\t\t\t<\/div>\n\t\t\t\t<\/div>\n\t\t\t\t<\/div>\n\t\t<div class=\"elementor-element elementor-element-c8d5b43 e-con-full e-flex e-con e-parent\" data-id=\"c8d5b43\" data-element_type=\"container\">\n\t\t<div class=\"elementor-element elementor-element-dd1bd10 e-con-full e-flex e-con e-child\" data-id=\"dd1bd10\" data-element_type=\"container\">\n\t\t\t\t<div class=\"elementor-element elementor-element-ba536d5 elementor-widget elementor-widget-heading\" data-id=\"ba536d5\" data-element_type=\"widget\" data-widget_type=\"heading.default\">\n\t\t\t\t<div class=\"elementor-widget-container\">\n\t\t\t<h2 class=\"elementor-heading-title elementor-size-default\">Casa rural Orqu\u00eddia<\/h2>\t\t<\/div>\n\t\t\t\t<\/div>\n\t\t\t\t<div class=\"elementor-element elementor-element-7fab7b5 elementor-widget elementor-widget-heading\" data-id=\"7fab7b5\" data-element_type=\"widget\" data-widget_type=\"heading.default\">\n\t\t\t\t<div class=\"elementor-widget-container\">\n\t\t\t<h2 class=\"elementor-heading-title elementor-size-default\">Harmonia entre la natura i el confort modern<\/h2>\t\t<\/div>\n\t\t\t\t<\/div>\n\t\t\t\t<div class=\"elementor-element elementor-element-beeee7b elementor-widget__width-initial elementor-widget elementor-widget-text-editor\" data-id=\"beeee7b\" data-element_type=\"widget\" data-widget_type=\"text-editor.default\">\n\t\t\t\t<div class=\"elementor-widget-container\">\n\t\t\t\t\t\t\t<p><span style=\"font-weight: 400;\">Descobreix la casa rural Orchid\u00e9e, completament renovada el 2022, que combina espai i modernitat per a unes vacances perfectes.<br \/>\nAquesta casa rural ofereix tres habitacions confortables i una cuina oberta totalment equipada, ideal per preparar deliciosos \u00e0pats per compartir.<br \/>\nLa terrassa de la casa rural Orchid\u00e9e us ofereix una vista impressionant del poble d&#8217;Oms i del majestu\u00f3s mont Canig\u00f3, que us permetr\u00e0 assaborir la bellesa natural de la regi\u00f3.<br \/>\nAmb comoditats modernes com aire condicionat reversible, TV per sat\u00e8l\u00b7lit i Wi-Fi il\u00b7limitat, les teves vacances seran sin\u00f2nim de confort i relaxaci\u00f3.<br \/>\nAquesta casa rural \u00e9s el punt de partida perfecte per explorar Occit\u00e0nia i gaudir de tot el que aquesta regi\u00f3 t\u00e9 per oferir.    <\/span><\/p>\n\t\t\t\t\t\t<\/div>\n\t\t\t\t<\/div>\n\t\t\t\t<div class=\"elementor-element elementor-element-f8a9d9f elementor-align-right elementor-widget elementor-widget-button\" data-id=\"f8a9d9f\" data-element_type=\"widget\" data-widget_type=\"button.default\">\n\t\t\t\t<div class=\"elementor-widget-container\">\n\t\t\t\t\t<div class=\"elementor-button-wrapper\">\n\t\t\t<a class=\"elementor-button elementor-button-link elementor-size-sm\" href=\"https:\/\/maspicagnol.com\/accommodation\/gite-orchidee\/\">\n\t\t\t\t\t\t<span class=\"elementor-button-content-wrapper\">\n\t\t\t\t\t\t\t\t\t<span class=\"elementor-button-text\">Apr\u00e8n m\u00e9s<\/span>\n\t\t\t\t\t<\/span>\n\t\t\t\t\t<\/a>\n\t\t<\/div>\n\t\t\t\t<\/div>\n\t\t\t\t<\/div>\n\t\t\t\t<\/div>\n\t\t<div class=\"elementor-element elementor-element-2af84ad e-flex e-con-boxed e-con e-child\" data-id=\"2af84ad\" data-element_type=\"container\" data-settings=\"{&quot;background_background&quot;:&quot;slideshow&quot;,&quot;background_slideshow_gallery&quot;:[{&quot;id&quot;:46999,&quot;url&quot;:&quot;https:\\\/\\\/maspicagnol.com\\\/wp-content\\\/uploads\\\/2024\\\/07\\\/salon-2-orchidee.jpg&quot;}],&quot;background_slideshow_loop&quot;:&quot;yes&quot;,&quot;background_slideshow_slide_duration&quot;:5000,&quot;background_slideshow_slide_transition&quot;:&quot;fade&quot;,&quot;background_slideshow_transition_duration&quot;:500}\">\n\t\t\t\t\t<div class=\"e-con-inner\">\n\t\t\t\t\t<\/div>\n\t\t\t\t<\/div>\n\t\t\t\t<\/div>\n\t\t\t\t<\/div>\n\t\t","protected":false},"excerpt":{"rendered":"<p>Cases rurals 6 persones a Mas Picagnol, espai i confort a Occit\u00e0nia \u00c0mplies cases rurals per a les teves vacances en fam\u00edlia o amb amics Les nostres cases rurals per a 6 persones estan dissenyades per oferir un espai gener\u00f3s i totes les comoditats modernes, ideals per a vacances en fam\u00edlia o amb amics. Amb [&hellip;]<\/p>\n","protected":false},"author":2,"featured_media":47043,"parent":0,"menu_order":0,"comment_status":"closed","ping_status":"closed","template":"","meta":{"om_disable_all_campaigns":false,"_monsterinsights_skip_tracking":false,"_monsterinsights_sitenote_active":false,"_monsterinsights_sitenote_note":"","_monsterinsights_sitenote_category":0,"_uf_show_specific_survey":0,"_uf_disable_surveys":false,"footnotes":""},"folder":[117],"class_list":["post-107689","page","type-page","status-publish","has-post-thumbnail","hentry"],"aioseo_notices":[],"_links":{"self":[{"href":"https:\/\/maspicagnol.com\/ca\/wp-json\/wp\/v2\/pages\/107689","targetHints":{"allow":["GET"]}}],"collection":[{"href":"https:\/\/maspicagnol.com\/ca\/wp-json\/wp\/v2\/pages"}],"about":[{"href":"https:\/\/maspicagnol.com\/ca\/wp-json\/wp\/v2\/types\/page"}],"author":[{"embeddable":true,"href":"https:\/\/maspicagnol.com\/ca\/wp-json\/wp\/v2\/users\/2"}],"replies":[{"embeddable":true,"href":"https:\/\/maspicagnol.com\/ca\/wp-json\/wp\/v2\/comments?post=107689"}],"version-history":[{"count":3,"href":"https:\/\/maspicagnol.com\/ca\/wp-json\/wp\/v2\/pages\/107689\/revisions"}],"predecessor-version":[{"id":166082,"href":"https:\/\/maspicagnol.com\/ca\/wp-json\/wp\/v2\/pages\/107689\/revisions\/166082"}],"wp:featuredmedia":[{"embeddable":true,"href":"https:\/\/maspicagnol.com\/ca\/wp-json\/wp\/v2\/media\/47043"}],"wp:attachment":[{"href":"https:\/\/maspicagnol.com\/ca\/wp-json\/wp\/v2\/media?parent=107689"}],"wp:term":[{"taxonomy":"folder","embeddable":true,"href":"https:\/\/maspicagnol.com\/ca\/wp-json\/wp\/v2\/folder?post=107689"}],"curies":[{"name":"wp","href":"https:\/\/api.w.org\/{rel}","templated":true}]}}