{"id":107680,"date":"2024-09-11T12:35:55","date_gmt":"2024-09-11T11:35:55","guid":{"rendered":"https:\/\/maspicagnol.com\/cases-rurals-4-persones-2024\/"},"modified":"2024-10-14T09:58:38","modified_gmt":"2024-10-14T09:58:38","slug":"cases-rurals-4-persones-2024","status":"publish","type":"page","link":"https:\/\/maspicagnol.com\/ca\/cases-rurals-4-persones-2024\/","title":{"rendered":"Cases rurals 4 persones 2024"},"content":{"rendered":"\t\t<div data-elementor-type=\"wp-post\" data-elementor-id=\"107680\" class=\"elementor elementor-107680 elementor-87997\" data-elementor-post-type=\"page\">\n\t\t\t\t<div class=\"elementor-element elementor-element-83b599c e-flex e-con-boxed e-con e-parent\" data-id=\"83b599c\" data-element_type=\"container\">\n\t\t\t\t\t<div class=\"e-con-inner\">\n\t\t\t\t<div class=\"elementor-element elementor-element-8489e3d elementor-widget elementor-widget-heading\" data-id=\"8489e3d\" data-element_type=\"widget\" data-widget_type=\"heading.default\">\n\t\t\t\t<div class=\"elementor-widget-container\">\n\t\t\t<h1 class=\"elementor-heading-title elementor-size-default\">Casa rural 4 persones a Mas Picagnol - El teu rec\u00e9s de pau a Occit\u00e0nia<\/h1>\t\t<\/div>\n\t\t\t\t<\/div>\n\t\t\t\t<div class=\"elementor-element elementor-element-70a7ba9 elementor-widget elementor-widget-heading\" data-id=\"70a7ba9\" data-element_type=\"widget\" data-widget_type=\"heading.default\">\n\t\t\t\t<div class=\"elementor-widget-container\">\n\t\t\t<h2 class=\"elementor-heading-title elementor-size-default\">Allotjament amb encant per a les teves estades en fam\u00edlia o amb amics<\/h2>\t\t<\/div>\n\t\t\t\t<\/div>\n\t\t\t\t<div class=\"elementor-element elementor-element-ebce187 elementor-widget elementor-widget-text-editor\" data-id=\"ebce187\" data-element_type=\"widget\" data-widget_type=\"text-editor.default\">\n\t\t\t\t<div class=\"elementor-widget-container\">\n\t\t\t\t\t\t\t<p><span style=\"font-weight: 400;\">A Mas Picagnol oferim quatre cases rurals dissenyades per allotjar fins a 4 persones, perfectes per a vacances en fam\u00edlia o amb amics.<br \/>\nSituades en un entorn natural excepcional, les nostres cases rurals ofereixen una combinaci\u00f3 \u00fanica de confort modern i encant aut\u00e8ntic.<br \/>\nCada casa est\u00e0 acuradament organitzada per oferir total privacitat, alhora que permet gaudir d&#8217;una vista espectacular dels paisatges dels Pirineus Orientals.  <\/span><\/p>\n\t\t\t\t\t\t<\/div>\n\t\t\t\t<\/div>\n\t\t\t\t<div class=\"elementor-element elementor-element-bbf1f67 elementor-widget elementor-widget-heading\" data-id=\"bbf1f67\" data-element_type=\"widget\" data-widget_type=\"heading.default\">\n\t\t\t\t<div class=\"elementor-widget-container\">\n\t\t\t<h2 class=\"elementor-heading-title elementor-size-default\">Comoditat i privacitat a les nostres cases rurals per a 4 persones<\/h2>\t\t<\/div>\n\t\t\t\t<\/div>\n\t\t\t\t<div class=\"elementor-element elementor-element-fb2cc7a elementor-widget elementor-widget-text-editor\" data-id=\"fb2cc7a\" data-element_type=\"widget\" data-widget_type=\"text-editor.default\">\n\t\t\t\t<div class=\"elementor-widget-container\">\n\t\t\t\t\t\t\t<p><span style=\"font-weight: 400;\">Cada casa rural disposa de dos dormitoris confortables, una cuina totalment equipada i una c\u00e0lida sala d&#8217;estar, ideal per a moments de relax a l&#8217;interior.<br \/>\nCada unitat tamb\u00e9 disposa d&#8217;una terrassa privada, perfecta per sopar a l&#8217;aire lliure, relaxar-se al sol o admirar les vistes panor\u00e0miques del poble d&#8217;Oms i la natura que l&#8217;envolta.  Tamb\u00e9 disposareu d&#8217;un bany amb dutxa i lavabo independent.  <\/span><\/p>\n\t\t\t\t\t\t<\/div>\n\t\t\t\t<\/div>\n\t\t\t\t\t<\/div>\n\t\t\t\t<\/div>\n\t\t<div class=\"elementor-element elementor-element-b5a30cf e-con-full e-flex e-con e-parent\" data-id=\"b5a30cf\" data-element_type=\"container\">\n\t\t<div class=\"elementor-element elementor-element-784a2eb e-con-full e-flex e-con e-child\" data-id=\"784a2eb\" data-element_type=\"container\" data-settings=\"{&quot;background_background&quot;:&quot;slideshow&quot;,&quot;background_slideshow_gallery&quot;:[{&quot;id&quot;:47168,&quot;url&quot;:&quot;https:\\\/\\\/maspicagnol.com\\\/wp-content\\\/uploads\\\/2024\\\/07\\\/salon-olivier.jpg&quot;}],&quot;background_slideshow_loop&quot;:&quot;yes&quot;,&quot;background_slideshow_slide_duration&quot;:5000,&quot;background_slideshow_slide_transition&quot;:&quot;fade&quot;,&quot;background_slideshow_transition_duration&quot;:500}\">\n\t\t\t\t<\/div>\n\t\t<div class=\"elementor-element elementor-element-6a45a84 e-con-full e-flex e-con e-child\" data-id=\"6a45a84\" data-element_type=\"container\">\n\t\t\t\t<div class=\"elementor-element elementor-element-de0fc8d elementor-widget elementor-widget-heading\" data-id=\"de0fc8d\" data-element_type=\"widget\" data-widget_type=\"heading.default\">\n\t\t\t\t<div class=\"elementor-widget-container\">\n\t\t\t<h2 class=\"elementor-heading-title elementor-size-default\">Casa rural Olivier<\/h2>\t\t<\/div>\n\t\t\t\t<\/div>\n\t\t\t\t<div class=\"elementor-element elementor-element-d7c9aec elementor-widget__width-initial elementor-widget elementor-widget-text-editor\" data-id=\"d7c9aec\" data-element_type=\"widget\" data-widget_type=\"text-editor.default\">\n\t\t\t\t<div class=\"elementor-widget-container\">\n\t\t\t\t\t\t\t<p><span style=\"font-weight: 400;\">La casa rural Olivier us d\u00f3na la benvinguda a una escapada pintoresca que combina tradici\u00f3 i modernitat.<br \/>\nGaudeix d&#8217;una vista panor\u00e0mica excepcional, d&#8217;un ambient c\u00e0lid i d&#8217;un equipament confortable que fan d&#8217;aquesta casa rural un lloc ideal per a un interludi encantat, tant si vens en parella, en fam\u00edlia o amb amics. <\/span><\/p>\n\t\t\t\t\t\t<\/div>\n\t\t\t\t<\/div>\n\t\t\t\t<div class=\"elementor-element elementor-element-a978b94 elementor-widget elementor-widget-button\" data-id=\"a978b94\" data-element_type=\"widget\" data-widget_type=\"button.default\">\n\t\t\t\t<div class=\"elementor-widget-container\">\n\t\t\t\t\t<div class=\"elementor-button-wrapper\">\n\t\t\t<a class=\"elementor-button elementor-button-link elementor-size-sm\" href=\"https:\/\/maspicagnol.com\/accommodation\/gite-olivier\/\">\n\t\t\t\t\t\t<span class=\"elementor-button-content-wrapper\">\n\t\t\t\t\t\t\t\t\t<span class=\"elementor-button-text\">Apr\u00e8n m\u00e9s<\/span>\n\t\t\t\t\t<\/span>\n\t\t\t\t\t<\/a>\n\t\t<\/div>\n\t\t\t\t<\/div>\n\t\t\t\t<\/div>\n\t\t\t\t<\/div>\n\t\t\t\t<\/div>\n\t\t<div class=\"elementor-element elementor-element-c976290 e-con-full e-flex e-con e-parent\" data-id=\"c976290\" data-element_type=\"container\">\n\t\t<div class=\"elementor-element elementor-element-a69a557 e-con-full e-flex e-con e-child\" data-id=\"a69a557\" data-element_type=\"container\">\n\t\t\t\t<div class=\"elementor-element elementor-element-7092383 elementor-widget elementor-widget-heading\" data-id=\"7092383\" data-element_type=\"widget\" data-widget_type=\"heading.default\">\n\t\t\t\t<div class=\"elementor-widget-container\">\n\t\t\t<h2 class=\"elementor-heading-title elementor-size-default\">Casa rural Campsis<\/h2>\t\t<\/div>\n\t\t\t\t<\/div>\n\t\t\t\t<div class=\"elementor-element elementor-element-77ba794 elementor-widget__width-initial elementor-widget elementor-widget-text-editor\" data-id=\"77ba794\" data-element_type=\"widget\" data-widget_type=\"text-editor.default\">\n\t\t\t\t<div class=\"elementor-widget-container\">\n\t\t\t\t\t\t\t<p><span style=\"font-weight: 400;\">Explora el G\u00eete Campsis, un aut\u00e8ntic rec\u00e9s de pau dissenyat per allotjar 4 persones.<br \/>\nAmb la seva acollidora sala d&#8217;estar, la terrassa a l&#8217;ombra amb vistes a la piscina i les comoditats modernes, G\u00eete Campsis ofereix l&#8217;equilibri perfecte entre confort i encant natural.<br \/>\n\u00c9s un punt de partida ideal per descobrir les nombroses activitats i aventures locals.  <\/span><\/p>\n\t\t\t\t\t\t<\/div>\n\t\t\t\t<\/div>\n\t\t\t\t<div class=\"elementor-element elementor-element-23e57c4 elementor-align-right elementor-widget elementor-widget-button\" data-id=\"23e57c4\" data-element_type=\"widget\" data-widget_type=\"button.default\">\n\t\t\t\t<div class=\"elementor-widget-container\">\n\t\t\t\t\t<div class=\"elementor-button-wrapper\">\n\t\t\t<a class=\"elementor-button elementor-button-link elementor-size-sm\" href=\"https:\/\/maspicagnol.com\/accommodation\/gite-campsis\/\">\n\t\t\t\t\t\t<span class=\"elementor-button-content-wrapper\">\n\t\t\t\t\t\t\t\t\t<span class=\"elementor-button-text\">Apr\u00e8n m\u00e9s<\/span>\n\t\t\t\t\t<\/span>\n\t\t\t\t\t<\/a>\n\t\t<\/div>\n\t\t\t\t<\/div>\n\t\t\t\t<\/div>\n\t\t\t\t<\/div>\n\t\t<div class=\"elementor-element elementor-element-60990a6 e-flex e-con-boxed e-con e-child\" data-id=\"60990a6\" data-element_type=\"container\" data-settings=\"{&quot;background_background&quot;:&quot;slideshow&quot;,&quot;background_slideshow_gallery&quot;:[{&quot;id&quot;:47720,&quot;url&quot;:&quot;https:\\\/\\\/maspicagnol.com\\\/wp-content\\\/uploads\\\/2024\\\/07\\\/salon-Campsis-1.jpg&quot;}],&quot;background_slideshow_loop&quot;:&quot;yes&quot;,&quot;background_slideshow_slide_duration&quot;:5000,&quot;background_slideshow_slide_transition&quot;:&quot;fade&quot;,&quot;background_slideshow_transition_duration&quot;:500}\">\n\t\t\t\t\t<div class=\"e-con-inner\">\n\t\t\t\t\t<\/div>\n\t\t\t\t<\/div>\n\t\t\t\t<\/div>\n\t\t<div class=\"elementor-element elementor-element-1d9d020 e-con-full e-flex e-con e-parent\" data-id=\"1d9d020\" data-element_type=\"container\">\n\t\t<div class=\"elementor-element elementor-element-234ea50 e-con-full e-flex e-con e-child\" data-id=\"234ea50\" data-element_type=\"container\" data-settings=\"{&quot;background_background&quot;:&quot;slideshow&quot;,&quot;background_slideshow_gallery&quot;:[{&quot;id&quot;:25884,&quot;url&quot;:&quot;https:\\\/\\\/maspicagnol.com\\\/wp-content\\\/uploads\\\/2024\\\/07\\\/salon-accroche-neria-1.jpg&quot;}],&quot;background_slideshow_loop&quot;:&quot;yes&quot;,&quot;background_slideshow_slide_duration&quot;:5000,&quot;background_slideshow_slide_transition&quot;:&quot;fade&quot;,&quot;background_slideshow_transition_duration&quot;:500}\">\n\t\t\t\t<\/div>\n\t\t<div class=\"elementor-element elementor-element-7707229 e-con-full e-flex e-con e-child\" data-id=\"7707229\" data-element_type=\"container\">\n\t\t\t\t<div class=\"elementor-element elementor-element-028edea elementor-widget elementor-widget-heading\" data-id=\"028edea\" data-element_type=\"widget\" data-widget_type=\"heading.default\">\n\t\t\t\t<div class=\"elementor-widget-container\">\n\t\t\t<h2 class=\"elementor-heading-title elementor-size-default\">Casa rural Neria<\/h2>\t\t<\/div>\n\t\t\t\t<\/div>\n\t\t\t\t<div class=\"elementor-element elementor-element-5564ca4 elementor-widget__width-initial elementor-widget elementor-widget-text-editor\" data-id=\"5564ca4\" data-element_type=\"widget\" data-widget_type=\"text-editor.default\">\n\t\t\t\t<div class=\"elementor-widget-container\">\n\t\t\t\t\t\t\t<p><span style=\"font-weight: 400;\">Benvinguts a G\u00eete Neria, el vostre refugi \u00edntim al cor de la natura.<br \/>\nAquesta casa rural ofereix una escapada confortable per a 4 persones i disposa d&#8217;una \u00e0mplia sala d&#8217;estar, una terrassa panor\u00e0mica i comoditats modernes, tot en un ambient c\u00e0lid.<br \/>\nEl G\u00eete Neria t\u00e9 una ubicaci\u00f3 ideal per gaudir de l&#8217;entorn pintoresc del poble d&#8217;Oms i els seus voltants.  <\/span><\/p>\n\t\t\t\t\t\t<\/div>\n\t\t\t\t<\/div>\n\t\t\t\t<div class=\"elementor-element elementor-element-2fcfdaf elementor-widget elementor-widget-button\" data-id=\"2fcfdaf\" data-element_type=\"widget\" data-widget_type=\"button.default\">\n\t\t\t\t<div class=\"elementor-widget-container\">\n\t\t\t\t\t<div class=\"elementor-button-wrapper\">\n\t\t\t<a class=\"elementor-button elementor-button-link elementor-size-sm\" href=\"https:\/\/maspicagnol.com\/accommodation\/gite-neria\/\">\n\t\t\t\t\t\t<span class=\"elementor-button-content-wrapper\">\n\t\t\t\t\t\t\t\t\t<span class=\"elementor-button-text\">Apr\u00e8n m\u00e9s<\/span>\n\t\t\t\t\t<\/span>\n\t\t\t\t\t<\/a>\n\t\t<\/div>\n\t\t\t\t<\/div>\n\t\t\t\t<\/div>\n\t\t\t\t<\/div>\n\t\t\t\t<\/div>\n\t\t<div class=\"elementor-element elementor-element-0b60c19 e-con-full e-flex e-con e-parent\" data-id=\"0b60c19\" data-element_type=\"container\">\n\t\t<div class=\"elementor-element elementor-element-6c540d2 e-con-full e-flex e-con e-child\" data-id=\"6c540d2\" data-element_type=\"container\">\n\t\t\t\t<div class=\"elementor-element elementor-element-10d7cce elementor-widget elementor-widget-heading\" data-id=\"10d7cce\" data-element_type=\"widget\" data-widget_type=\"heading.default\">\n\t\t\t\t<div class=\"elementor-widget-container\">\n\t\t\t<h2 class=\"elementor-heading-title elementor-size-default\">Casa Rural Jasmin<\/h2>\t\t<\/div>\n\t\t\t\t<\/div>\n\t\t\t\t<div class=\"elementor-element elementor-element-8850d5e elementor-widget__width-initial elementor-widget elementor-widget-text-editor\" data-id=\"8850d5e\" data-element_type=\"widget\" data-widget_type=\"text-editor.default\">\n\t\t\t\t<div class=\"elementor-widget-container\">\n\t\t\t\t\t\t\t<p><span style=\"font-weight: 400;\">El G\u00eete Jasmin us convida a viure unes vacances inoblidables.<br \/>\nSota un gran roure, en un ambient r\u00fastic, aquest d\u00faplex combina una decoraci\u00f3 refinada i un equipament modern per crear un aut\u00e8ntic rec\u00e9s de pau.<br \/>\nIdeal per a un m\u00e0xim de 4 persones, el G\u00eete Jasmin \u00e9s un lloc \u00fanic per allotjar-se per recarregar les piles en plena natura.  <\/span><\/p>\n\t\t\t\t\t\t<\/div>\n\t\t\t\t<\/div>\n\t\t\t\t<div class=\"elementor-element elementor-element-54e18f9 elementor-align-right elementor-widget elementor-widget-button\" data-id=\"54e18f9\" data-element_type=\"widget\" data-widget_type=\"button.default\">\n\t\t\t\t<div class=\"elementor-widget-container\">\n\t\t\t\t\t<div class=\"elementor-button-wrapper\">\n\t\t\t<a class=\"elementor-button elementor-button-link elementor-size-sm\" href=\"https:\/\/maspicagnol.com\/accommodation\/gite-jasmin\/\">\n\t\t\t\t\t\t<span class=\"elementor-button-content-wrapper\">\n\t\t\t\t\t\t\t\t\t<span class=\"elementor-button-text\">Apr\u00e8n m\u00e9s<\/span>\n\t\t\t\t\t<\/span>\n\t\t\t\t\t<\/a>\n\t\t<\/div>\n\t\t\t\t<\/div>\n\t\t\t\t<\/div>\n\t\t\t\t<\/div>\n\t\t<div class=\"elementor-element elementor-element-e8637a6 e-flex e-con-boxed e-con e-child\" data-id=\"e8637a6\" data-element_type=\"container\" data-settings=\"{&quot;background_background&quot;:&quot;slideshow&quot;,&quot;background_slideshow_gallery&quot;:[{&quot;id&quot;:23636,&quot;url&quot;:&quot;https:\\\/\\\/maspicagnol.com\\\/wp-content\\\/uploads\\\/2024\\\/07\\\/photo-accroche-jasmin.jpg&quot;}],&quot;background_slideshow_loop&quot;:&quot;yes&quot;,&quot;background_slideshow_slide_duration&quot;:5000,&quot;background_slideshow_slide_transition&quot;:&quot;fade&quot;,&quot;background_slideshow_transition_duration&quot;:500}\">\n\t\t\t\t\t<div class=\"e-con-inner\">\n\t\t\t\t\t<\/div>\n\t\t\t\t<\/div>\n\t\t\t\t<\/div>\n\t\t\t\t<\/div>\n\t\t","protected":false},"excerpt":{"rendered":"<p>Casa rural 4 persones a Mas Picagnol &#8211; El teu rec\u00e9s de pau a Occit\u00e0nia Allotjament amb encant per a les teves estades en fam\u00edlia o amb amics A Mas Picagnol oferim quatre cases rurals dissenyades per allotjar fins a 4 persones, perfectes per a vacances en fam\u00edlia o amb amics. Situades en un entorn [&hellip;]<\/p>\n","protected":false},"author":2,"featured_media":0,"parent":0,"menu_order":0,"comment_status":"closed","ping_status":"closed","template":"elementor_header_footer","meta":{"om_disable_all_campaigns":false,"_monsterinsights_skip_tracking":false,"_monsterinsights_sitenote_active":false,"_monsterinsights_sitenote_note":"","_monsterinsights_sitenote_category":0,"_uf_show_specific_survey":0,"_uf_disable_surveys":false,"footnotes":""},"folder":[117],"class_list":["post-107680","page","type-page","status-publish","hentry"],"aioseo_notices":[],"_links":{"self":[{"href":"https:\/\/maspicagnol.com\/ca\/wp-json\/wp\/v2\/pages\/107680","targetHints":{"allow":["GET"]}}],"collection":[{"href":"https:\/\/maspicagnol.com\/ca\/wp-json\/wp\/v2\/pages"}],"about":[{"href":"https:\/\/maspicagnol.com\/ca\/wp-json\/wp\/v2\/types\/page"}],"author":[{"embeddable":true,"href":"https:\/\/maspicagnol.com\/ca\/wp-json\/wp\/v2\/users\/2"}],"replies":[{"embeddable":true,"href":"https:\/\/maspicagnol.com\/ca\/wp-json\/wp\/v2\/comments?post=107680"}],"version-history":[{"count":5,"href":"https:\/\/maspicagnol.com\/ca\/wp-json\/wp\/v2\/pages\/107680\/revisions"}],"predecessor-version":[{"id":167553,"href":"https:\/\/maspicagnol.com\/ca\/wp-json\/wp\/v2\/pages\/107680\/revisions\/167553"}],"wp:attachment":[{"href":"https:\/\/maspicagnol.com\/ca\/wp-json\/wp\/v2\/media?parent=107680"}],"wp:term":[{"taxonomy":"folder","embeddable":true,"href":"https:\/\/maspicagnol.com\/ca\/wp-json\/wp\/v2\/folder?post=107680"}],"curies":[{"name":"wp","href":"https:\/\/api.w.org\/{rel}","templated":true}]}}