{"id":107652,"date":"2024-08-16T09:33:38","date_gmt":"2024-08-16T09:33:38","guid":{"rendered":"https:\/\/maspicagnol.com\/noticia\/un-casament-de-conte-a-ceret\/"},"modified":"2024-10-13T20:39:49","modified_gmt":"2024-10-13T20:39:49","slug":"un-casament-de-conte-a-ceret","status":"publish","type":"page","link":"https:\/\/maspicagnol.com\/ca\/noticia\/un-casament-de-conte-a-ceret\/","title":{"rendered":"Un casament de conte a Ceret"},"content":{"rendered":"\t\t<div data-elementor-type=\"wp-page\" data-elementor-id=\"107652\" class=\"elementor elementor-107652 elementor-67130\" data-elementor-post-type=\"page\">\n\t\t\t\t<div class=\"elementor-element elementor-element-6410d75 e-flex e-con-boxed e-con e-parent\" data-id=\"6410d75\" data-element_type=\"container\" data-e-type=\"container\">\n\t\t\t\t\t<div class=\"e-con-inner\">\n\t\t\t\t<div class=\"elementor-element elementor-element-877d61f elementor-widget elementor-widget-heading\" data-id=\"877d61f\" data-element_type=\"widget\" data-e-type=\"widget\" data-widget_type=\"heading.default\">\n\t\t\t\t<div class=\"elementor-widget-container\">\n\t\t\t\t\t<h1 class=\"elementor-heading-title elementor-size-default\">Un casament de conte de fades al Mas Picagnol de Ceret  <\/h1>\t\t\t\t<\/div>\n\t\t\t\t<\/div>\n\t\t\t\t\t<\/div>\n\t\t\t\t<\/div>\n\t\t<div class=\"elementor-element elementor-element-d1a385d e-flex e-con-boxed e-con e-parent\" data-id=\"d1a385d\" data-element_type=\"container\" data-e-type=\"container\">\n\t\t\t\t\t<div class=\"e-con-inner\">\n\t\t\t\t<div class=\"elementor-element elementor-element-4559a8b elementor-widget elementor-widget-text-editor\" data-id=\"4559a8b\" data-element_type=\"widget\" data-e-type=\"widget\" data-widget_type=\"text-editor.default\">\n\t\t\t\t<div class=\"elementor-widget-container\">\n\t\t\t\t\t\t\t\t\t<p><span style=\"font-weight: 400;\">Si somies amb un casament inoblidable en un entorn encantador, Mas Picagnol a Ceret \u00e9s el lloc ideal per fer realitat aquest somni. Situat al cor dels Pirineus Orientals, aquest lloc excepcional ofereix un entorn id\u00edl\u00b7lic per celebrar la uni\u00f3 de dues \u00e0nimes, envoltat de la bellesa natural i l&#8217;encant atemporal de la regi\u00f3. Descobreix per qu\u00e8 Mas Picagnol \u00e9s l&#8217;elecci\u00f3 perfecta per a un casament de conte de fades.<\/span><\/p>\n\t\t\t\t\t\t\t\t<\/div>\n\t\t\t\t<\/div>\n\t\t\t\t<div class=\"elementor-element elementor-element-10df084 elementor-widget elementor-widget-heading\" data-id=\"10df084\" data-element_type=\"widget\" data-e-type=\"widget\" data-widget_type=\"heading.default\">\n\t\t\t\t<div class=\"elementor-widget-container\">\n\t\t\t\t\t<h2 class=\"elementor-heading-title elementor-size-default\">Un escenari encantador per a un casament inoblidable<\/h2>\t\t\t\t<\/div>\n\t\t\t\t<\/div>\n\t\t\t\t<div class=\"elementor-element elementor-element-abb144b elementor-widget elementor-widget-text-editor\" data-id=\"abb144b\" data-element_type=\"widget\" data-e-type=\"widget\" data-widget_type=\"text-editor.default\">\n\t\t\t\t<div class=\"elementor-widget-container\">\n\t\t\t\t\t\t\t\t\t<p><span style=\"font-weight: 400;\">El <\/span><b>Mas Picagnol<\/b><span style=\"font-weight: 400;\">  destaca pel seu entorn \u00fanic, que combina autenticitat i eleg\u00e0ncia. Situada a prop de Ceret, aquesta finca ofereix unes vistes impressionants dels paisatges muntanyosos d&#8217;Occit\u00e0nia, creant un ambient rom\u00e0ntic i ser\u00e8, ideal per a un  <\/span><b>Un casament <\/b><span style=\"font-weight: 400;\">digne dels contes de fades m\u00e9s bonics.<\/span><\/p>\n\t\t\t\t\t\t\t\t<\/div>\n\t\t\t\t<\/div>\n\t\t\t\t<div class=\"elementor-element elementor-element-644d928 elementor-widget elementor-widget-image\" data-id=\"644d928\" data-element_type=\"widget\" data-e-type=\"widget\" data-widget_type=\"image.default\">\n\t\t\t\t<div class=\"elementor-widget-container\">\n\t\t\t\t\t\t\t\t\t\t\t\t\t\t\t<img fetchpriority=\"high\" decoding=\"async\" width=\"800\" height=\"1145\" src=\"https:\/\/maspicagnol.com\/wp-content\/uploads\/2024\/05\/avant-ceremonie-24-2684x3840.jpg\" class=\"attachment-large size-large wp-image-7790\" alt=\"\" srcset=\"https:\/\/maspicagnol.com\/wp-content\/uploads\/2024\/05\/avant-ceremonie-24-2684x3840.jpg 2684w, https:\/\/maspicagnol.com\/wp-content\/uploads\/2024\/05\/avant-ceremonie-24-210x300.jpg 210w, https:\/\/maspicagnol.com\/wp-content\/uploads\/2024\/05\/avant-ceremonie-24-768x1099.jpg 768w, https:\/\/maspicagnol.com\/wp-content\/uploads\/2024\/05\/avant-ceremonie-24-1074x1536.jpg 1074w, https:\/\/maspicagnol.com\/wp-content\/uploads\/2024\/05\/avant-ceremonie-24-1432x2048.jpg 1432w, https:\/\/maspicagnol.com\/wp-content\/uploads\/2024\/05\/avant-ceremonie-24-600x858.jpg 600w\" sizes=\"(max-width: 800px) 100vw, 800px\" \/>\t\t\t\t\t\t\t\t\t\t\t\t\t\t\t<\/div>\n\t\t\t\t<\/div>\n\t\t\t\t<div class=\"elementor-element elementor-element-02970ce elementor-widget elementor-widget-heading\" data-id=\"02970ce\" data-element_type=\"widget\" data-e-type=\"widget\" data-widget_type=\"heading.default\">\n\t\t\t\t<div class=\"elementor-widget-container\">\n\t\t\t\t\t<h2 class=\"elementor-heading-title elementor-size-default\">Una cerim\u00f2nia en plena natura<\/h2>\t\t\t\t<\/div>\n\t\t\t\t<\/div>\n\t\t\t\t<div class=\"elementor-element elementor-element-a35fcea elementor-widget elementor-widget-text-editor\" data-id=\"a35fcea\" data-element_type=\"widget\" data-e-type=\"widget\" data-widget_type=\"text-editor.default\">\n\t\t\t\t<div class=\"elementor-widget-container\">\n\t\t\t\t\t\t\t\t\t<p><span style=\"font-weight: 400;\">Imagina la teva cerim\u00f2nia de casament sota un cel blau cel, envoltat de la frondosa vegetaci\u00f3 dels Pirineus Orientals. Mas Picagnol ofereix espais exteriors bellament enjardinats, perfectes per intercanviar els teus vots a l&#8217;aire lliure, en un entorn natural i refinat. L&#8217;encant r\u00fastic de la masia es combina meravellosament amb la natura que l&#8217;envolta, creant un ambient \u00edntim i grandi\u00f3s.<\/span><\/p>\n\t\t\t\t\t\t\t\t<\/div>\n\t\t\t\t<\/div>\n\t\t\t\t<div class=\"elementor-element elementor-element-8de8af1 elementor-widget elementor-widget-heading\" data-id=\"8de8af1\" data-element_type=\"widget\" data-e-type=\"widget\" data-widget_type=\"heading.default\">\n\t\t\t\t<div class=\"elementor-widget-container\">\n\t\t\t\t\t<h2 class=\"elementor-heading-title elementor-size-default\">El Mas Picagnol, un lloc de recepci\u00f3 \u00fanic a prop de Ceret<\/h2>\t\t\t\t<\/div>\n\t\t\t\t<\/div>\n\t\t\t\t<div class=\"elementor-element elementor-element-c7c5e07 elementor-widget elementor-widget-text-editor\" data-id=\"c7c5e07\" data-element_type=\"widget\" data-e-type=\"widget\" data-widget_type=\"text-editor.default\">\n\t\t\t\t<div class=\"elementor-widget-container\">\n\t\t\t\t\t\t\t\t\t<p><span style=\"font-weight: 400;\">Despr\u00e9s de la cerim\u00f2nia, els vostres convidats podran gaudir d&#8217;una recepci\u00f3 excepcional a les \u00e0mplies i elegants sales de recepci\u00f3 de Mas Picagnol. Cada detall ha estat pensat per proporcionar un entorn sumptu\u00f3s per al vostre casament. Tant si opteu per un banquet a l&#8217;aire lliure sota les estrelles com per una recepci\u00f3 m\u00e9s tradicional a l&#8217;interior, Mas Picagnol complir\u00e0 totes les vostres expectatives.<\/span><\/p>\n\t\t\t\t\t\t\t\t<\/div>\n\t\t\t\t<\/div>\n\t\t\t\t<div class=\"elementor-element elementor-element-ab49107 elementor-widget elementor-widget-heading\" data-id=\"ab49107\" data-element_type=\"widget\" data-e-type=\"widget\" data-widget_type=\"heading.default\">\n\t\t\t\t<div class=\"elementor-widget-container\">\n\t\t\t\t\t<h2 class=\"elementor-heading-title elementor-size-default\">Reserva el teu casament a Mas Picagnol<\/h2>\t\t\t\t<\/div>\n\t\t\t\t<\/div>\n\t\t\t\t<div class=\"elementor-element elementor-element-1831ef4 elementor-widget elementor-widget-text-editor\" data-id=\"1831ef4\" data-element_type=\"widget\" data-e-type=\"widget\" data-widget_type=\"text-editor.default\">\n\t\t\t\t<div class=\"elementor-widget-container\">\n\t\t\t\t\t\t\t\t\t<p><span style=\"font-weight: 400;\">Amb un entorn excepcional i serveis d&#8217;alta gamma, el Mas Picagnol de Ceret \u00e9s el lloc perfecte per celebrar un casament memorable. Tant si est\u00e0s planejant una cerim\u00f2nia \u00edntima com una gran festa, aquest lloc segur que convertir\u00e0 el teu dia en un conte de fades.  <\/span><\/p>\n<p><span style=\"font-weight: 400;\">No esperis m\u00e9s per reservar i fer del teu casament un esdeveniment \u00fanic<\/span><\/p>\n\t\t\t\t\t\t\t\t<\/div>\n\t\t\t\t<\/div>\n\t\t\t\t<div class=\"elementor-element elementor-element-88d25a2 elementor-widget elementor-widget-image\" data-id=\"88d25a2\" data-element_type=\"widget\" data-e-type=\"widget\" data-widget_type=\"image.default\">\n\t\t\t\t<div class=\"elementor-widget-container\">\n\t\t\t\t\t\t\t\t\t\t\t\t\t\t\t<img decoding=\"async\" width=\"599\" height=\"449\" src=\"https:\/\/maspicagnol.com\/wp-content\/uploads\/2024\/05\/6B0F20F8-3B8B-465E-B605-26F0E86D56A6.jpg\" class=\"attachment-large size-large wp-image-7787\" alt=\"\" srcset=\"https:\/\/maspicagnol.com\/wp-content\/uploads\/2024\/05\/6B0F20F8-3B8B-465E-B605-26F0E86D56A6.jpg 599w, https:\/\/maspicagnol.com\/wp-content\/uploads\/2024\/05\/6B0F20F8-3B8B-465E-B605-26F0E86D56A6-300x225.jpg 300w\" sizes=\"(max-width: 599px) 100vw, 599px\" \/>\t\t\t\t\t\t\t\t\t\t\t\t\t\t\t<\/div>\n\t\t\t\t<\/div>\n\t\t\t\t\t<\/div>\n\t\t\t\t<\/div>\n\t\t\t\t<\/div>\n\t\t","protected":false},"excerpt":{"rendered":"<p>Un casament de conte de fades al Mas Picagnol de Ceret Si somies amb un casament inoblidable en un entorn encantador, Mas Picagnol a Ceret \u00e9s el lloc ideal per fer realitat aquest somni. Situat al cor dels Pirineus Orientals, aquest lloc excepcional ofereix un entorn id\u00edl\u00b7lic per celebrar la uni\u00f3 de dues \u00e0nimes, envoltat [&hellip;]<\/p>\n","protected":false},"author":2,"featured_media":0,"parent":67004,"menu_order":0,"comment_status":"closed","ping_status":"closed","template":"","meta":{"om_disable_all_campaigns":false,"_monsterinsights_skip_tracking":false,"_monsterinsights_sitenote_active":false,"_monsterinsights_sitenote_note":"","_monsterinsights_sitenote_category":0,"_uf_show_specific_survey":0,"_uf_disable_surveys":false,"footnotes":""},"folder":[],"class_list":["post-107652","page","type-page","status-publish","hentry"],"aioseo_notices":[],"_links":{"self":[{"href":"https:\/\/maspicagnol.com\/ca\/wp-json\/wp\/v2\/pages\/107652","targetHints":{"allow":["GET"]}}],"collection":[{"href":"https:\/\/maspicagnol.com\/ca\/wp-json\/wp\/v2\/pages"}],"about":[{"href":"https:\/\/maspicagnol.com\/ca\/wp-json\/wp\/v2\/types\/page"}],"author":[{"embeddable":true,"href":"https:\/\/maspicagnol.com\/ca\/wp-json\/wp\/v2\/users\/2"}],"replies":[{"embeddable":true,"href":"https:\/\/maspicagnol.com\/ca\/wp-json\/wp\/v2\/comments?post=107652"}],"version-history":[{"count":2,"href":"https:\/\/maspicagnol.com\/ca\/wp-json\/wp\/v2\/pages\/107652\/revisions"}],"predecessor-version":[{"id":166152,"href":"https:\/\/maspicagnol.com\/ca\/wp-json\/wp\/v2\/pages\/107652\/revisions\/166152"}],"up":[{"embeddable":true,"href":"https:\/\/maspicagnol.com\/ca\/wp-json\/wp\/v2\/pages\/67004"}],"wp:attachment":[{"href":"https:\/\/maspicagnol.com\/ca\/wp-json\/wp\/v2\/media?parent=107652"}],"wp:term":[{"taxonomy":"folder","embeddable":true,"href":"https:\/\/maspicagnol.com\/ca\/wp-json\/wp\/v2\/folder?post=107652"}],"curies":[{"name":"wp","href":"https:\/\/api.w.org\/{rel}","templated":true}]}}