{"id":107644,"date":"2024-08-16T09:27:11","date_gmt":"2024-08-16T09:27:11","guid":{"rendered":"https:\/\/maspicagnol.com\/noticia\/esplendors-de-la-xina-amb-mas-picagnol\/"},"modified":"2024-10-13T20:37:44","modified_gmt":"2024-10-13T20:37:44","slug":"esplendors-de-la-xina-amb-mas-picagnol","status":"publish","type":"page","link":"https:\/\/maspicagnol.com\/ca\/noticia\/esplendors-de-la-xina-amb-mas-picagnol\/","title":{"rendered":"Esplendors de la Xina amb Mas Picagnol"},"content":{"rendered":"\t\t<div data-elementor-type=\"wp-page\" data-elementor-id=\"107644\" class=\"elementor elementor-107644 elementor-67066\" data-elementor-post-type=\"page\">\n\t\t\t\t<div class=\"elementor-element elementor-element-6410d75 e-flex e-con-boxed e-con e-parent\" data-id=\"6410d75\" data-element_type=\"container\">\n\t\t\t\t\t<div class=\"e-con-inner\">\n\t\t\t\t<div class=\"elementor-element elementor-element-877d61f elementor-widget elementor-widget-heading\" data-id=\"877d61f\" data-element_type=\"widget\" data-widget_type=\"heading.default\">\n\t\t\t\t<div class=\"elementor-widget-container\">\n\t\t\t<h1 class=\"elementor-heading-title elementor-size-default\">Descobreix la cultura xinesa amb Mas Picagnol<\/h1>\t\t<\/div>\n\t\t\t\t<\/div>\n\t\t\t\t\t<\/div>\n\t\t\t\t<\/div>\n\t\t<div class=\"elementor-element elementor-element-d1a385d e-flex e-con-boxed e-con e-parent\" data-id=\"d1a385d\" data-element_type=\"container\">\n\t\t\t\t\t<div class=\"e-con-inner\">\n\t\t\t\t<div class=\"elementor-element elementor-element-4559a8b elementor-widget elementor-widget-text-editor\" data-id=\"4559a8b\" data-element_type=\"widget\" data-widget_type=\"text-editor.default\">\n\t\t\t\t<div class=\"elementor-widget-container\">\n\t\t\t\t\t\t\t<p>\n            <span style=\"font-weight: 400;\">Del 15 de novembre de 2024 al 16 de febrer de 2025, submergeix-te en el m\u00f3n m\u00e0gic de les Esplendors de la Xina a C\u00e9ret, un esdeveniment \u00fanic que se celebrar\u00e0 al Parc du Ch\u00e2teau d&#8217;Aubiry. En reservar a Mas Picagnol, beneficia&#8217;t de dues entrades gratu\u00eftes per a aquest esdeveniment excepcional, situat a prop de la nostra casa rural.<\/span>\n          <\/p>\n\t\t\t\t\t\t<\/div>\n\t\t\t\t<\/div>\n\t\t\t\t<div class=\"elementor-element elementor-element-10df084 elementor-widget elementor-widget-heading\" data-id=\"10df084\" data-element_type=\"widget\" data-widget_type=\"heading.default\">\n\t\t\t\t<div class=\"elementor-widget-container\">\n\t\t\t<h2 class=\"elementor-heading-title elementor-size-default\">Una immersi\u00f3 cultural fascinant<\/h2>\t\t<\/div>\n\t\t\t\t<\/div>\n\t\t\t\t<div class=\"elementor-element elementor-element-abb144b elementor-widget elementor-widget-text-editor\" data-id=\"abb144b\" data-element_type=\"widget\" data-widget_type=\"text-editor.default\">\n\t\t\t\t<div class=\"elementor-widget-container\">\n\t\t\t\t\t\t\t<p>\n            <span style=\"font-weight: 400;\">The Splendors of China transforma Ceret en un santuari llumin\u00f3s amb m\u00e9s de 2600 fanals centellejants, actuacions tradicionals xineses i un aut\u00e8ntic mercat artesanal. Cada nit promet una immersi\u00f3 total en la cultura xinesa.<\/span>\n          <\/p>\n\t\t\t\t\t\t<\/div>\n\t\t\t\t<\/div>\n\t\t\t\t<div class=\"elementor-element elementor-element-88d25a2 elementor-widget elementor-widget-image\" data-id=\"88d25a2\" data-element_type=\"widget\" data-widget_type=\"image.default\">\n\t\t\t\t<div class=\"elementor-widget-container\">\n\t\t\t\t\t\t\t\t\t\t\t\t\t<img fetchpriority=\"high\" decoding=\"async\" width=\"800\" height=\"600\" src=\"https:\/\/maspicagnol.com\/wp-content\/uploads\/2024\/08\/splendeurs-de-chine-lanternes-2024-16.webp\" class=\"attachment-large size-large wp-image-67028\" alt=\"Mas Picagnol h\u00e9bergement g\u00eete perpignan\" srcset=\"https:\/\/maspicagnol.com\/wp-content\/uploads\/2024\/08\/splendeurs-de-chine-lanternes-2024-16.webp 1400w, https:\/\/maspicagnol.com\/wp-content\/uploads\/2024\/08\/splendeurs-de-chine-lanternes-2024-16-300x225.webp 300w, https:\/\/maspicagnol.com\/wp-content\/uploads\/2024\/08\/splendeurs-de-chine-lanternes-2024-16-768x576.webp 768w, https:\/\/maspicagnol.com\/wp-content\/uploads\/2024\/08\/splendeurs-de-chine-lanternes-2024-16-600x450.webp 600w\" sizes=\"(max-width: 800px) 100vw, 800px\" \/>\t\t\t\t\t\t\t\t\t\t\t\t\t<\/div>\n\t\t\t\t<\/div>\n\t\t\t\t<div class=\"elementor-element elementor-element-02970ce elementor-widget elementor-widget-heading\" data-id=\"02970ce\" data-element_type=\"widget\" data-widget_type=\"heading.default\">\n\t\t\t\t<div class=\"elementor-widget-container\">\n\t\t\t<h2 class=\"elementor-heading-title elementor-size-default\">  Per qu\u00e8 triar Mas Picagnol?<\/h2>\t\t<\/div>\n\t\t\t\t<\/div>\n\t\t\t\t<div class=\"elementor-element elementor-element-a35fcea elementor-widget elementor-widget-text-editor\" data-id=\"a35fcea\" data-element_type=\"widget\" data-widget_type=\"text-editor.default\">\n\t\t\t\t<div class=\"elementor-widget-container\">\n\t\t\t\t\t\t\t<p>\n            <span style=\"font-weight: 400;\">Allotjant-te a Mas Picagnol, gaudir\u00e0s d&#8217;un allotjament confortable i a pocs minuts d&#8217;aquest esdeveniment cultural excepcional. Despr\u00e9s d&#8217;un dia de meravella, o abans d&#8217;assistir a aquest esdeveniment, podr\u00e0s relaxar-te en el nostre entorn tranquil amb total serenitat.  <\/span>\n          <\/p>\n\t\t\t\t\t\t<\/div>\n\t\t\t\t<\/div>\n\t\t\t\t<div class=\"elementor-element elementor-element-74ad3aa elementor-widget elementor-widget-image\" data-id=\"74ad3aa\" data-element_type=\"widget\" data-widget_type=\"image.default\">\n\t\t\t\t<div class=\"elementor-widget-container\">\n\t\t\t\t\t\t\t\t\t\t\t\t\t<img decoding=\"async\" width=\"800\" height=\"599\" src=\"https:\/\/maspicagnol.com\/wp-content\/uploads\/2024\/08\/Splendeurs-de-Chine2-1024x768-1.webp\" class=\"attachment-large size-large wp-image-67048\" alt=\"Mas Picagnol g\u00eete mariage 66\" srcset=\"https:\/\/maspicagnol.com\/wp-content\/uploads\/2024\/08\/Splendeurs-de-Chine2-1024x768-1.webp 1024w, https:\/\/maspicagnol.com\/wp-content\/uploads\/2024\/08\/Splendeurs-de-Chine2-1024x768-1-300x225.webp 300w, https:\/\/maspicagnol.com\/wp-content\/uploads\/2024\/08\/Splendeurs-de-Chine2-1024x768-1-768x575.webp 768w, https:\/\/maspicagnol.com\/wp-content\/uploads\/2024\/08\/Splendeurs-de-Chine2-1024x768-1-600x449.webp 600w\" sizes=\"(max-width: 800px) 100vw, 800px\" \/>\t\t\t\t\t\t\t\t\t\t\t\t\t<\/div>\n\t\t\t\t<\/div>\n\t\t\t\t<div class=\"elementor-element elementor-element-4770403 elementor-widget elementor-widget-text-editor\" data-id=\"4770403\" data-element_type=\"widget\" data-widget_type=\"text-editor.default\">\n\t\t\t\t<div class=\"elementor-widget-container\">\n\t\t\t\t\t\t\t<p><span style=\"font-weight: 400;\">En conclusi\u00f3, no et<\/span><span style=\"font-weight: 400;\">perdis aquesta oportunitat \u00fanica de combinar relax i cultura allotjant-te a Mas Picagnol.<\/span><\/p>\n<p>\n            <span style=\"font-weight: 400;\">  Reserva ara per garantir les teves entrades a l&#8217;Esplendor de la Xina i gaudeix d&#8217;una experi\u00e8ncia inoblidable a Ceret.<\/span>\n          <\/p>\n\t\t\t\t\t\t<\/div>\n\t\t\t\t<\/div>\n\t\t\t\t\t<\/div>\n\t\t\t\t<\/div>\n\t\t\t\t<\/div>\n\t\t","protected":false},"excerpt":{"rendered":"<p>Descobreix la cultura xinesa amb Mas Picagnol Del 15 de novembre de 2024 al 16 de febrer de 2025, submergeix-te en el m\u00f3n m\u00e0gic de les Esplendors de la Xina a C\u00e9ret, un esdeveniment \u00fanic que se celebrar\u00e0 al Parc du Ch\u00e2teau d&#8217;Aubiry. En reservar a Mas Picagnol, beneficia&#8217;t de dues entrades gratu\u00eftes per a [&hellip;]<\/p>\n","protected":false},"author":2,"featured_media":0,"parent":67004,"menu_order":0,"comment_status":"closed","ping_status":"closed","template":"","meta":{"om_disable_all_campaigns":false,"_monsterinsights_skip_tracking":false,"_monsterinsights_sitenote_active":false,"_monsterinsights_sitenote_note":"","_monsterinsights_sitenote_category":0,"_uf_show_specific_survey":0,"_uf_disable_surveys":false,"footnotes":""},"folder":[],"class_list":["post-107644","page","type-page","status-publish","hentry"],"aioseo_notices":[],"_links":{"self":[{"href":"https:\/\/maspicagnol.com\/ca\/wp-json\/wp\/v2\/pages\/107644","targetHints":{"allow":["GET"]}}],"collection":[{"href":"https:\/\/maspicagnol.com\/ca\/wp-json\/wp\/v2\/pages"}],"about":[{"href":"https:\/\/maspicagnol.com\/ca\/wp-json\/wp\/v2\/types\/page"}],"author":[{"embeddable":true,"href":"https:\/\/maspicagnol.com\/ca\/wp-json\/wp\/v2\/users\/2"}],"replies":[{"embeddable":true,"href":"https:\/\/maspicagnol.com\/ca\/wp-json\/wp\/v2\/comments?post=107644"}],"version-history":[{"count":2,"href":"https:\/\/maspicagnol.com\/ca\/wp-json\/wp\/v2\/pages\/107644\/revisions"}],"predecessor-version":[{"id":166147,"href":"https:\/\/maspicagnol.com\/ca\/wp-json\/wp\/v2\/pages\/107644\/revisions\/166147"}],"up":[{"embeddable":true,"href":"https:\/\/maspicagnol.com\/ca\/wp-json\/wp\/v2\/pages\/67004"}],"wp:attachment":[{"href":"https:\/\/maspicagnol.com\/ca\/wp-json\/wp\/v2\/media?parent=107644"}],"wp:term":[{"taxonomy":"folder","embeddable":true,"href":"https:\/\/maspicagnol.com\/ca\/wp-json\/wp\/v2\/folder?post=107644"}],"curies":[{"name":"wp","href":"https:\/\/api.w.org\/{rel}","templated":true}]}}